{"id":3517,"date":"2025-02-10T13:35:06","date_gmt":"2025-02-10T12:35:06","guid":{"rendered":"https:\/\/texsilk.eu\/?page_id=3517"},"modified":"2025-03-03T12:00:30","modified_gmt":"2025-03-03T11:00:30","slug":"blankets","status":"publish","type":"page","link":"https:\/\/texsilk.eu\/es\/blankets\/","title":{"rendered":"Mantas"},"content":{"rendered":"<div data-elementor-type=\"wp-page\" data-elementor-id=\"3517\" class=\"elementor elementor-3517\" data-elementor-post-type=\"page\">\n\t\t\t\t<div class=\"elementor-element elementor-element-b190b78 e-flex e-con-boxed e-con e-parent\" data-id=\"b190b78\" data-element_type=\"container\" data-e-type=\"container\" data-settings=\"{&quot;background_background&quot;:&quot;classic&quot;}\">\n\t\t\t\t\t<div class=\"e-con-inner\">\n\t\t\t\t<div class=\"elementor-element elementor-element-b6c49da elementor-widget elementor-widget-heading\" data-id=\"b6c49da\" data-element_type=\"widget\" data-e-type=\"widget\" data-widget_type=\"heading.default\">\n\t\t\t\t<div class=\"elementor-widget-container\">\n\t\t\t\t\t<h2 class=\"elementor-heading-title elementor-size-default\">Mantas para exterior<\/h2>\t\t\t\t<\/div>\n\t\t\t\t<\/div>\n\t\t\t\t\t<\/div>\n\t\t\t\t<\/div>\n\t\t<div class=\"elementor-element elementor-element-ddece65 e-flex e-con-boxed e-con e-parent\" data-id=\"ddece65\" data-element_type=\"container\" data-e-type=\"container\" data-settings=\"{&quot;background_background&quot;:&quot;classic&quot;}\">\n\t\t\t\t\t<div class=\"e-con-inner\">\n\t\t<div class=\"elementor-element elementor-element-6d6c41a e-flex e-con-boxed e-con e-child\" data-id=\"6d6c41a\" data-element_type=\"container\" data-e-type=\"container\">\n\t\t\t\t\t<div class=\"e-con-inner\">\n\t\t\t\t<div class=\"elementor-element elementor-element-abb9f43 elementor-widget__width-inherit elementor-widget-mobile__width-inherit elementor-widget elementor-widget-text-editor\" data-id=\"abb9f43\" data-element_type=\"widget\" data-e-type=\"widget\" data-widget_type=\"text-editor.default\">\n\t\t\t\t<div class=\"elementor-widget-container\">\n\t\t\t\t\t\t\t\t\t<div class=\"page\" title=\"Page 8\"><div class=\"section\"><div class=\"layoutArea\"><div class=\"column\"><p class=\"p1\"><strong>Texsilk presenta la primera manta dise\u00f1ada <br \/>especialmente para exteriores. Esta manta de <br \/>punto est\u00e1 fabricada con los mismos hilos de alta calidad para exteriores que producimos en nuestra planta de Barcelona y que ya se utilizan en los tejidos Texsilk.<\/strong><\/p><p class=\"p1\"><strong>Es suave, c\u00e1lida y no se ve afectada por las condiciones exteriores como la lluvia o la alta humedad.<\/strong><\/p><\/div><\/div><\/div><\/div>\t\t\t\t\t\t\t\t<\/div>\n\t\t\t\t<\/div>\n\t\t\t\t<div class=\"elementor-element elementor-element-bb6b86f elementor-widget elementor-widget-image\" data-id=\"bb6b86f\" data-element_type=\"widget\" data-e-type=\"widget\" data-widget_type=\"image.default\">\n\t\t\t\t<div class=\"elementor-widget-container\">\n\t\t\t\t\t\t\t\t\t\t\t\t\t\t\t<img fetchpriority=\"high\" decoding=\"async\" width=\"511\" height=\"389\" src=\"https:\/\/texsilk.eu\/wp-content\/uploads\/2025\/02\/blanket1-511x389.jpg\" class=\"attachment-large size-large wp-image-3521\" alt=\"\" srcset=\"https:\/\/texsilk.eu\/wp-content\/uploads\/2025\/02\/blanket1-511x389.jpg 511w, https:\/\/texsilk.eu\/wp-content\/uploads\/2025\/02\/blanket1-358x272.jpg 358w, https:\/\/texsilk.eu\/wp-content\/uploads\/2025\/02\/blanket1-16x12.jpg 16w, https:\/\/texsilk.eu\/wp-content\/uploads\/2025\/02\/blanket1.jpg 740w\" sizes=\"(max-width: 511px) 100vw, 511px\" \/>\t\t\t\t\t\t\t\t\t\t\t\t\t\t\t<\/div>\n\t\t\t\t<\/div>\n\t\t\t\t\t<\/div>\n\t\t\t\t<\/div>\n\t\t<div class=\"elementor-element elementor-element-a2e538d e-flex e-con-boxed e-con e-child\" data-id=\"a2e538d\" data-element_type=\"container\" data-e-type=\"container\">\n\t\t\t\t\t<div class=\"e-con-inner\">\n\t\t\t\t<div class=\"elementor-element elementor-element-6a71c6a elementor-widget__width-inherit elementor-widget elementor-widget-heading\" data-id=\"6a71c6a\" data-element_type=\"widget\" data-e-type=\"widget\" data-widget_type=\"heading.default\">\n\t\t\t\t<div class=\"elementor-widget-container\">\n\t\t\t\t\t<h2 class=\"elementor-heading-title elementor-size-default\">Beneficios clave<\/h2>\t\t\t\t<\/div>\n\t\t\t\t<\/div>\n\t\t\t\t<div class=\"elementor-element elementor-element-cdf4140 elementor-widget__width-inherit elementor-widget-mobile__width-inherit elementor-widget elementor-widget-text-editor\" data-id=\"cdf4140\" data-element_type=\"widget\" data-e-type=\"widget\" data-widget_type=\"text-editor.default\">\n\t\t\t\t<div class=\"elementor-widget-container\">\n\t\t\t\t\t\t\t\t\t<div class=\"page\" title=\"Page 8\"><div class=\"section\"><div class=\"layoutArea\"><div class=\"column\"><div class=\"page\" title=\"Page 8\"><div class=\"section\"><div class=\"layoutArea\"><div class=\"column\"><p class=\"p1\"><b>Esta manta es ideal para su uso en exteriores gracias a su excepcional resistencia a la intemperie y durabilidad. Ofrece una experiencia c\u00e1lida y confortable, ya que la Olefina, su material principal, tiene la menor conductividad t\u00e9rmica de todas las fibras sint\u00e9ticas, lo que garantiza una excelente retenci\u00f3n del calor.<\/b><\/p><\/div><\/div><\/div><\/div><\/div><\/div><\/div><\/div>\t\t\t\t\t\t\t\t<\/div>\n\t\t\t\t<\/div>\n\t\t\t\t<div class=\"elementor-element elementor-element-b670e63 elementor-widget__width-inherit elementor-widget elementor-widget-heading\" data-id=\"b670e63\" data-element_type=\"widget\" data-e-type=\"widget\" data-widget_type=\"heading.default\">\n\t\t\t\t<div class=\"elementor-widget-container\">\n\t\t\t\t\t<h2 class=\"elementor-heading-title elementor-size-default\">Propiedades<\/h2>\t\t\t\t<\/div>\n\t\t\t\t<\/div>\n\t\t\t\t<div class=\"elementor-element elementor-element-6e5d609 elementor-widget__width-inherit elementor-widget-mobile__width-inherit elementor-widget elementor-widget-text-editor\" data-id=\"6e5d609\" data-element_type=\"widget\" data-e-type=\"widget\" data-widget_type=\"text-editor.default\">\n\t\t\t\t<div class=\"elementor-widget-container\">\n\t\t\t\t\t\t\t\t\t<div class=\"page\" title=\"Page 8\"><div class=\"section\"><div class=\"layoutArea\"><div class=\"column\"><div class=\"page\" title=\"Page 8\"><div class=\"section\"><div class=\"layoutArea\"><div class=\"column\"><p class=\"p1\">\u2022 Resistente a la intemperie: Hilo hidrof\u00f3bico (no se da\u00f1a con el agua o la alta humedad). Fabricado con el mismo hilo que nuestros tejidos TEXSILK<br \/>\u2022 Alta solidez del color frente al sol y la luz UV<br \/>\u2022 Alta resistencia qu\u00edmica: Se puede desinfectar con cualquier producto qu\u00edmico, incluido la lej\u00eda<br \/>\u2022 Resistencia natural a las manchas y f\u00e1cil de mantener<br \/>\u2022 Bajo consumo de agua en el lavado (material hidrof\u00f3bico que no absorbe agua)<br \/>\u2022 Secado r\u00e1pido<br \/>\u2022 Sin \"pilling\" (fabricado con filamentos continuos)<br \/>\u2022 Certificado Oeko-Tex Clase 1<br \/>\u2022 Libre de PFAS y 100% reciclable<\/p><\/div><\/div><\/div><\/div><\/div><\/div><\/div><\/div>\t\t\t\t\t\t\t\t<\/div>\n\t\t\t\t<\/div>\n\t\t\t\t\t<\/div>\n\t\t\t\t<\/div>\n\t\t\t\t\t<\/div>\n\t\t\t\t<\/div>\n\t\t<div class=\"elementor-element elementor-element-0b63e85 e-flex e-con-boxed e-con e-parent\" data-id=\"0b63e85\" data-element_type=\"container\" data-e-type=\"container\" data-settings=\"{&quot;background_background&quot;:&quot;classic&quot;}\">\n\t\t\t\t\t<div class=\"e-con-inner\">\n\t\t<div class=\"elementor-element elementor-element-6222641 e-flex e-con-boxed e-con e-child\" data-id=\"6222641\" data-element_type=\"container\" data-e-type=\"container\">\n\t\t\t\t\t<div class=\"e-con-inner\">\n\t\t\t\t<div class=\"elementor-element elementor-element-6a48d40 elementor-widget__width-inherit elementor-widget elementor-widget-heading\" data-id=\"6a48d40\" data-element_type=\"widget\" data-e-type=\"widget\" data-widget_type=\"heading.default\">\n\t\t\t\t<div class=\"elementor-widget-container\">\n\t\t\t\t\t<h2 class=\"elementor-heading-title elementor-size-default\">Dise\u00f1ada para el sector de la hosteler\u00eda y espacios al aire libre<\/h2>\t\t\t\t<\/div>\n\t\t\t\t<\/div>\n\t\t\t\t<div class=\"elementor-element elementor-element-4236c09 elementor-widget__width-inherit elementor-widget-mobile__width-inherit elementor-widget elementor-widget-text-editor\" data-id=\"4236c09\" data-element_type=\"widget\" data-e-type=\"widget\" data-widget_type=\"text-editor.default\">\n\t\t\t\t<div class=\"elementor-widget-container\">\n\t\t\t\t\t\t\t\t\t<div class=\"page\" title=\"Page 8\"><div class=\"section\"><div class=\"layoutArea\"><div class=\"column\"><p class=\"p1\">Esta manta ha sido creada especialmente para establecimientos de hosteler\u00eda como hoteles, restaurantes y cafeter\u00edas que desean ofrecer el m\u00e1ximo confort a sus clientes en terrazas y zonas exteriores. Gracias a su gran resistencia a la intemperie, la exposici\u00f3n solar y la humedad, es la opci\u00f3n perfecta para un uso profesional, manteni\u00e9ndose en perfectas condiciones incluso con un uso frecuente.<\/p><p class=\"p1\">Adem\u00e1s, su opci\u00f3n de personalizaci\u00f3n con el nombre o logotipo del establecimiento permite reforzar la identidad de marca y ofrecer una experiencia acogedora y exclusiva. Su f\u00e1cil limpieza y mantenimiento la convierten en una soluci\u00f3n pr\u00e1ctica y eficiente para negocios de hosteler\u00eda que buscan calidad, durabilidad y estilo en sus espacios al aire libre.<\/p><\/div><\/div><\/div><\/div>\t\t\t\t\t\t\t\t<\/div>\n\t\t\t\t<\/div>\n\t\t\t\t\t<\/div>\n\t\t\t\t<\/div>\n\t\t<div class=\"elementor-element elementor-element-f1f52fb e-flex e-con-boxed e-con e-child\" data-id=\"f1f52fb\" data-element_type=\"container\" data-e-type=\"container\">\n\t\t\t\t\t<div class=\"e-con-inner\">\n\t\t\t\t<div class=\"elementor-element elementor-element-a64f463 elementor-widget elementor-widget-image\" data-id=\"a64f463\" data-element_type=\"widget\" data-e-type=\"widget\" data-widget_type=\"image.default\">\n\t\t\t\t<div class=\"elementor-widget-container\">\n\t\t\t\t\t\t\t\t\t\t\t\t\t\t\t<img decoding=\"async\" width=\"404\" height=\"389\" src=\"https:\/\/texsilk.eu\/wp-content\/uploads\/2025\/02\/blanket3-404x389.jpg\" class=\"attachment-large size-large wp-image-3982\" alt=\"\" srcset=\"https:\/\/texsilk.eu\/wp-content\/uploads\/2025\/02\/blanket3-404x389.jpg 404w, https:\/\/texsilk.eu\/wp-content\/uploads\/2025\/02\/blanket3-283x272.jpg 283w, https:\/\/texsilk.eu\/wp-content\/uploads\/2025\/02\/blanket3-12x12.jpg 12w, https:\/\/texsilk.eu\/wp-content\/uploads\/2025\/02\/blanket3.jpg 740w\" sizes=\"(max-width: 404px) 100vw, 404px\" \/>\t\t\t\t\t\t\t\t\t\t\t\t\t\t\t<\/div>\n\t\t\t\t<\/div>\n\t\t\t\t\t<\/div>\n\t\t\t\t<\/div>\n\t\t\t\t\t<\/div>\n\t\t\t\t<\/div>\n\t\t<div class=\"elementor-element elementor-element-f8ff363 e-flex e-con-boxed e-con e-parent\" data-id=\"f8ff363\" data-element_type=\"container\" data-e-type=\"container\" data-settings=\"{&quot;background_background&quot;:&quot;classic&quot;}\">\n\t\t\t\t\t<div class=\"e-con-inner\">\n\t\t\t\t<div class=\"elementor-element elementor-element-7a9b281 elementor-widget elementor-widget-image\" data-id=\"7a9b281\" data-element_type=\"widget\" data-e-type=\"widget\" data-widget_type=\"image.default\">\n\t\t\t\t<div class=\"elementor-widget-container\">\n\t\t\t\t\t\t\t\t\t\t\t\t\t\t\t<img decoding=\"async\" src=\"https:\/\/texsilk.eu\/wp-content\/uploads\/elementor\/thumbs\/Blanket_collection-r1aub7aj5z5ui1bzmn1eahehrt3uz7olyhnq2extki.jpg\" title=\"Blanket_collection\" alt=\"Blanket_collection\" loading=\"lazy\" \/>\t\t\t\t\t\t\t\t\t\t\t\t\t\t\t<\/div>\n\t\t\t\t<\/div>\n\t\t\t\t<div class=\"elementor-element elementor-element-a675e53 elementor-widget__width-inherit elementor-widget elementor-widget-heading\" data-id=\"a675e53\" data-element_type=\"widget\" data-e-type=\"widget\" data-widget_type=\"heading.default\">\n\t\t\t\t<div class=\"elementor-widget-container\">\n\t\t\t\t\t<h2 class=\"elementor-heading-title elementor-size-default\">Colecciones mantas<\/h2>\t\t\t\t<\/div>\n\t\t\t\t<\/div>\n\t\t\t\t\t<\/div>\n\t\t\t\t<\/div>\n\t\t<div class=\"elementor-element elementor-element-20a6fb9 e-flex e-con-boxed e-con e-parent\" data-id=\"20a6fb9\" data-element_type=\"container\" data-e-type=\"container\" data-settings=\"{&quot;background_background&quot;:&quot;classic&quot;}\">\n\t\t\t\t\t<div class=\"e-con-inner\">\n\t\t<div class=\"elementor-element elementor-element-e8625f1 e-flex e-con-boxed e-con e-child\" data-id=\"e8625f1\" data-element_type=\"container\" data-e-type=\"container\">\n\t\t\t\t\t<div class=\"e-con-inner\">\n\t\t\t\t<div class=\"elementor-element elementor-element-7ea7744 elementor-widget__width-initial elementor-widget-mobile__width-inherit elementor-widget elementor-widget-heading\" data-id=\"7ea7744\" data-element_type=\"widget\" data-e-type=\"widget\" data-widget_type=\"heading.default\">\n\t\t\t\t<div class=\"elementor-widget-container\">\n\t\t\t\t\t<h2 class=\"elementor-heading-title elementor-size-default\">Especificaciones t\u00e9cnicas<\/h2>\t\t\t\t<\/div>\n\t\t\t\t<\/div>\n\t\t\t\t<div class=\"elementor-element elementor-element-f234cd5 elementor-widget__width-initial elementor-widget-mobile__width-inherit elementor-widget elementor-widget-text-editor\" data-id=\"f234cd5\" data-element_type=\"widget\" data-e-type=\"widget\" data-widget_type=\"text-editor.default\">\n\t\t\t\t<div class=\"elementor-widget-container\">\n\t\t\t\t\t\t\t\t\t<div class=\"page\" title=\"Page 8\"><div class=\"section\"><div class=\"layoutArea\"><div class=\"column\"><ul><li>Composici\u00f3n: Olefina te\u00f1ida en soluci\u00f3n<\/li><li><p class=\"p1\">Tipo de tejido: Punto<\/p><\/li><li><p class=\"p1\">Peso: 850 g\/unidad<\/p><\/li><li><p class=\"p1\">Tama\u00f1o de la manta: 1,10 x 1,70 m<\/p><\/li><li><p class=\"p1\">Lavable con lej\u00eda: S\u00ed<\/p><\/li><li><p class=\"p1\">Temperatura de lavado: M\u00e1ximo 40 grados<\/p><\/li><\/ul><\/div><\/div><\/div><\/div>\t\t\t\t\t\t\t\t<\/div>\n\t\t\t\t<\/div>\n\t\t\t\t\t<\/div>\n\t\t\t\t<\/div>\n\t\t<div class=\"elementor-element elementor-element-86a05e6 e-flex e-con-boxed e-con e-child\" data-id=\"86a05e6\" data-element_type=\"container\" data-e-type=\"container\">\n\t\t\t\t\t<div class=\"e-con-inner\">\n\t\t\t\t<div class=\"elementor-element elementor-element-20d72ae elementor-widget__width-initial elementor-widget-mobile__width-inherit elementor-widget elementor-widget-heading\" data-id=\"20d72ae\" data-element_type=\"widget\" data-e-type=\"widget\" data-widget_type=\"heading.default\">\n\t\t\t\t<div class=\"elementor-widget-container\">\n\t\t\t\t\t<h2 class=\"elementor-heading-title elementor-size-default\">Instrucciones de cuidado y recomendaciones de Texsilk<\/h2>\t\t\t\t<\/div>\n\t\t\t\t<\/div>\n\t\t\t\t<div class=\"elementor-element elementor-element-94c5148 elementor-widget__width-initial elementor-widget-mobile__width-inherit elementor-widget elementor-widget-text-editor\" data-id=\"94c5148\" data-element_type=\"widget\" data-e-type=\"widget\" data-widget_type=\"text-editor.default\">\n\t\t\t\t<div class=\"elementor-widget-container\">\n\t\t\t\t\t\t\t\t\t<div class=\"page\" title=\"Page 8\"><div class=\"section\"><div class=\"layoutArea\"><div class=\"column\"><p class=\"p1\"><b>\u2022 Dejar secar completamente<br \/><\/b><b>\u2022 Guardarlo protegido de las inclemencias del tiempo<br \/><\/b><b>\u2022 No se deber\u00eda colocar cerca de superficies reflectantes o elementos de calefacci\u00f3n<\/b><\/p><\/div><\/div><\/div><\/div>\t\t\t\t\t\t\t\t<\/div>\n\t\t\t\t<\/div>\n\t\t\t\t<div class=\"elementor-element elementor-element-aaa375c elementor-widget elementor-widget-image\" data-id=\"aaa375c\" data-element_type=\"widget\" data-e-type=\"widget\" data-widget_type=\"image.default\">\n\t\t\t\t<div class=\"elementor-widget-container\">\n\t\t\t\t\t\t\t\t\t\t\t\t\t\t\t<img decoding=\"async\" width=\"261\" height=\"34\" src=\"https:\/\/texsilk.eu\/wp-content\/uploads\/2025\/02\/Blankets_simbols.png\" class=\"attachment-large size-large wp-image-3526\" alt=\"\" srcset=\"https:\/\/texsilk.eu\/wp-content\/uploads\/2025\/02\/Blankets_simbols.png 261w, https:\/\/texsilk.eu\/wp-content\/uploads\/2025\/02\/Blankets_simbols-18x2.png 18w\" sizes=\"(max-width: 261px) 100vw, 261px\" \/>\t\t\t\t\t\t\t\t\t\t\t\t\t\t\t<\/div>\n\t\t\t\t<\/div>\n\t\t\t\t\t<\/div>\n\t\t\t\t<\/div>\n\t\t\t\t\t<\/div>\n\t\t\t\t<\/div>\n\t\t<div class=\"elementor-element elementor-element-6349645 e-flex e-con-boxed e-con e-parent\" data-id=\"6349645\" data-element_type=\"container\" data-e-type=\"container\">\n\t\t\t\t\t<div class=\"e-con-inner\">\n\t\t\t\t<div class=\"elementor-element elementor-element-35d6f1b elementor-widget__width-initial elementor-widget-mobile__width-initial elementor-widget elementor-widget-image\" data-id=\"35d6f1b\" data-element_type=\"widget\" data-e-type=\"widget\" data-widget_type=\"image.default\">\n\t\t\t\t<div class=\"elementor-widget-container\">\n\t\t\t\t\t\t\t\t\t\t\t\t\t\t\t<img loading=\"lazy\" decoding=\"async\" width=\"194\" height=\"113\" src=\"https:\/\/texsilk.eu\/wp-content\/uploads\/2025\/02\/Logo_blankets.jpg\" class=\"attachment-full size-full wp-image-3527\" alt=\"\" srcset=\"https:\/\/texsilk.eu\/wp-content\/uploads\/2025\/02\/Logo_blankets.jpg 194w, https:\/\/texsilk.eu\/wp-content\/uploads\/2025\/02\/Logo_blankets-18x10.jpg 18w\" sizes=\"(max-width: 194px) 100vw, 194px\" \/>\t\t\t\t\t\t\t\t\t\t\t\t\t\t\t<\/div>\n\t\t\t\t<\/div>\n\t\t\t\t<div class=\"elementor-element elementor-element-e468137 elementor-widget__width-initial elementor-widget-mobile__width-inherit elementor-widget elementor-widget-image\" data-id=\"e468137\" data-element_type=\"widget\" data-e-type=\"widget\" data-widget_type=\"image.default\">\n\t\t\t\t<div class=\"elementor-widget-container\">\n\t\t\t\t\t\t\t\t\t\t\t\t\t\t\t<img loading=\"lazy\" decoding=\"async\" width=\"868\" height=\"92\" src=\"https:\/\/texsilk.eu\/wp-content\/uploads\/2025\/02\/logos_blankets.jpg\" class=\"attachment-full size-full wp-image-3528\" alt=\"\" srcset=\"https:\/\/texsilk.eu\/wp-content\/uploads\/2025\/02\/logos_blankets.jpg 868w, https:\/\/texsilk.eu\/wp-content\/uploads\/2025\/02\/logos_blankets-433x46.jpg 433w, https:\/\/texsilk.eu\/wp-content\/uploads\/2025\/02\/logos_blankets-600x64.jpg 600w, https:\/\/texsilk.eu\/wp-content\/uploads\/2025\/02\/logos_blankets-768x81.jpg 768w, https:\/\/texsilk.eu\/wp-content\/uploads\/2025\/02\/logos_blankets-18x2.jpg 18w\" sizes=\"(max-width: 868px) 100vw, 868px\" \/>\t\t\t\t\t\t\t\t\t\t\t\t\t\t\t<\/div>\n\t\t\t\t<\/div>\n\t\t\t\t\t<\/div>\n\t\t\t\t<\/div>\n\t\t\t\t<\/div>","protected":false},"excerpt":{"rendered":"<p>Outdoor blankets Texsilk presents the first blanket made specially for outdoors. This knitted blanket is made from the same exceptional outdoor yarns produced in our plant in Barcelona already used in our Texsilk woven fabrics. It is soft, warm and not damaged by the outdoor environment like rain or high humidity. Key benefits This blanket [&hellip;]<\/p>\n","protected":false},"author":3,"featured_media":0,"parent":0,"menu_order":0,"comment_status":"closed","ping_status":"closed","template":"","meta":{"footnotes":""},"class_list":["post-3517","page","type-page","status-publish","hentry"],"_links":{"self":[{"href":"https:\/\/texsilk.eu\/es\/wp-json\/wp\/v2\/pages\/3517","targetHints":{"allow":["GET"]}}],"collection":[{"href":"https:\/\/texsilk.eu\/es\/wp-json\/wp\/v2\/pages"}],"about":[{"href":"https:\/\/texsilk.eu\/es\/wp-json\/wp\/v2\/types\/page"}],"author":[{"embeddable":true,"href":"https:\/\/texsilk.eu\/es\/wp-json\/wp\/v2\/users\/3"}],"replies":[{"embeddable":true,"href":"https:\/\/texsilk.eu\/es\/wp-json\/wp\/v2\/comments?post=3517"}],"version-history":[{"count":85,"href":"https:\/\/texsilk.eu\/es\/wp-json\/wp\/v2\/pages\/3517\/revisions"}],"predecessor-version":[{"id":4021,"href":"https:\/\/texsilk.eu\/es\/wp-json\/wp\/v2\/pages\/3517\/revisions\/4021"}],"wp:attachment":[{"href":"https:\/\/texsilk.eu\/es\/wp-json\/wp\/v2\/media?parent=3517"}],"curies":[{"name":"wp","href":"https:\/\/api.w.org\/{rel}","templated":true}]}}