{"id":3,"date":"2022-10-03T09:38:53","date_gmt":"2022-10-03T09:38:53","guid":{"rendered":"https:\/\/texsilk.eu\/?page_id=3"},"modified":"2023-12-28T19:06:56","modified_gmt":"2023-12-28T18:06:56","slug":"privacy-policy","status":"publish","type":"page","link":"https:\/\/texsilk.eu\/es\/privacy-policy\/","title":{"rendered":"Pol\u00edtica de privacidad"},"content":{"rendered":"<div data-elementor-type=\"wp-page\" data-elementor-id=\"3\" class=\"elementor elementor-3\" data-elementor-post-type=\"page\">\n\t\t\t\t<div class=\"elementor-element elementor-element-22cc834 e-flex e-con-boxed e-con e-parent\" data-id=\"22cc834\" data-element_type=\"container\" data-e-type=\"container\">\n\t\t\t\t\t<div class=\"e-con-inner\">\n\t\t<div class=\"elementor-element elementor-element-dda1294 e-con-full e-flex e-con e-child\" data-id=\"dda1294\" data-element_type=\"container\" data-e-type=\"container\">\n\t\t\t\t<\/div>\n\t\t<div class=\"elementor-element elementor-element-7735948 e-con-full e-flex e-con e-child\" data-id=\"7735948\" data-element_type=\"container\" data-e-type=\"container\">\n\t\t\t\t<div class=\"elementor-element elementor-element-db3b508 elementor-widget elementor-widget-heading\" data-id=\"db3b508\" data-element_type=\"widget\" data-e-type=\"widget\" data-widget_type=\"heading.default\">\n\t\t\t\t<div class=\"elementor-widget-container\">\n\t\t\t\t\t<h2 class=\"elementor-heading-title elementor-size-default\">Pol\u00edtica de privacidad<\/h2>\t\t\t\t<\/div>\n\t\t\t\t<\/div>\n\t\t\t\t<\/div>\n\t\t<div class=\"elementor-element elementor-element-78571ba e-con-full elementor-hidden-mobile e-flex e-con e-child\" data-id=\"78571ba\" data-element_type=\"container\" data-e-type=\"container\">\n\t\t\t\t<\/div>\n\t\t\t\t\t<\/div>\n\t\t\t\t<\/div>\n\t\t<div class=\"elementor-element elementor-element-c4942e8 e-flex e-con-boxed e-con e-parent\" data-id=\"c4942e8\" data-element_type=\"container\" data-e-type=\"container\">\n\t\t\t\t\t<div class=\"e-con-inner\">\n\t\t\t\t<div class=\"elementor-element elementor-element-185cfc1 elementor-widget elementor-widget-text-editor\" data-id=\"185cfc1\" data-element_type=\"widget\" data-e-type=\"widget\" data-widget_type=\"text-editor.default\">\n\t\t\t\t<div class=\"elementor-widget-container\">\n\t\t\t\t\t\t\t\t\tEn TEXSILK, accesible desde https:\/\/TEXSILK.eu\/, una de nuestras principales prioridades es la privacidad de nuestros visitantes. Este documento de pol\u00edtica de privacidad contiene los tipos de informaci\u00f3n que se recopila, registra y se utiliza por TEXSILK. Si tienes preguntas adicionales o necesitas m\u00e1s informaci\u00f3n sobre nuestra pol\u00edtica de privacidad, no dudes en contactarnos.\n<h2>Archivos de registro<\/h2>\nTEXSILK sigue un procedimiento est\u00e1ndar de uso de archivos de registro. Estos archivos registran a los visitantes cuando visitan sitios web. Todas las empresas de alojamiento hacen esto como parte de la anal\u00edtica de servicios de alojamiento. La informaci\u00f3n recopilada por los archivos de registro incluye direcciones de protocolo de internet (IP), tipo de navegador, proveedor de servicios de internet (ISP), fecha y hora, p\u00e1ginas de referencia\/salida y posiblemente el n\u00famero de clics. Esta informaci\u00f3n no est\u00e1 vinculada a datos personales identificables. El prop\u00f3sito de la informaci\u00f3n es analizar tendencias, administrar el sitio, rastrear el movimiento de los usuarios en el sitio web y recopilar informaci\u00f3n demogr\u00e1fica. Nuestra pol\u00edtica de privacidad fue creada con la ayuda de un <a href=\"https:\/\/www.privacypolicygenerator.org\" target=\"_blank\" rel=\"noopener\">generador de pol\u00edticas de privacidad<\/a>.\n<h2>'Cookies' y balizas web<\/h2>\nComo cualquier otro sitio web, TEXSILK utiliza 'cookies'. Estas 'cookies' se utilizan para almacenar informaci\u00f3n, incluidas las preferencias de los visitantes y las p\u00e1ginas del sitio web que el visitante accedi\u00f3 o visit\u00f3. La informaci\u00f3n se utiliza para optimizar la experiencia de los usuarios personalizando el contenido de nuestra p\u00e1gina web seg\u00fan el tipo de navegador de los visitantes y\/o otra informaci\u00f3n.\n<h2>Pol\u00edticas de privacidad<\/h2>\nPuedes consultar esta lista para encontrar la pol\u00edtica de privacidad de cada uno de los socios publicitarios de TEXSILK. Los servidores de anuncios de terceros o redes de anuncios utilizan tecnolog\u00edas como 'cookies', JavaScript o balizas web que se utilizan en sus respectivos anuncios y enlaces que aparecen en TEXSILK, que se env\u00edan directamente al navegador de los usuarios. Autom\u00e1ticamente reciben tu direcci\u00f3n IP cuando esto ocurre. Estas tecnolog\u00edas se utilizan para medir la efectividad de sus campa\u00f1as publicitarias y\/o para personalizar el contenido publicitario que ves en los sitios web que visitas. Ten en cuenta que TEXSILK no tiene acceso ni control sobre estas 'cookies' que utilizan los anunciantes de terceros.\n<h2>Pol\u00edticas de privacidad de terceros<\/h2>\nLa pol\u00edtica de privacidad de TEXSILK no se aplica a otros anunciantes o sitios web. Por lo tanto, te aconsejamos consultar las respectivas pol\u00edticas de privacidad de estos servidores de anuncios de terceros para obtener informaci\u00f3n m\u00e1s detallada. Puedes incluir tus pr\u00e1cticas e instrucciones sobre c\u00f3mo optar por no participar en ciertas opciones. Puedes elegir deshabilitar las 'cookies' a trav\u00e9s de las opciones de tu navegador individual. Para conocer informaci\u00f3n m\u00e1s detallada sobre la gesti\u00f3n de 'cookies' con navegadores espec\u00edficos, se puede encontrar en los respectivos sitios web de los navegadores.\n<h2>Informaci\u00f3n de menores<\/h2>\nOtra de nuestras prioridades es a\u00f1adir protecci\u00f3n para los ni\u00f1os mientras utilizan internet. Animamos a padres, madres y tutores a observar, participar y\/o monitorear y guiar su actividad en l\u00ednea. TEXSILK no recopila intencionadamente ninguna informaci\u00f3n personal identificable de ni\u00f1os menores de 13 a\u00f1os. Si crees que tu hijo ha proporcionado este tipo de informaci\u00f3n en nuestro sitio web, te animamos a que te pongas en contacto con nosotros de inmediato y haremos lo posible para eliminar dicha informaci\u00f3n de nuestros registros.\n<h2>Pol\u00edtica de privacidad en l\u00ednea solamente<\/h2>\nEsta pol\u00edtica de privacidad se aplica solo a nuestras actividades en l\u00ednea y es v\u00e1lida para los visitantes de nuestro sitio web en relaci\u00f3n con la informaci\u00f3n que compartieron y\/o recopilaron en TEXSILK. Esta pol\u00edtica no es aplicable a ninguna informaci\u00f3n recopilada fuera de l\u00ednea o a trav\u00e9s de canales distintos a este sitio web.\n<h2>Consentimiento<\/h2>\nAl utilizar nuestro sitio web, aceptas nuestra pol\u00edtica de privacidad y est\u00e1s de acuerdo con sus t\u00e9rminos y condiciones.\t\t\t\t\t\t\t\t<\/div>\n\t\t\t\t<\/div>\n\t\t\t\t\t<\/div>\n\t\t\t\t<\/div>\n\t\t\t\t<\/div>","protected":false},"excerpt":{"rendered":"<p>Home Privacy policy At TexSilk, accessible from https:\/\/texsilk.eu\/, one of our main priorities is the privacy of our visitors. This Privacy Policy document contains types of information that is collected and recorded by TexSilk and how we use it. If you have additional questions or require more information about our Privacy Policy, do not hesitate [&hellip;]<\/p>\n","protected":false},"author":1,"featured_media":0,"parent":0,"menu_order":0,"comment_status":"closed","ping_status":"open","template":"","meta":{"footnotes":""},"class_list":["post-3","page","type-page","status-publish","hentry"],"_links":{"self":[{"href":"https:\/\/texsilk.eu\/es\/wp-json\/wp\/v2\/pages\/3","targetHints":{"allow":["GET"]}}],"collection":[{"href":"https:\/\/texsilk.eu\/es\/wp-json\/wp\/v2\/pages"}],"about":[{"href":"https:\/\/texsilk.eu\/es\/wp-json\/wp\/v2\/types\/page"}],"author":[{"embeddable":true,"href":"https:\/\/texsilk.eu\/es\/wp-json\/wp\/v2\/users\/1"}],"replies":[{"embeddable":true,"href":"https:\/\/texsilk.eu\/es\/wp-json\/wp\/v2\/comments?post=3"}],"version-history":[{"count":0,"href":"https:\/\/texsilk.eu\/es\/wp-json\/wp\/v2\/pages\/3\/revisions"}],"wp:attachment":[{"href":"https:\/\/texsilk.eu\/es\/wp-json\/wp\/v2\/media?parent=3"}],"curies":[{"name":"wp","href":"https:\/\/api.w.org\/{rel}","templated":true}]}}