{"id":2012,"date":"2023-10-13T13:46:51","date_gmt":"2023-10-13T11:46:51","guid":{"rendered":"https:\/\/texsilk.eu\/?page_id=2012"},"modified":"2025-02-19T16:45:11","modified_gmt":"2025-02-19T15:45:11","slug":"rugs","status":"publish","type":"page","link":"https:\/\/texsilk.eu\/es\/rugs\/","title":{"rendered":"Alfombras"},"content":{"rendered":"<div data-elementor-type=\"wp-page\" data-elementor-id=\"2012\" class=\"elementor elementor-2012\" data-elementor-post-type=\"page\">\n\t\t\t\t<div class=\"elementor-element elementor-element-b190b78 e-flex e-con-boxed e-con e-parent\" data-id=\"b190b78\" data-element_type=\"container\" data-e-type=\"container\" data-settings=\"{&quot;background_background&quot;:&quot;classic&quot;}\">\n\t\t\t\t\t<div class=\"e-con-inner\">\n\t\t\t\t<div class=\"elementor-element elementor-element-142f330 elementor-widget elementor-widget-heading\" data-id=\"142f330\" data-element_type=\"widget\" data-e-type=\"widget\" data-widget_type=\"heading.default\">\n\t\t\t\t<div class=\"elementor-widget-container\">\n\t\t\t\t\t<h2 class=\"elementor-heading-title elementor-size-default\">Alfombras para exterior e interior<\/h2>\t\t\t\t<\/div>\n\t\t\t\t<\/div>\n\t\t\t\t\t<\/div>\n\t\t\t\t<\/div>\n\t\t<div class=\"elementor-element elementor-element-dfb42ac e-flex e-con-boxed e-con e-parent\" data-id=\"dfb42ac\" data-element_type=\"container\" data-e-type=\"container\" data-settings=\"{&quot;background_background&quot;:&quot;classic&quot;}\">\n\t\t\t\t\t<div class=\"e-con-inner\">\n\t\t<div class=\"elementor-element elementor-element-ae88d0f e-flex e-con-boxed e-con e-child\" data-id=\"ae88d0f\" data-element_type=\"container\" data-e-type=\"container\">\n\t\t\t\t\t<div class=\"e-con-inner\">\n\t\t\t\t<div class=\"elementor-element elementor-element-0b80fb8 elementor-widget__width-inherit elementor-widget-mobile__width-inherit elementor-widget elementor-widget-text-editor\" data-id=\"0b80fb8\" data-element_type=\"widget\" data-e-type=\"widget\" data-widget_type=\"text-editor.default\">\n\t\t\t\t<div class=\"elementor-widget-container\">\n\t\t\t\t\t\t\t\t\t<div class=\"page\" title=\"Page 8\">\n<div class=\"section\">\n<div class=\"layoutArea\">\n<div class=\"column\">\n<p>Las alfombras TEXSILK est\u00e1n dise\u00f1adas meticulosamente para espacios exteriores e interiores. Son c\u00f3modas, muy suaves y combinan un rendimiento resistente para \u00e1reas de alto tr\u00e1fico y condiciones exteriores tanto para exteriores como para interiores.<\/p>\n<p>Beneficios clave<br>\u2022 Resistentes al sol, a la lluvia, al cloro y al uso intensivo<br><span style=\"color: var( --e-global-color-secondary ); text-align: var(--text-align);\">\u2022 Resistentes a las manchas y se limpian f\u00e1cilmente<br><\/span><span style=\"color: var( --e-global-color-secondary ); text-align: var(--text-align);\">\u2022 100 % reciclables<br><\/span><span style=\"color: var( --e-global-color-secondary ); text-align: var(--text-align);\">\u2022 Probadas rigurosamente para garantizar su seguridad y calidad<br><\/span><span style=\"color: var( --e-global-color-secondary ); text-align: var(--text-align);\">\u2022 Colores y tama\u00f1os personalizables<\/span><\/p>\n<\/div>\n<\/div>\n<\/div>\n<\/div>\t\t\t\t\t\t\t\t<\/div>\n\t\t\t\t<\/div>\n\t\t\t\t\t<\/div>\n\t\t\t\t<\/div>\n\t\t<div class=\"elementor-element elementor-element-60a660f e-flex e-con-boxed e-con e-child\" data-id=\"60a660f\" data-element_type=\"container\" data-e-type=\"container\">\n\t\t\t\t\t<div class=\"e-con-inner\">\n\t\t<div class=\"elementor-element elementor-element-2b66a57 e-flex e-con-boxed e-con e-child\" data-id=\"2b66a57\" data-element_type=\"container\" data-e-type=\"container\">\n\t\t\t\t\t<div class=\"e-con-inner\">\n\t\t<div class=\"elementor-element elementor-element-18ea011 e-con-full e-flex e-con e-child\" data-id=\"18ea011\" data-element_type=\"container\" data-e-type=\"container\">\n\t\t\t\t<div class=\"elementor-element elementor-element-7990dd6 elementor-widget__width-inherit elementor-widget elementor-widget-image\" data-id=\"7990dd6\" data-element_type=\"widget\" data-e-type=\"widget\" data-widget_type=\"image.default\">\n\t\t\t\t<div class=\"elementor-widget-container\">\n\t\t\t\t\t\t\t\t\t\t\t\t\t\t\t<img fetchpriority=\"high\" decoding=\"async\" width=\"286\" height=\"313\" src=\"https:\/\/texsilk.eu\/wp-content\/uploads\/2023\/10\/Rugs_catalogue.jpg\" class=\"attachment-full size-full wp-image-2335\" alt=\"\" srcset=\"https:\/\/texsilk.eu\/wp-content\/uploads\/2023\/10\/Rugs_catalogue.jpg 286w, https:\/\/texsilk.eu\/wp-content\/uploads\/2023\/10\/Rugs_catalogue-249x272.jpg 249w\" sizes=\"(max-width: 286px) 100vw, 286px\" \/>\t\t\t\t\t\t\t\t\t\t\t\t\t\t\t<\/div>\n\t\t\t\t<\/div>\n\t\t<a class=\"elementor-element elementor-element-c75d2b6 e-flex e-con-boxed e-con e-child\" data-id=\"c75d2b6\" data-element_type=\"container\" data-e-type=\"container\" data-settings=\"{&quot;background_background&quot;:&quot;classic&quot;}\" href=\"https:\/\/texsilk.eu\/wp-content\/uploads\/2023\/11\/Rugs-Catalog-Texsilk.pdf\" target=\"_blank\">\n\t\t\t\t\t<div class=\"e-con-inner\">\n\t\t\t\t<div class=\"elementor-element elementor-element-148bd9b elementor-widget elementor-widget-heading\" data-id=\"148bd9b\" data-element_type=\"widget\" data-e-type=\"widget\" data-widget_type=\"heading.default\">\n\t\t\t\t<div class=\"elementor-widget-container\">\n\t\t\t\t\t<span class=\"elementor-heading-title elementor-size-default\">Descargar el cat\u00e1logo<\/span>\t\t\t\t<\/div>\n\t\t\t\t<\/div>\n\t\t\t\t<div class=\"elementor-element elementor-element-504ff50 elementor-widget elementor-widget-image\" data-id=\"504ff50\" data-element_type=\"widget\" data-e-type=\"widget\" data-widget_type=\"image.default\">\n\t\t\t\t<div class=\"elementor-widget-container\">\n\t\t\t\t\t\t\t\t\t\t\t\t\t\t\t<img decoding=\"async\" width=\"23\" height=\"23\" src=\"https:\/\/texsilk.eu\/wp-content\/uploads\/2023\/11\/fletxa-avall-blanca.png\" class=\"attachment-large size-large wp-image-2946\" alt=\"\" \/>\t\t\t\t\t\t\t\t\t\t\t\t\t\t\t<\/div>\n\t\t\t\t<\/div>\n\t\t\t\t\t<\/div>\n\t\t\t\t<\/a>\n\t\t\t\t<\/div>\n\t\t\t\t\t<\/div>\n\t\t\t\t<\/div>\n\t\t\t\t\t<\/div>\n\t\t\t\t<\/div>\n\t\t\t\t\t<\/div>\n\t\t\t\t<\/div>\n\t\t<div class=\"elementor-element elementor-element-ddece65 e-flex e-con-boxed e-con e-parent\" data-id=\"ddece65\" data-element_type=\"container\" data-e-type=\"container\" data-settings=\"{&quot;background_background&quot;:&quot;classic&quot;}\">\n\t\t\t\t\t<div class=\"e-con-inner\">\n\t\t<div class=\"elementor-element elementor-element-6d6c41a e-flex e-con-boxed e-con e-child\" data-id=\"6d6c41a\" data-element_type=\"container\" data-e-type=\"container\">\n\t\t\t\t\t<div class=\"e-con-inner\">\n\t\t\t\t<div class=\"elementor-element elementor-element-717b09b elementor-widget__width-inherit elementor-widget elementor-widget-heading\" data-id=\"717b09b\" data-element_type=\"widget\" data-e-type=\"widget\" data-widget_type=\"heading.default\">\n\t\t\t\t<div class=\"elementor-widget-container\">\n\t\t\t\t\t<h2 class=\"elementor-heading-title elementor-size-default\">Alfombras que resisten a los elementos<\/h2>\t\t\t\t<\/div>\n\t\t\t\t<\/div>\n\t\t\t\t<div class=\"elementor-element elementor-element-abb9f43 elementor-widget__width-inherit elementor-widget-mobile__width-inherit elementor-widget elementor-widget-text-editor\" data-id=\"abb9f43\" data-element_type=\"widget\" data-e-type=\"widget\" data-widget_type=\"text-editor.default\">\n\t\t\t\t<div class=\"elementor-widget-container\">\n\t\t\t\t\t\t\t\t\t<div class=\"page\" title=\"Page 8\"><div class=\"section\"><div class=\"layoutArea\"><div class=\"column\"><p>Nuestras alfombras resisten las inclemencias del tiempo, el cloro y los rayos UV, manteniendo su belleza y suavidad durante a\u00f1os, para disfrurtarlas en patios, terrazas, cubiertas, porches, jardines, \u00e1reas de barbacoa y entornos interiores de alto tr\u00e1fico.<\/p><p>Elaboradas con hilos de polipropileno te\u00f1idos en soluci\u00f3n, las alfombras TEXSILK son resistentes al cloro, cosa que las permite estar en ambientes de piscina y patios que no soportar\u00edan alfombras de menos calidad. Los colores atrevidos permanecen intensos a pesar de la exposici\u00f3n constante al sol. Nuestros tejidos son resistentes a la lluvia, la nieve y la humedad.<\/p><p>Est\u00e1n sometidas a rigurosas pruebas de solidez del color y durabilidad, pasando por estrictos controles de calidad para garantizar que resistan la decoloraci\u00f3n y los da\u00f1os causados por factores ambientales. Su creaci\u00f3n y los pigmentos estables resistentes a los rayos UV preservan su aspecto y elegancia.<\/p><p>Las alfombras TEXSILK desaf\u00edan la poca durabilidad de las alfombras est\u00e1ndares. Su inigualable resistencia a los elementos les permite mantener su sofisticaci\u00f3n en cualquier lugar donde se utilicen, tanto en interiores como exteriores. Invierte en calidad en la que puedas confiar.<\/p><\/div><\/div><\/div><\/div>\t\t\t\t\t\t\t\t<\/div>\n\t\t\t\t<\/div>\n\t\t\t\t\t<\/div>\n\t\t\t\t<\/div>\n\t\t<div class=\"elementor-element elementor-element-a2e538d e-flex e-con-boxed e-con e-child\" data-id=\"a2e538d\" data-element_type=\"container\" data-e-type=\"container\">\n\t\t\t\t\t<div class=\"e-con-inner\">\n\t\t\t\t<div class=\"elementor-element elementor-element-6a71c6a elementor-widget__width-inherit elementor-widget elementor-widget-heading\" data-id=\"6a71c6a\" data-element_type=\"widget\" data-e-type=\"widget\" data-widget_type=\"heading.default\">\n\t\t\t\t<div class=\"elementor-widget-container\">\n\t\t\t\t\t<h2 class=\"elementor-heading-title elementor-size-default\">Alfombras eco-conscientes respectuosas con el medio ambiente<\/h2>\t\t\t\t<\/div>\n\t\t\t\t<\/div>\n\t\t\t\t<div class=\"elementor-element elementor-element-cdf4140 elementor-widget__width-inherit elementor-widget-mobile__width-inherit elementor-widget elementor-widget-text-editor\" data-id=\"cdf4140\" data-element_type=\"widget\" data-e-type=\"widget\" data-widget_type=\"text-editor.default\">\n\t\t\t\t<div class=\"elementor-widget-container\">\n\t\t\t\t\t\t\t\t\t<div class=\"page\" title=\"Page 8\"><div class=\"section\"><div class=\"layoutArea\"><div class=\"column\"><div class=\"page\" title=\"Page 8\"><div class=\"section\"><div class=\"layoutArea\"><div class=\"column\"><p>Nuestras alfombras est\u00e1n dise\u00f1adas especialmente para la sostenibilidad desde que se empieza el proceso hasta que se acaba. Nuestra fabricaci\u00f3n integral y vertical cerca de Barcelona supervisa cada paso de producci\u00f3n para un control de alta calidad.<\/p><p>Elaboradas con polipropileno 100% reciclable, las alfombras TEXSILK tienen la huella de carbono m\u00e1s baja en su categor\u00eda. Nuestra fabricaci\u00f3n ecol\u00f3gica genera mucho menos CO2 que las alfombras est\u00e1ndares.<\/p><p>En nuestras instalaciones utilizamos energ\u00eda renovable y nos hemos comprometido a reducir las emisiones anualmente. No se utilizan productos qu\u00edmicos nocivos como los PFAs, lo cual hace que nuestras alfombras sean seguras, certificadas por OEKO-TEX\u00ae Clase 1.<\/p><p>Escoger TEXSILK significa elegir las alfombras m\u00e1s ecol\u00f3gicas, con unas rigurosas pruebas y una producci\u00f3n responsable, nuestras alfombras son respetuosas con las personas y el planeta.<\/p><\/div><\/div><\/div><\/div><\/div><\/div><\/div><\/div>\t\t\t\t\t\t\t\t<\/div>\n\t\t\t\t<\/div>\n\t\t\t\t\t<\/div>\n\t\t\t\t<\/div>\n\t\t\t\t\t<\/div>\n\t\t\t\t<\/div>\n\t\t<div class=\"elementor-element elementor-element-62e6737 e-con-full e-flex e-con e-parent\" data-id=\"62e6737\" data-element_type=\"container\" data-e-type=\"container\" data-settings=\"{&quot;background_background&quot;:&quot;classic&quot;}\">\n\t\t\t\t<div class=\"elementor-element elementor-element-4566e45 elementor-widget__width-initial elementor-widget-mobile__width-inherit elementor-widget elementor-widget-image\" data-id=\"4566e45\" data-element_type=\"widget\" data-e-type=\"widget\" data-widget_type=\"image.default\">\n\t\t\t\t<div class=\"elementor-widget-container\">\n\t\t\t\t\t\t\t\t\t\t\t\t\t\t\t<img decoding=\"async\" width=\"1305\" height=\"685\" src=\"https:\/\/texsilk.eu\/wp-content\/uploads\/2023\/10\/rugs_foto1.jpg\" class=\"attachment-full size-full wp-image-2297\" alt=\"\" srcset=\"https:\/\/texsilk.eu\/wp-content\/uploads\/2023\/10\/rugs_foto1.jpg 1305w, https:\/\/texsilk.eu\/wp-content\/uploads\/2023\/10\/rugs_foto1-433x227.jpg 433w, https:\/\/texsilk.eu\/wp-content\/uploads\/2023\/10\/rugs_foto1-600x315.jpg 600w, https:\/\/texsilk.eu\/wp-content\/uploads\/2023\/10\/rugs_foto1-768x403.jpg 768w\" sizes=\"(max-width: 1305px) 100vw, 1305px\" \/>\t\t\t\t\t\t\t\t\t\t\t\t\t\t\t<\/div>\n\t\t\t\t<\/div>\n\t\t\t\t<div class=\"elementor-element elementor-element-beda380 elementor-widget__width-initial elementor-widget-mobile__width-inherit elementor-widget elementor-widget-image\" data-id=\"beda380\" data-element_type=\"widget\" data-e-type=\"widget\" data-widget_type=\"image.default\">\n\t\t\t\t<div class=\"elementor-widget-container\">\n\t\t\t\t\t\t\t\t\t\t\t\t\t\t\t<img loading=\"lazy\" decoding=\"async\" width=\"618\" height=\"850\" src=\"https:\/\/texsilk.eu\/wp-content\/uploads\/2023\/10\/rugs_foto2.jpg\" class=\"attachment-full size-full wp-image-2298\" alt=\"\" srcset=\"https:\/\/texsilk.eu\/wp-content\/uploads\/2023\/10\/rugs_foto2.jpg 618w, https:\/\/texsilk.eu\/wp-content\/uploads\/2023\/10\/rugs_foto2-198x272.jpg 198w, https:\/\/texsilk.eu\/wp-content\/uploads\/2023\/10\/rugs_foto2-283x389.jpg 283w\" sizes=\"(max-width: 618px) 100vw, 618px\" \/>\t\t\t\t\t\t\t\t\t\t\t\t\t\t\t<\/div>\n\t\t\t\t<\/div>\n\t\t<div class=\"elementor-element elementor-element-aab427a e-flex e-con-boxed e-con e-child\" data-id=\"aab427a\" data-element_type=\"container\" data-e-type=\"container\">\n\t\t\t\t\t<div class=\"e-con-inner\">\n\t\t\t\t<div class=\"elementor-element elementor-element-02d614d elementor-widget__width-initial elementor-widget elementor-widget-heading\" data-id=\"02d614d\" data-element_type=\"widget\" data-e-type=\"widget\" data-widget_type=\"heading.default\">\n\t\t\t\t<div class=\"elementor-widget-container\">\n\t\t\t\t\t<h2 class=\"elementor-heading-title elementor-size-default\">Los colores de las alfombras se inspiran en la Naturaleza<\/h2>\t\t\t\t<\/div>\n\t\t\t\t<\/div>\n\t\t\t\t<div class=\"elementor-element elementor-element-c303db4 elementor-widget__width-initial elementor-widget-mobile__width-inherit elementor-widget-tablet__width-inherit elementor-widget elementor-widget-text-editor\" data-id=\"c303db4\" data-element_type=\"widget\" data-e-type=\"widget\" data-widget_type=\"text-editor.default\">\n\t\t\t\t<div class=\"elementor-widget-container\">\n\t\t\t\t\t\t\t\t\t<div class=\"page\" title=\"Page 8\"><div class=\"section\"><div class=\"layoutArea\"><div class=\"column\"><p>Las alfombras TEXSILK se inspiran en los colores de la belleza natural del exterior. Puedes elegir entre 5 tonos est\u00e1ndar que recuerdan a la tierra y el mar. El color almendra recuerda la arena y la piedra natural, mientras que el verde musgo recuerda los bosques frondosos. El azul cielo evoca el mar y los cielos despejados. El terracota refleja la rica arcilla y el negro proporciona un tono cl\u00e1sico y vers\u00e1til.<\/p><p>Con tejidos de calidad te\u00f1idos en soluci\u00f3n, tu alfombra TEXSILK se mantendr\u00e1 brillante durante a\u00f1os mientras mantiene su durabilidad.<\/p><p>\u00bfBuscas un color o tama\u00f1o \u00fanico? Podemos crear alfombras personalizadas para ajustarse a tus necesidades en cada espacio, ya sea en la cocina, sal\u00f3n, patio, jard\u00edn, terraza, invernadero o balc\u00f3n.<\/p><p>Si deseas m\u00e1s informaci\u00f3n, precios para productos personalizados o ayuda para imaginar posibilidades adaptadas a tu espacio y decoraci\u00f3n, nuestro equipo est\u00e1 aqu\u00ed para ayudarte. Cont\u00e1ctanos para la transformaci\u00f3n de tu espacio con las alfombras duraderas y personalizables de TEXSILK.<\/p><\/div><\/div><\/div><\/div>\t\t\t\t\t\t\t\t<\/div>\n\t\t\t\t<\/div>\n\t\t\t\t\t<\/div>\n\t\t\t\t<\/div>\n\t\t\t\t<\/div>\n\t\t<div class=\"elementor-element elementor-element-f8ff363 e-flex e-con-boxed e-con e-parent\" data-id=\"f8ff363\" data-element_type=\"container\" data-e-type=\"container\">\n\t\t\t\t\t<div class=\"e-con-inner\">\n\t\t\t\t<div class=\"elementor-element elementor-element-b6aac3c elementor-widget elementor-widget-image\" data-id=\"b6aac3c\" data-element_type=\"widget\" data-e-type=\"widget\" data-widget_type=\"image.default\">\n\t\t\t\t<div class=\"elementor-widget-container\">\n\t\t\t\t\t\t\t\t\t\t\t\t\t\t\t<img loading=\"lazy\" decoding=\"async\" width=\"1788\" height=\"981\" src=\"https:\/\/texsilk.eu\/wp-content\/uploads\/2023\/10\/rugs_foto3.jpg\" class=\"attachment-full size-full wp-image-2309\" alt=\"\" srcset=\"https:\/\/texsilk.eu\/wp-content\/uploads\/2023\/10\/rugs_foto3.jpg 1788w, https:\/\/texsilk.eu\/wp-content\/uploads\/2023\/10\/rugs_foto3-433x238.jpg 433w, https:\/\/texsilk.eu\/wp-content\/uploads\/2023\/10\/rugs_foto3-600x329.jpg 600w, https:\/\/texsilk.eu\/wp-content\/uploads\/2023\/10\/rugs_foto3-768x421.jpg 768w, https:\/\/texsilk.eu\/wp-content\/uploads\/2023\/10\/rugs_foto3-1536x843.jpg 1536w\" sizes=\"(max-width: 1788px) 100vw, 1788px\" \/>\t\t\t\t\t\t\t\t\t\t\t\t\t\t\t<\/div>\n\t\t\t\t<\/div>\n\t\t\t\t<div class=\"elementor-element elementor-element-b84e39f elementor-widget elementor-widget-image\" data-id=\"b84e39f\" data-element_type=\"widget\" data-e-type=\"widget\" data-widget_type=\"image.default\">\n\t\t\t\t<div class=\"elementor-widget-container\">\n\t\t\t\t\t\t\t\t\t\t\t\t\t\t\t<img loading=\"lazy\" decoding=\"async\" width=\"1625\" height=\"691\" src=\"https:\/\/texsilk.eu\/wp-content\/uploads\/2023\/10\/rugs_foto4.jpg\" class=\"attachment-full size-full wp-image-2313\" alt=\"\" srcset=\"https:\/\/texsilk.eu\/wp-content\/uploads\/2023\/10\/rugs_foto4.jpg 1625w, https:\/\/texsilk.eu\/wp-content\/uploads\/2023\/10\/rugs_foto4-433x184.jpg 433w, https:\/\/texsilk.eu\/wp-content\/uploads\/2023\/10\/rugs_foto4-600x255.jpg 600w, https:\/\/texsilk.eu\/wp-content\/uploads\/2023\/10\/rugs_foto4-768x327.jpg 768w, https:\/\/texsilk.eu\/wp-content\/uploads\/2023\/10\/rugs_foto4-1536x653.jpg 1536w\" sizes=\"(max-width: 1625px) 100vw, 1625px\" \/>\t\t\t\t\t\t\t\t\t\t\t\t\t\t\t<\/div>\n\t\t\t\t<\/div>\n\t\t\t\t\t<\/div>\n\t\t\t\t<\/div>\n\t\t<div class=\"elementor-element elementor-element-20a6fb9 e-flex e-con-boxed e-con e-parent\" data-id=\"20a6fb9\" data-element_type=\"container\" data-e-type=\"container\" data-settings=\"{&quot;background_background&quot;:&quot;classic&quot;}\">\n\t\t\t\t\t<div class=\"e-con-inner\">\n\t\t<div class=\"elementor-element elementor-element-e8625f1 e-flex e-con-boxed e-con e-child\" data-id=\"e8625f1\" data-element_type=\"container\" data-e-type=\"container\">\n\t\t\t\t\t<div class=\"e-con-inner\">\n\t\t\t\t<div class=\"elementor-element elementor-element-7ea7744 elementor-widget__width-initial elementor-widget-mobile__width-inherit elementor-widget elementor-widget-heading\" data-id=\"7ea7744\" data-element_type=\"widget\" data-e-type=\"widget\" data-widget_type=\"heading.default\">\n\t\t\t\t<div class=\"elementor-widget-container\">\n\t\t\t\t\t<h2 class=\"elementor-heading-title elementor-size-default\">Especificaciones t\u00e9cnicas<\/h2>\t\t\t\t<\/div>\n\t\t\t\t<\/div>\n\t\t\t\t<div class=\"elementor-element elementor-element-f234cd5 elementor-widget__width-initial elementor-widget-mobile__width-inherit elementor-widget elementor-widget-text-editor\" data-id=\"f234cd5\" data-element_type=\"widget\" data-e-type=\"widget\" data-widget_type=\"text-editor.default\">\n\t\t\t\t<div class=\"elementor-widget-container\">\n\t\t\t\t\t\t\t\t\t<div class=\"page\" title=\"Page 8\"><div class=\"section\"><div class=\"layoutArea\"><div class=\"column\"><ul><li>Composici\u00f3n: 100% Polipropileno te\u00f1ido en soluci\u00f3n.\nPeso: 840 g\/m\u00b2<\/li><li>Tama\u00f1os est\u00e1ndar: 160 x 230 cm, 200 x 290 cm y tama\u00f1os personalizados*<\/li><li>Colores: Almendra, negro, terracota, verde musgo, azul azur y colores personalizados*<\/li><li>Limpieza con confianza: Las alfombras TEXSILK son f\u00e1ciles de mantener sin detergentes.<\/li><\/ul><div class=\"page\" title=\"Page 8\"><div class=\"section\"><div class=\"layoutArea\"><div class=\"column\"><p>*\u00bfNecesitas un tama\u00f1o o color \u00fanico? Pregunta a nuestro equipo de ventas sobre las alfombras completamente personalizables perfectas<br \/>para tu espacio.<\/p><\/div><\/div><\/div><\/div><\/div><\/div><\/div><\/div>\t\t\t\t\t\t\t\t<\/div>\n\t\t\t\t<\/div>\n\t\t\t\t\t<\/div>\n\t\t\t\t<\/div>\n\t\t<div class=\"elementor-element elementor-element-86a05e6 e-flex e-con-boxed e-con e-child\" data-id=\"86a05e6\" data-element_type=\"container\" data-e-type=\"container\">\n\t\t\t\t\t<div class=\"e-con-inner\">\n\t\t\t\t<div class=\"elementor-element elementor-element-20d72ae elementor-widget__width-initial elementor-widget-mobile__width-inherit elementor-widget elementor-widget-heading\" data-id=\"20d72ae\" data-element_type=\"widget\" data-e-type=\"widget\" data-widget_type=\"heading.default\">\n\t\t\t\t<div class=\"elementor-widget-container\">\n\t\t\t\t\t<h2 class=\"elementor-heading-title elementor-size-default\">Alfombras de f\u00e1cil y bajo mantenimiento<\/h2>\t\t\t\t<\/div>\n\t\t\t\t<\/div>\n\t\t\t\t<div class=\"elementor-element elementor-element-94c5148 elementor-widget__width-initial elementor-widget-mobile__width-inherit elementor-widget elementor-widget-text-editor\" data-id=\"94c5148\" data-element_type=\"widget\" data-e-type=\"widget\" data-widget_type=\"text-editor.default\">\n\t\t\t\t<div class=\"elementor-widget-container\">\n\t\t\t\t\t\t\t\t\t<div class=\"page\" title=\"Page 8\"><div class=\"section\"><div class=\"layoutArea\"><div class=\"column\"><p>Las alfombras TEXSILK est\u00e1n dise\u00f1adas para un f\u00e1cil cuidado, lo cual te permite no dedicarle mucho tiempo. Sus fibras y construcci\u00f3n resistentes a las manchas permiten que las manchas se eliminen con facilidad.<\/p><p>Un simple enjuague peri\u00f3dico o un manguerazo mantienen nuestras alfombras c\u00f3mo nuevas. Cualquier limpieza m\u00e1s profunda se frota suavemente con agua y jab\u00f3n. Para manchas dif\u00edciles, se puede usar lej\u00eda de forma segura sin da\u00f1ar las fibras duraderas o causar decoloraci\u00f3n.<\/p><p>Con poco mantenimiento, las alfombras TEXSILK mantienen su aspecto, una sensaci\u00f3n suave y elegante a lo largo de los a\u00f1os de uso. Su rendimiento duradero significa menos tiempo de limpieza y m\u00e1s tiempo para disfrutar de tu espacio.<\/p><p>Por favor, haz clic en el enlace a continuaci\u00f3n para ver un video demostrativo completo de limpieza que incluye el uso de lej\u00eda y otros productos.<\/p><\/div><\/div><\/div><\/div>\t\t\t\t\t\t\t\t<\/div>\n\t\t\t\t<\/div>\n\t\t\t\t<div class=\"elementor-element elementor-element-1781ffa elementor-widget elementor-widget-button\" data-id=\"1781ffa\" data-element_type=\"widget\" data-e-type=\"widget\" data-widget_type=\"button.default\">\n\t\t\t\t<div class=\"elementor-widget-container\">\n\t\t\t\t\t\t\t\t\t<div class=\"elementor-button-wrapper\">\n\t\t\t\t\t<a class=\"elementor-button elementor-button-link elementor-size-sm\" href=\"https:\/\/texsilk.eu\/es\/rugs_video\/\">\n\t\t\t\t\t\t<span class=\"elementor-button-content-wrapper\">\n\t\t\t\t\t\t\t\t\t<span class=\"elementor-button-text\">Reproducir v\u00eddeo<\/span>\n\t\t\t\t\t<\/span>\n\t\t\t\t\t<\/a>\n\t\t\t\t<\/div>\n\t\t\t\t\t\t\t\t<\/div>\n\t\t\t\t<\/div>\n\t\t\t\t\t<\/div>\n\t\t\t\t<\/div>\n\t\t\t\t\t<\/div>\n\t\t\t\t<\/div>\n\t\t<div class=\"elementor-element elementor-element-6349645 e-flex e-con-boxed e-con e-parent\" data-id=\"6349645\" data-element_type=\"container\" data-e-type=\"container\">\n\t\t\t\t\t<div class=\"e-con-inner\">\n\t\t\t\t<div class=\"elementor-element elementor-element-35d6f1b elementor-widget__width-initial elementor-widget-mobile__width-initial elementor-widget elementor-widget-image\" data-id=\"35d6f1b\" data-element_type=\"widget\" data-e-type=\"widget\" data-widget_type=\"image.default\">\n\t\t\t\t<div class=\"elementor-widget-container\">\n\t\t\t\t\t\t\t\t\t\t\t\t\t\t\t<img loading=\"lazy\" decoding=\"async\" width=\"280\" height=\"162\" src=\"https:\/\/texsilk.eu\/wp-content\/uploads\/2023\/11\/Logo_Texsilk_Rugs.png\" class=\"attachment-full size-full wp-image-2785\" alt=\"\" \/>\t\t\t\t\t\t\t\t\t\t\t\t\t\t\t<\/div>\n\t\t\t\t<\/div>\n\t\t\t\t<div class=\"elementor-element elementor-element-e468137 elementor-widget__width-initial elementor-widget-mobile__width-inherit elementor-widget elementor-widget-image\" data-id=\"e468137\" data-element_type=\"widget\" data-e-type=\"widget\" data-widget_type=\"image.default\">\n\t\t\t\t<div class=\"elementor-widget-container\">\n\t\t\t\t\t\t\t\t\t\t\t\t\t\t\t<img loading=\"lazy\" decoding=\"async\" width=\"818\" height=\"92\" src=\"https:\/\/texsilk.eu\/wp-content\/uploads\/2023\/10\/rugs_logos.jpg\" class=\"attachment-full size-full wp-image-2325\" alt=\"\" srcset=\"https:\/\/texsilk.eu\/wp-content\/uploads\/2023\/10\/rugs_logos.jpg 818w, https:\/\/texsilk.eu\/wp-content\/uploads\/2023\/10\/rugs_logos-433x49.jpg 433w, https:\/\/texsilk.eu\/wp-content\/uploads\/2023\/10\/rugs_logos-600x67.jpg 600w, https:\/\/texsilk.eu\/wp-content\/uploads\/2023\/10\/rugs_logos-768x86.jpg 768w\" sizes=\"(max-width: 818px) 100vw, 818px\" \/>\t\t\t\t\t\t\t\t\t\t\t\t\t\t\t<\/div>\n\t\t\t\t<\/div>\n\t\t\t\t\t<\/div>\n\t\t\t\t<\/div>\n\t\t\t\t<\/div>","protected":false},"excerpt":{"rendered":"<p>Outdoor and Indoor Rugs Texsilk rugs are meticulously engineered for both indoor and outdoor spaces. With plush softness for comfort underfoot paired with durability to withstand high traffic and outdoor conditions, our mats provide sophisticated style with performance. Key Benefits\u2022 Withstand sun, rain, chlorine, and heavy use\u2022 Resist stains and clean up easily\u2022 100% recyclable\u2022 [&hellip;]<\/p>\n","protected":false},"author":6,"featured_media":0,"parent":0,"menu_order":0,"comment_status":"closed","ping_status":"closed","template":"","meta":{"footnotes":""},"class_list":["post-2012","page","type-page","status-publish","hentry"],"_links":{"self":[{"href":"https:\/\/texsilk.eu\/es\/wp-json\/wp\/v2\/pages\/2012","targetHints":{"allow":["GET"]}}],"collection":[{"href":"https:\/\/texsilk.eu\/es\/wp-json\/wp\/v2\/pages"}],"about":[{"href":"https:\/\/texsilk.eu\/es\/wp-json\/wp\/v2\/types\/page"}],"author":[{"embeddable":true,"href":"https:\/\/texsilk.eu\/es\/wp-json\/wp\/v2\/users\/6"}],"replies":[{"embeddable":true,"href":"https:\/\/texsilk.eu\/es\/wp-json\/wp\/v2\/comments?post=2012"}],"version-history":[{"count":18,"href":"https:\/\/texsilk.eu\/es\/wp-json\/wp\/v2\/pages\/2012\/revisions"}],"predecessor-version":[{"id":3901,"href":"https:\/\/texsilk.eu\/es\/wp-json\/wp\/v2\/pages\/2012\/revisions\/3901"}],"wp:attachment":[{"href":"https:\/\/texsilk.eu\/es\/wp-json\/wp\/v2\/media?parent=2012"}],"curies":[{"name":"wp","href":"https:\/\/api.w.org\/{rel}","templated":true}]}}