{"id":1710,"date":"2023-02-01T11:45:07","date_gmt":"2023-02-01T10:45:07","guid":{"rendered":"https:\/\/texsilk.eu\/?page_id=1710"},"modified":"2023-11-09T16:20:17","modified_gmt":"2023-11-09T15:20:17","slug":"ribbons","status":"publish","type":"page","link":"https:\/\/texsilk.eu\/es\/ribbons\/","title":{"rendered":"Cintas"},"content":{"rendered":"<div data-elementor-type=\"wp-page\" data-elementor-id=\"1710\" class=\"elementor elementor-1710\" data-elementor-post-type=\"page\">\n\t\t\t\t<div class=\"elementor-element elementor-element-7dc41ec e-flex e-con-boxed e-con e-parent\" data-id=\"7dc41ec\" data-element_type=\"container\" data-e-type=\"container\">\n\t\t\t\t\t<div class=\"e-con-inner\">\n\t\t<div class=\"elementor-element elementor-element-01d74c1 e-con-full e-flex e-con e-child\" data-id=\"01d74c1\" data-element_type=\"container\" data-e-type=\"container\" data-settings=\"{&quot;background_background&quot;:&quot;classic&quot;}\">\n\t\t\t\t<div class=\"elementor-element elementor-element-2dadf74 elementor-widget elementor-widget-heading\" data-id=\"2dadf74\" data-element_type=\"widget\" data-e-type=\"widget\" data-widget_type=\"heading.default\">\n\t\t\t\t<div class=\"elementor-widget-container\">\n\t\t\t\t\t<h2 class=\"elementor-heading-title elementor-size-default\">Cintas de uni\u00f3n resistentes<br>\ny duraderas para mejorar<br>\ntus sistemas de<br>\nsombreado al aire libre<\/h2>\t\t\t\t<\/div>\n\t\t\t\t<\/div>\n\t\t\t\t<\/div>\n\t\t<div class=\"elementor-element elementor-element-94e8a82 e-con-full e-flex e-con e-child\" data-id=\"94e8a82\" data-element_type=\"container\" data-e-type=\"container\">\n\t\t<div class=\"elementor-element elementor-element-0b3e2c3 e-con-full e-flex e-con e-child\" data-id=\"0b3e2c3\" data-element_type=\"container\" data-e-type=\"container\" data-settings=\"{&quot;background_background&quot;:&quot;classic&quot;}\">\n\t\t\t\t<div class=\"elementor-element elementor-element-65f92e8 sense-marge elementor-widget elementor-widget-text-editor\" data-id=\"65f92e8\" data-element_type=\"widget\" data-e-type=\"widget\" data-widget_type=\"text-editor.default\">\n\t\t\t\t<div class=\"elementor-widget-container\">\n\t\t\t\t\t\t\t\t\t<p>Especificaciones t\u00e9cnicas<\/p>\t\t\t\t\t\t\t\t<\/div>\n\t\t\t\t<\/div>\n\t\t\t\t<div class=\"elementor-element elementor-element-f09795b sense-marge elementor-widget elementor-widget-text-editor\" data-id=\"f09795b\" data-element_type=\"widget\" data-e-type=\"widget\" data-widget_type=\"text-editor.default\">\n\t\t\t\t<div class=\"elementor-widget-container\">\n\t\t\t\t\t\t\t\t\t<div class=\"page\" title=\"Page 1\"><div class=\"section\"><div class=\"layoutArea\"><div class=\"column\"><p>Composici\u00f3n | Olefina te\u00f1ida en soluci\u00f3n<\/p><\/div><\/div><\/div><\/div>\t\t\t\t\t\t\t\t<\/div>\n\t\t\t\t<\/div>\n\t\t\t\t<div class=\"elementor-element elementor-element-7296bf5 sense-marge elementor-widget elementor-widget-text-editor\" data-id=\"7296bf5\" data-element_type=\"widget\" data-e-type=\"widget\" data-widget_type=\"text-editor.default\">\n\t\t\t\t<div class=\"elementor-widget-container\">\n\t\t\t\t\t\t\t\t\t<div class=\"page\" title=\"Page 1\"><div class=\"section\"><div class=\"layoutArea\"><div class=\"column\"><p>Ancho cinta | 25 mm<\/p><\/div><\/div><\/div><\/div>\t\t\t\t\t\t\t\t<\/div>\n\t\t\t\t<\/div>\n\t\t\t\t<div class=\"elementor-element elementor-element-776e76c sense-marge elementor-widget elementor-widget-text-editor\" data-id=\"776e76c\" data-element_type=\"widget\" data-e-type=\"widget\" data-widget_type=\"text-editor.default\">\n\t\t\t\t<div class=\"elementor-widget-container\">\n\t\t\t\t\t\t\t\t\t<div class=\"page\" title=\"Page 1\"><div class=\"section\"><div class=\"layoutArea\"><div class=\"column\"><p>Empaquetado | 100 m (bobina)<\/p><\/div><\/div><\/div><\/div>\t\t\t\t\t\t\t\t<\/div>\n\t\t\t\t<\/div>\n\t\t\t\t<div class=\"elementor-element elementor-element-e7f7e1c sense-marge elementor-widget elementor-widget-text-editor\" data-id=\"e7f7e1c\" data-element_type=\"widget\" data-e-type=\"widget\" data-widget_type=\"text-editor.default\">\n\t\t\t\t<div class=\"elementor-widget-container\">\n\t\t\t\t\t\t\t\t\t<div class=\"page\" title=\"Page 1\">\n<div class=\"section\">\n<div class=\"layoutArea\">\n<div class=\"column\">\n<div class=\"page\" title=\"Page 1\">\n<div class=\"section\">\n<div class=\"layoutArea\">\n<div class=\"column\">\n<p>Solidez del color | 7-8 (max 8)<\/p><\/div><\/div><\/div><\/div>\n<\/div>\n<\/div>\n<\/div>\n<\/div>\t\t\t\t\t\t\t\t<\/div>\n\t\t\t\t<\/div>\n\t\t\t\t<\/div>\n\t\t<div class=\"elementor-element elementor-element-40351c7 e-con-full e-flex e-con e-child\" data-id=\"40351c7\" data-element_type=\"container\" data-e-type=\"container\" data-settings=\"{&quot;background_background&quot;:&quot;classic&quot;}\">\n\t\t\t\t<div class=\"elementor-element elementor-element-829482c sense-marge elementor-widget elementor-widget-text-editor\" data-id=\"829482c\" data-element_type=\"widget\" data-e-type=\"widget\" data-widget_type=\"text-editor.default\">\n\t\t\t\t<div class=\"elementor-widget-container\">\n\t\t\t\t\t\t\t\t\t<p>Colores<\/p>\t\t\t\t\t\t\t\t<\/div>\n\t\t\t\t<\/div>\n\t\t\t\t<div class=\"elementor-element elementor-element-a131f38 sense-marge elementor-widget elementor-widget-text-editor\" data-id=\"a131f38\" data-element_type=\"widget\" data-e-type=\"widget\" data-widget_type=\"text-editor.default\">\n\t\t\t\t<div class=\"elementor-widget-container\">\n\t\t\t\t\t\t\t\t\t<div class=\"page\" title=\"Page 1\"><div class=\"section\"><div class=\"layoutArea\"><div class=\"column\"><div class=\"page\" title=\"Page 1\"><div class=\"section\"><div class=\"layoutArea\"><div class=\"column\"><p>2105<br \/>2131<br \/>2207<br \/>2230<br \/>2313<br \/>2414<br \/>2417<br \/>2426<br \/>2493<br \/>2501<br \/>2602<br \/>2619<br \/>2620<br \/>2631<br \/>2657<br \/>2709<br \/>2710<br \/>2730<br \/>2733<br \/>2734<br \/>2735<br \/>2737<br \/>2739<br \/>2751<br \/>2821<br \/>2875<br \/>2933<br \/>2960<\/p><\/div><\/div><\/div><\/div><\/div><\/div><\/div><\/div>\t\t\t\t\t\t\t\t<\/div>\n\t\t\t\t<\/div>\n\t\t\t\t<\/div>\n\t\t<a class=\"elementor-element elementor-element-173341c e-con-full e-flex e-con e-child\" data-id=\"173341c\" data-element_type=\"container\" data-e-type=\"container\" data-settings=\"{&quot;background_background&quot;:&quot;classic&quot;}\" href=\"https:\/\/texsilk.eu\/wp-content\/uploads\/2023\/02\/Ribbons_2023.pdf\" target=\"_blank\">\n\t\t\t\t<div class=\"elementor-element elementor-element-9da70f3 elementor-widget elementor-widget-heading\" data-id=\"9da70f3\" data-element_type=\"widget\" data-e-type=\"widget\" data-widget_type=\"heading.default\">\n\t\t\t\t<div class=\"elementor-widget-container\">\n\t\t\t\t\t<h2 class=\"elementor-heading-title elementor-size-default\">Descargar el cat\u00e1logo<\/h2>\t\t\t\t<\/div>\n\t\t\t\t<\/div>\n\t\t\t\t<div class=\"elementor-element elementor-element-c1b01a9 elementor-widget elementor-widget-image\" data-id=\"c1b01a9\" data-element_type=\"widget\" data-e-type=\"widget\" data-widget_type=\"image.default\">\n\t\t\t\t<div class=\"elementor-widget-container\">\n\t\t\t\t\t\t\t\t\t\t\t\t\t\t\t<img decoding=\"async\" width=\"23\" height=\"23\" src=\"https:\/\/texsilk.eu\/wp-content\/uploads\/2022\/11\/fletxa-avall.png\" class=\"attachment-large size-large wp-image-168\" alt=\"\" \/>\t\t\t\t\t\t\t\t\t\t\t\t\t\t\t<\/div>\n\t\t\t\t<\/div>\n\t\t\t\t<\/a>\n\t\t\t\t<\/div>\n\t\t\t\t\t<\/div>\n\t\t\t\t<\/div>\n\t\t<div class=\"elementor-element elementor-element-34cb71c e-flex e-con-boxed e-con e-parent\" data-id=\"34cb71c\" data-element_type=\"container\" data-e-type=\"container\">\n\t\t\t\t\t<div class=\"e-con-inner\">\n\t\t\t\t<div class=\"elementor-element elementor-element-5b988f8 elementor-widget__width-initial elementor-widget-mobile__width-inherit elementor-widget elementor-widget-text-editor\" data-id=\"5b988f8\" data-element_type=\"widget\" data-e-type=\"widget\" data-widget_type=\"text-editor.default\">\n\t\t\t\t<div class=\"elementor-widget-container\">\n\t\t\t\t\t\t\t\t\t<p class=\"p1\">Lleva tus paraguas, velas de sombra y toldos al siguiente nivel con las cintas de exteriores de alto rendimiento de TEXSILK. Nuestras cintas de olefina de coloraci\u00f3n en soluci\u00f3n est\u00e1n especialmente dise\u00f1adas para soportar el sol, el viento, la lluvia y las fluctuaciones de temperatura, al mismo tiempo que proporcionan colores intensos y resistentes a la decoloraci\u00f3n realzando la belleza y funcionalidad de cualquier espacio exterior.<\/p><p class=\"p1\">Son adecuadas para diversas aplicaciones al aire libre, como cintas de uni\u00f3n para sombrillas, toldos y p\u00e9rgolas.<\/p><p class=\"p1\">Adapta cada ambiente exterior con una amplia variedad de colores de cintas: rojo, azul, verde, blanco, amarillo, burdeos\u2026<\/p>\t\t\t\t\t\t\t\t<\/div>\n\t\t\t\t<\/div>\n\t\t\t\t<div class=\"elementor-element elementor-element-55c2576 elementor-widget__width-initial elementor-widget-mobile__width-inherit elementor-widget elementor-widget-text-editor\" data-id=\"55c2576\" data-element_type=\"widget\" data-e-type=\"widget\" data-widget_type=\"text-editor.default\">\n\t\t\t\t<div class=\"elementor-widget-container\">\n\t\t\t\t\t\t\t\t\t<p class=\"p1\">Caracter\u00edsticas\/beneficios clave:<\/p>\n<p class=\"p1\"><span class=\"s1\">&#8211; <\/span><span style=\"color: #00ae46;\">Colores con resistencia a la decoloraci\u00f3n<\/span> <span class=\"s1\">\u2013 Nuestros <\/span>tintes exclusivos mantienen los tonos durante a\u00f1os. No tendr\u00e1s que preocuparte por la decoloraci\u00f3n o ruptura de las cintas antes que los tejidos.<\/p>\n<p class=\"p1\">&#8211; <span class=\"s1\" style=\"color: #00ae46;\">Mejor est\u00e9tica <\/span>\u2013 Las tonalidades brillantes complementan cualquier est\u00e9tica exterior. Selecciona tonos atrevidos o cintas de color para potenciar tus dise\u00f1os.<\/p>\n<p class=\"p1\">&#8211; <span class=\"s1\" style=\"color: #00ae46;\">F\u00e1cil cuidado <\/span>\u2013 Resistentes a las manchas y f\u00e1ciles de limpiar.<\/p>\n<p class=\"p1\">&#8211; <span class=\"s1\" style=\"color: #00ae46;\">Resistencia al cloro <\/span>\u2013 Nuestras cintas soportan entornos de piscina y permiten el uso de cloro para eliminar manchas dif\u00edciles.<\/p>\n<p class=\"p2\"><span class=\"s2\">&#8211; <\/span><span style=\"color: #00ae46;\">Resistencia a los rayos UV y a las inclemencias del tiempo<\/span> <span class=\"s2\">\u2013 Las cintas TEXSILK est\u00e1n <\/span>dise\u00f1adas para un uso exterior duradero. La construcci\u00f3n resistente evita agrietamientos, peladuras y fragilidad.<\/p>\n<p class=\"p1\">Usos exteriors:<br>\u2022 Sombrillas<br>\u2022 P\u00e9rgolas<br>\u2022 Toldos<\/p>\t\t\t\t\t\t\t\t<\/div>\n\t\t\t\t<\/div>\n\t\t\t\t\t<\/div>\n\t\t\t\t<\/div>\n\t\t\t\t<\/div>","protected":false},"excerpt":{"rendered":"<p>Vibrant, Durable Binding Ribbons to Enhance Your Outdoor Shading Systems Technical specifications Composition | Solution dyed Olefin Ribbon width | 25 mm Packaging | 100 m (spool) Color fastness | 7-8 (max 8) Colors 2105213122072230231324142417242624932501260226192620263126572709271027302733273427352737273927512821287529332960 Download catalogue Take your umbrellas, shade sails and awnings to the next level with TexSilk\u2019s high-performance outdoor ribbons. Our solution [&hellip;]<\/p>\n","protected":false},"author":1,"featured_media":0,"parent":0,"menu_order":0,"comment_status":"closed","ping_status":"closed","template":"","meta":{"footnotes":""},"class_list":["post-1710","page","type-page","status-publish","hentry"],"_links":{"self":[{"href":"https:\/\/texsilk.eu\/es\/wp-json\/wp\/v2\/pages\/1710","targetHints":{"allow":["GET"]}}],"collection":[{"href":"https:\/\/texsilk.eu\/es\/wp-json\/wp\/v2\/pages"}],"about":[{"href":"https:\/\/texsilk.eu\/es\/wp-json\/wp\/v2\/types\/page"}],"author":[{"embeddable":true,"href":"https:\/\/texsilk.eu\/es\/wp-json\/wp\/v2\/users\/1"}],"replies":[{"embeddable":true,"href":"https:\/\/texsilk.eu\/es\/wp-json\/wp\/v2\/comments?post=1710"}],"version-history":[{"count":0,"href":"https:\/\/texsilk.eu\/es\/wp-json\/wp\/v2\/pages\/1710\/revisions"}],"wp:attachment":[{"href":"https:\/\/texsilk.eu\/es\/wp-json\/wp\/v2\/media?parent=1710"}],"curies":[{"name":"wp","href":"https:\/\/api.w.org\/{rel}","templated":true}]}}