{"id":1083,"date":"2022-12-15T12:49:42","date_gmt":"2022-12-15T11:49:42","guid":{"rendered":"https:\/\/texsilk.eu\/?page_id=1083"},"modified":"2025-02-26T23:14:35","modified_gmt":"2025-02-26T22:14:35","slug":"empresa","status":"publish","type":"page","link":"https:\/\/texsilk.eu\/es\/about-us\/","title":{"rendered":"Sobre nosotros"},"content":{"rendered":"<div data-elementor-type=\"wp-page\" data-elementor-id=\"1083\" class=\"elementor elementor-1083\" data-elementor-post-type=\"page\">\n\t\t\t\t<div class=\"elementor-element elementor-element-92f500a e-flex e-con-boxed e-con e-parent\" data-id=\"92f500a\" data-element_type=\"container\" data-e-type=\"container\">\n\t\t\t\t\t<div class=\"e-con-inner\">\n\t\t\t\t<div class=\"elementor-element elementor-element-3a0cc5b elementor-widget elementor-widget-video\" data-id=\"3a0cc5b\" data-element_type=\"widget\" data-e-type=\"widget\" data-settings=\"{&quot;youtube_url&quot;:&quot;https:\\\/\\\/www.youtube.com\\\/watch?v=0QLwlDNRxHI&quot;,&quot;lazy_load&quot;:&quot;yes&quot;,&quot;video_type&quot;:&quot;youtube&quot;,&quot;controls&quot;:&quot;yes&quot;}\" data-widget_type=\"video.default\">\n\t\t\t\t<div class=\"elementor-widget-container\">\n\t\t\t\t\t\t\t<div class=\"elementor-wrapper elementor-open-inline\">\n\t\t\t<div class=\"elementor-video\"><\/div>\t\t<\/div>\n\t\t\t\t\t\t<\/div>\n\t\t\t\t<\/div>\n\t\t\t\t\t<\/div>\n\t\t\t\t<\/div>\n\t\t<div class=\"elementor-element elementor-element-556246b e-flex e-con-boxed e-con e-parent\" data-id=\"556246b\" data-element_type=\"container\" data-e-type=\"container\">\n\t\t\t\t\t<div class=\"e-con-inner\">\n\t\t\t\t<div class=\"elementor-element elementor-element-072ffcd elementor-widget__width-initial elementor-widget-mobile__width-inherit elementor-widget elementor-widget-text-editor\" data-id=\"072ffcd\" data-element_type=\"widget\" data-e-type=\"widget\" data-widget_type=\"text-editor.default\">\n\t\t\t\t<div class=\"elementor-widget-container\">\n\t\t\t\t\t\t\t\t\t<p class=\"p1\">Durante m\u00e1s de dos siglos, TEXSILK ha elaborado tejidos de primera calidad desde nuestra casa en los pies de Montserrat, a 60 km de Barcelona. Nuestra rica herencia se remonta a 1820, cuando comenzamos a tejer telas estrechas, y contin\u00faa hoy en d\u00eda bajo la direcci\u00f3n de Marc Ponsa Prat, la s\u00e9ptima generaci\u00f3n de propietarios familiares.<\/p><p class=\"p1\">A lo largo de dos siglos de cambios, seguimos con nuestro compromiso de priorizar la calidad y un servicio excepcional. Aunque las tecnolog\u00edas<\/p>\t\t\t\t\t\t\t\t<\/div>\n\t\t\t\t<\/div>\n\t\t\t\t<div class=\"elementor-element elementor-element-f9769d5 elementor-widget__width-initial elementor-widget-mobile__width-inherit elementor-widget elementor-widget-text-editor\" data-id=\"f9769d5\" data-element_type=\"widget\" data-e-type=\"widget\" data-widget_type=\"text-editor.default\">\n\t\t\t\t<div class=\"elementor-widget-container\">\n\t\t\t\t\t\t\t\t\t<p class=\"p1\">se han transformado a lo largo de los a\u00f1os, el trato humano sigue siendo esencial. Nuestro equipo unido encarna generaciones de pasi\u00f3n y dedicaci\u00f3n a su oficio. Estos valores est\u00e1n entretejidos en la esencia de TEXSILK.<\/p><p class=\"p1\">Descubra por qu\u00e9 TEXSILK sigue prosperando despu\u00e9s de m\u00e1s de dos siglos. Porque creemos firmemente que nuestros mejores d\u00edas est\u00e1n por venir. D\u00e9janos dise\u00f1ar telas sostenibles a medida para satisfacer su visi\u00f3n. El futuro estar\u00e1 determinado por lo que hoy creamos juntos.<\/p>\t\t\t\t\t\t\t\t<\/div>\n\t\t\t\t<\/div>\n\t\t\t\t\t<\/div>\n\t\t\t\t<\/div>\n\t\t<div class=\"elementor-element elementor-element-98c139b e-flex e-con-boxed e-con e-parent\" data-id=\"98c139b\" data-element_type=\"container\" data-e-type=\"container\">\n\t\t\t\t\t<div class=\"e-con-inner\">\n\t\t<div class=\"elementor-element elementor-element-bbc5ace e-con-full e-flex e-con e-child\" data-id=\"bbc5ace\" data-element_type=\"container\" data-e-type=\"container\">\n\t\t\t\t<div class=\"elementor-element elementor-element-f9153d0 elementor-widget elementor-widget-image\" data-id=\"f9153d0\" data-element_type=\"widget\" data-e-type=\"widget\" data-widget_type=\"image.default\">\n\t\t\t\t<div class=\"elementor-widget-container\">\n\t\t\t\t\t\t\t\t\t\t\t\t\t\t\t<img fetchpriority=\"high\" decoding=\"async\" width=\"600\" height=\"338\" src=\"https:\/\/texsilk.eu\/wp-content\/uploads\/2022\/12\/foto1-600x338.jpg\" class=\"attachment-large size-large wp-image-1160\" alt=\"\" srcset=\"https:\/\/texsilk.eu\/wp-content\/uploads\/2022\/12\/foto1-600x338.jpg 600w, https:\/\/texsilk.eu\/wp-content\/uploads\/2022\/12\/foto1-433x244.jpg 433w, https:\/\/texsilk.eu\/wp-content\/uploads\/2022\/12\/foto1-768x433.jpg 768w, https:\/\/texsilk.eu\/wp-content\/uploads\/2022\/12\/foto1.jpg 1298w\" sizes=\"(max-width: 600px) 100vw, 600px\" \/>\t\t\t\t\t\t\t\t\t\t\t\t\t\t\t<\/div>\n\t\t\t\t<\/div>\n\t\t\t\t<\/div>\n\t\t<div class=\"elementor-element elementor-element-1db7805 e-con-full e-flex e-con e-child\" data-id=\"1db7805\" data-element_type=\"container\" data-e-type=\"container\">\n\t\t\t\t<div class=\"elementor-element elementor-element-1183f07 elementor-widget elementor-widget-image\" data-id=\"1183f07\" data-element_type=\"widget\" data-e-type=\"widget\" data-widget_type=\"image.default\">\n\t\t\t\t<div class=\"elementor-widget-container\">\n\t\t\t\t\t\t\t\t\t\t\t\t\t\t\t<img decoding=\"async\" width=\"600\" height=\"338\" src=\"https:\/\/texsilk.eu\/wp-content\/uploads\/2022\/12\/foto2-600x338.jpg\" class=\"attachment-large size-large wp-image-1161\" alt=\"\" srcset=\"https:\/\/texsilk.eu\/wp-content\/uploads\/2022\/12\/foto2-600x338.jpg 600w, https:\/\/texsilk.eu\/wp-content\/uploads\/2022\/12\/foto2-433x244.jpg 433w, https:\/\/texsilk.eu\/wp-content\/uploads\/2022\/12\/foto2-768x433.jpg 768w, https:\/\/texsilk.eu\/wp-content\/uploads\/2022\/12\/foto2.jpg 1298w\" sizes=\"(max-width: 600px) 100vw, 600px\" \/>\t\t\t\t\t\t\t\t\t\t\t\t\t\t\t<\/div>\n\t\t\t\t<\/div>\n\t\t\t\t<\/div>\n\t\t\t\t\t<\/div>\n\t\t\t\t<\/div>\n\t\t<div class=\"elementor-element elementor-element-d8b3993 e-flex e-con-boxed e-con e-parent\" data-id=\"d8b3993\" data-element_type=\"container\" data-e-type=\"container\">\n\t\t\t\t\t<div class=\"e-con-inner\">\n\t\t\t\t<div class=\"elementor-element elementor-element-f1c7075 elementor-widget__width-initial elementor-widget-mobile__width-inherit elementor-widget elementor-widget-heading\" data-id=\"f1c7075\" data-element_type=\"widget\" data-e-type=\"widget\" data-widget_type=\"heading.default\">\n\t\t\t\t<div class=\"elementor-widget-container\">\n\t\t\t\t\t<h2 class=\"elementor-heading-title elementor-size-default\">Nuestro legado perdurable<br>\nde excelencia textil<\/h2>\t\t\t\t<\/div>\n\t\t\t\t<\/div>\n\t\t\t\t<div class=\"elementor-element elementor-element-440f99f elementor-widget__width-initial elementor-widget-mobile__width-inherit elementor-widget elementor-widget-heading\" data-id=\"440f99f\" data-element_type=\"widget\" data-e-type=\"widget\" data-widget_type=\"heading.default\">\n\t\t\t\t<div class=\"elementor-widget-container\">\n\t\t\t\t\t<h2 class=\"elementor-heading-title elementor-size-default\">Nuestro compromiso<br>\ncon la integraci\u00f3n 100% vertical<\/h2>\t\t\t\t<\/div>\n\t\t\t\t<\/div>\n\t\t\t\t<div class=\"elementor-element elementor-element-5f9034e elementor-widget__width-initial elementor-widget-mobile__width-inherit elementor-widget elementor-widget-text-editor\" data-id=\"5f9034e\" data-element_type=\"widget\" data-e-type=\"widget\" data-widget_type=\"text-editor.default\">\n\t\t\t\t<div class=\"elementor-widget-container\">\n\t\t\t\t\t\t\t\t\t<p class=\"p1\">Somos una empresa familiar con una larga tradici\u00f3n textil que se remonta a 1820, cuando los fundadores Francesc Ponsa y Teresa Casajuana iniciaron un taller de tejido de telas en Manresa. Durante m\u00e1s de dos siglos, su esp\u00edritu emprendedor y la fabricaci\u00f3n textil se han transmitido a trav\u00e9s de 7 generaciones de la familia Ponsa.<\/p><p class=\"p1\">Entre todas ellas, queremos hacer un homenaje especial a las mujeres que trabajaron duro para mantener la manufactura textil entre guerras, recesiones y tiempos dif\u00edciles, y mantener viva la llama. Algunas de ellas son Esperan\u00e7a Llaurado, Teresa Casajuana, Maria Muntane y Teresa Prat. Su incansable trabajo y dedicaci\u00f3n permitieron que TEXSILK no solo sobreviviera, sino que prosperara.<\/p><p class=\"p1\">Cada hilo que se teje hoy se conecta con el primero. Y hoy, la empresa de fabricaci\u00f3n de tejidos est\u00e1 dirigida por Marc Ponsa Prat, la s\u00e9ptima generaci\u00f3n de esta familia.<\/p><p class=\"p1\">Pero nuestro legado m\u00e1s orgulloso son las alianzas a largo plazo que hemos fomentado con clientes, empleados y socios durante m\u00e1s de 200 a\u00f1os. Esperamos tejer el pr\u00f3ximo cap\u00edtulo juntos.<\/p>\t\t\t\t\t\t\t\t<\/div>\n\t\t\t\t<\/div>\n\t\t\t\t<div class=\"elementor-element elementor-element-0bb1054 elementor-widget__width-initial elementor-widget-mobile__width-inherit elementor-widget elementor-widget-text-editor\" data-id=\"0bb1054\" data-element_type=\"widget\" data-e-type=\"widget\" data-widget_type=\"text-editor.default\">\n\t\t\t\t<div class=\"elementor-widget-container\">\n\t\t\t\t\t\t\t\t\t<p class=\"p1\">Como fabricante textil totalmente integrado verticalmente, TEXSILK controla cada paso de la producci\u00f3n en nuestras instalaciones, desde las materias primas hasta los tejidos terminados.<\/p><p class=\"p1\">Esto incluye:<\/p><p class=\"p1\">\u2013 Fabricaci\u00f3n de nuestros propios pigmentos para hilos<br \/>\u2013 Extrusi\u00f3n de hilos de alto rendimiento<br \/>\u2013 Urdido meticuloso de los hilos<br \/>\u2013 Tejido de telas de dise\u00f1o intrincados<br \/>\u2013 Desarrollo de f\u00f3rmulas de acabado patentadas<br \/>\u2013 Realizaci\u00f3n de rigurosas pruebas de control de calidad<br \/>\u2013 Empaquetado de nuestros tejidos y almacenaje en el almac\u00e9n<\/p><p class=\"p1\">Al supervisar cada etapa del proceso de fabricaci\u00f3n, podemos garantizar una calidad y consistencia inigualables, implementar innovaciones r\u00e1pidamente y asegurar una eficiencia de producci\u00f3n optimizada.<\/p><p class=\"p1\">Nuestra cultura de la artesan\u00eda garantiza que no se pase por alto ning\u00fan detalle. Descubre la diferencia que marca la verdadera integraci\u00f3n vertical.<\/p>\t\t\t\t\t\t\t\t<\/div>\n\t\t\t\t<\/div>\n\t\t\t\t\t<\/div>\n\t\t\t\t<\/div>\n\t\t<div class=\"elementor-element elementor-element-0497a53 e-flex e-con-boxed e-con e-parent\" data-id=\"0497a53\" data-element_type=\"container\" data-e-type=\"container\">\n\t\t\t\t\t<div class=\"e-con-inner\">\n\t\t\t\t<div class=\"elementor-element elementor-element-aca3f67 elementor-widget__width-inherit elementor-widget elementor-widget-heading\" data-id=\"aca3f67\" data-element_type=\"widget\" data-e-type=\"widget\" data-widget_type=\"heading.default\">\n\t\t\t\t<div class=\"elementor-widget-container\">\n\t\t\t\t\t<h2 class=\"elementor-heading-title elementor-size-default\">Tejiendo un futuro sostenible<\/h2>\t\t\t\t<\/div>\n\t\t\t\t<\/div>\n\t\t\t\t<div class=\"elementor-element elementor-element-0bc9a73 elementor-widget__width-initial elementor-widget-mobile__width-inherit elementor-widget-tablet__width-inherit elementor-widget elementor-widget-text-editor\" data-id=\"0bc9a73\" data-element_type=\"widget\" data-e-type=\"widget\" data-widget_type=\"text-editor.default\">\n\t\t\t\t<div class=\"elementor-widget-container\">\n\t\t\t\t\t\t\t\t\t<p class=\"p1\">La sostenibilidad est\u00e1 entretejida en el ADN de TEXSILK. Durante siglos, como fabricante textil, hemos innovado para minimizar los residuos y los impactos. Creemos que la salud del planeta y la salud de las empresas van de la mano.<\/p><p class=\"p1\">Nuestra fabricaci\u00f3n funciona con electricidad 100% renovable, incluida la energ\u00eda solar que abastece m\u00e1s del 30% de nuestras necesidades. Reciclamos o reutilizamos todos los restos de tejido como materia prima para nuevos textiles. Los productos al final de su vida \u00fatil se reciclan para convertirse en nuevos activos.<\/p><p class=\"p1\">Buscamos constantemente formas de mejorar la eficiencia en nuestras operaciones. Las inversiones en nuevas tecnolog\u00edas nos ayudan a reducir el consumo de energ\u00eda, el uso de agua y los residuos.<\/p><p class=\"p1\">Pero la sostenibilidad va m\u00e1s all\u00e1 de las iniciativas: es una mentalidad inculcada en nuestro equipo. Evaluamos de manera constante c\u00f3mo mejorar los procesos, los materiales y las relaciones para el beneficio de todos.<\/p><p class=\"p1\">Al combinar t\u00e9cnicas tradicionales con una visi\u00f3n de futuro, TEXSILK tiene como objetivo elevar el nivel de toda la industria textil. Los tejidos que imaginamos hoy dar\u00e1n forma a un futuro m\u00e1s brillante.<\/p>\t\t\t\t\t\t\t\t<\/div>\n\t\t\t\t<\/div>\n\t\t\t\t<div class=\"elementor-element elementor-element-e31c733 elementor-widget__width-initial elementor-widget-mobile__width-inherit elementor-widget-tablet__width-inherit elementor-widget elementor-widget-image\" data-id=\"e31c733\" data-element_type=\"widget\" data-e-type=\"widget\" data-widget_type=\"image.default\">\n\t\t\t\t<div class=\"elementor-widget-container\">\n\t\t\t\t\t\t\t\t\t\t\t\t\t\t\t<img decoding=\"async\" width=\"544\" height=\"389\" src=\"https:\/\/texsilk.eu\/wp-content\/uploads\/2023\/10\/About_us_foto-544x389.jpg\" class=\"attachment-large size-large wp-image-2260\" alt=\"\" srcset=\"https:\/\/texsilk.eu\/wp-content\/uploads\/2023\/10\/About_us_foto-544x389.jpg 544w, https:\/\/texsilk.eu\/wp-content\/uploads\/2023\/10\/About_us_foto-380x272.jpg 380w, https:\/\/texsilk.eu\/wp-content\/uploads\/2023\/10\/About_us_foto.jpg 763w\" sizes=\"(max-width: 544px) 100vw, 544px\" \/>\t\t\t\t\t\t\t\t\t\t\t\t\t\t\t<\/div>\n\t\t\t\t<\/div>\n\t\t\t\t\t<\/div>\n\t\t\t\t<\/div>\n\t\t\t\t<\/div>","protected":false},"excerpt":{"rendered":"<p>For over two centuries, Texsilk has crafted premier woven fabrics from our home in the foothills of Montserrat, 60 kilometers outside Barcelona. Our rich heritage dates back to 1820 when we first woven narrow fabrics, and continues today under the guidance of Marc Ponsa Prat, the 7th generation of family ownership. Throughout two centuries of [&hellip;]<\/p>\n","protected":false},"author":1,"featured_media":0,"parent":0,"menu_order":0,"comment_status":"closed","ping_status":"closed","template":"","meta":{"footnotes":""},"class_list":["post-1083","page","type-page","status-publish","hentry"],"_links":{"self":[{"href":"https:\/\/texsilk.eu\/es\/wp-json\/wp\/v2\/pages\/1083","targetHints":{"allow":["GET"]}}],"collection":[{"href":"https:\/\/texsilk.eu\/es\/wp-json\/wp\/v2\/pages"}],"about":[{"href":"https:\/\/texsilk.eu\/es\/wp-json\/wp\/v2\/types\/page"}],"author":[{"embeddable":true,"href":"https:\/\/texsilk.eu\/es\/wp-json\/wp\/v2\/users\/1"}],"replies":[{"embeddable":true,"href":"https:\/\/texsilk.eu\/es\/wp-json\/wp\/v2\/comments?post=1083"}],"version-history":[{"count":3,"href":"https:\/\/texsilk.eu\/es\/wp-json\/wp\/v2\/pages\/1083\/revisions"}],"predecessor-version":[{"id":4195,"href":"https:\/\/texsilk.eu\/es\/wp-json\/wp\/v2\/pages\/1083\/revisions\/4195"}],"wp:attachment":[{"href":"https:\/\/texsilk.eu\/es\/wp-json\/wp\/v2\/media?parent=1083"}],"curies":[{"name":"wp","href":"https:\/\/api.w.org\/{rel}","templated":true}]}}