{"id":1047,"date":"2022-12-15T11:50:33","date_gmt":"2022-12-15T10:50:33","guid":{"rendered":"https:\/\/texsilk.eu\/?page_id=1047"},"modified":"2026-03-27T13:35:30","modified_gmt":"2026-03-27T12:35:30","slug":"legal-note","status":"publish","type":"page","link":"https:\/\/texsilk.eu\/es\/legal-note\/","title":{"rendered":"Nota legal"},"content":{"rendered":"<div data-elementor-type=\"wp-page\" data-elementor-id=\"1047\" class=\"elementor elementor-1047\" data-elementor-post-type=\"page\">\n\t\t\t\t<div class=\"elementor-element elementor-element-02e29a4 e-flex e-con-boxed e-con e-parent\" data-id=\"02e29a4\" data-element_type=\"container\" data-e-type=\"container\">\n\t\t\t\t\t<div class=\"e-con-inner\">\n\t\t<div class=\"elementor-element elementor-element-9cea1ea e-con-full e-flex e-con e-child\" data-id=\"9cea1ea\" data-element_type=\"container\" data-e-type=\"container\">\n\t\t\t\t<\/div>\n\t\t<div class=\"elementor-element elementor-element-3e2082d e-con-full e-flex e-con e-child\" data-id=\"3e2082d\" data-element_type=\"container\" data-e-type=\"container\">\n\t\t\t\t<div class=\"elementor-element elementor-element-d33e1a4 elementor-widget elementor-widget-heading\" data-id=\"d33e1a4\" data-element_type=\"widget\" data-e-type=\"widget\" data-widget_type=\"heading.default\">\n\t\t\t\t<div class=\"elementor-widget-container\">\n\t\t\t\t\t<h2 class=\"elementor-heading-title elementor-size-default\">Nota legal<\/h2>\t\t\t\t<\/div>\n\t\t\t\t<\/div>\n\t\t\t\t<\/div>\n\t\t<div class=\"elementor-element elementor-element-057a31d e-con-full elementor-hidden-mobile e-flex e-con e-child\" data-id=\"057a31d\" data-element_type=\"container\" data-e-type=\"container\">\n\t\t\t\t<\/div>\n\t\t\t\t\t<\/div>\n\t\t\t\t<\/div>\n\t\t<div class=\"elementor-element elementor-element-4c83d9a e-flex e-con-boxed e-con e-parent\" data-id=\"4c83d9a\" data-element_type=\"container\" data-e-type=\"container\">\n\t\t\t\t\t<div class=\"e-con-inner\">\n\t\t\t\t<div class=\"elementor-element elementor-element-6cb3ee3 elementor-widget elementor-widget-text-editor\" data-id=\"6cb3ee3\" data-element_type=\"widget\" data-e-type=\"widget\" data-widget_type=\"text-editor.default\">\n\t\t\t\t<div class=\"elementor-widget-container\">\n\t\t\t\t\t\t\t\t\t<p>ETISILK S.A., responsable del sitio web, en adelante RESPONSABLE, pone a disposici\u00f3n de los usuarios el presente documento, con el que pretende dar cumplimiento a las obligaciones dispuestas en la Ley 34\/2002, de 11 de julio, de Servicios de la Sociedad de la Informaci\u00f3n y del Comercio Electr\u00f3nico (LSSICE), as\u00ed como informar a todos los usuarios del sitio web respecto a cu\u00e1les son las condiciones de uso.<\/p>\n<p>Toda persona que acceda a este sitio web asume el papel de usuario, comprometi\u00e9ndose a la observancia y cumplimiento riguroso de las disposiciones aqu\u00ed dispuestas, as\u00ed como a cualquier otra disposici\u00f3n legal que fuera de aplicaci\u00f3n.&nbsp;<\/p>\n<p>ETISILK S.A.&nbsp;se reserva el derecho de modificar cualquier tipo de informaci\u00f3n que pudiera aparecer en el sitio web, sin que exista obligaci\u00f3n de preavisar o poner en conocimiento de los usuarios dichas obligaciones, entendi\u00e9ndose como suficiente con la publicaci\u00f3n en el sitio web de ETISILK S.A.<\/p>\n<h1>DATOS IDENTIFICATIVOS<\/h1>\n<p><strong>Denominaci\u00f3n social:<\/strong>&nbsp;ETISILK S.A.<\/p>\n<p><strong>Nombre comercial:<\/strong> Texsilk<\/p>\n<p><strong>CIF:<\/strong> A59729582<\/p>\n<p><strong>Domicilio:<br><\/strong>Cam\u00ed de Salelles, s\/n &#8211; Pol. Industrial Salelles<br>08253 Sant Salvador de Guardiola<br>Barcelona, Spain<\/p>\n<p><strong>e-mail:<\/strong> texsilk@texsilk.eu<\/p>\t\t\t\t\t\t\t\t<\/div>\n\t\t\t\t<\/div>\n\t\t\t\t\t<\/div>\n\t\t\t\t<\/div>\n\t\t\t\t<\/div>","protected":false},"excerpt":{"rendered":"<p>Legal note ETISILK S.A., responsable del sitio web, en adelante RESPONSABLE, pone a disposici\u00f3n de los usuarios el presente documento, con el que pretende dar cumplimiento a las obligaciones dispuestas en la Ley 34\/2002, de 11 de julio, de Servicios de la Sociedad de la Informaci\u00f3n y del Comercio Electr\u00f3nico (LSSICE), as\u00ed como informar a [&hellip;]<\/p>\n","protected":false},"author":1,"featured_media":0,"parent":0,"menu_order":0,"comment_status":"closed","ping_status":"closed","template":"","meta":{"footnotes":""},"class_list":["post-1047","page","type-page","status-publish","hentry"],"_links":{"self":[{"href":"https:\/\/texsilk.eu\/es\/wp-json\/wp\/v2\/pages\/1047","targetHints":{"allow":["GET"]}}],"collection":[{"href":"https:\/\/texsilk.eu\/es\/wp-json\/wp\/v2\/pages"}],"about":[{"href":"https:\/\/texsilk.eu\/es\/wp-json\/wp\/v2\/types\/page"}],"author":[{"embeddable":true,"href":"https:\/\/texsilk.eu\/es\/wp-json\/wp\/v2\/users\/1"}],"replies":[{"embeddable":true,"href":"https:\/\/texsilk.eu\/es\/wp-json\/wp\/v2\/comments?post=1047"}],"version-history":[{"count":3,"href":"https:\/\/texsilk.eu\/es\/wp-json\/wp\/v2\/pages\/1047\/revisions"}],"predecessor-version":[{"id":5823,"href":"https:\/\/texsilk.eu\/es\/wp-json\/wp\/v2\/pages\/1047\/revisions\/5823"}],"wp:attachment":[{"href":"https:\/\/texsilk.eu\/es\/wp-json\/wp\/v2\/media?parent=1047"}],"curies":[{"name":"wp","href":"https:\/\/api.w.org\/{rel}","templated":true}]}}