{"id":4066,"date":"2025-02-24T13:03:53","date_gmt":"2025-02-24T12:03:53","guid":{"rendered":"https:\/\/texsilk.eu\/privacy-statement-eu\/"},"modified":"2025-02-24T13:11:54","modified_gmt":"2025-02-24T12:11:54","slug":"privacy-statement-eu","status":"publish","type":"page","link":"https:\/\/texsilk.eu\/ca\/privacy-statement-eu\/","title":{"rendered":"Privacy Statement (EU)"},"content":{"rendered":"<div data-elementor-type=\"wp-page\" data-elementor-id=\"4066\" class=\"elementor elementor-4066\" data-elementor-post-type=\"page\">\n\t\t\t\t<div class=\"elementor-element elementor-element-90d205d e-flex e-con-boxed e-con e-parent\" data-id=\"90d205d\" data-element_type=\"container\" data-e-type=\"container\">\n\t\t\t\t\t<div class=\"e-con-inner\">\n\t\t<div class=\"elementor-element elementor-element-4cab661 e-con-full e-flex e-con e-child\" data-id=\"4cab661\" data-element_type=\"container\" data-e-type=\"container\">\n\t\t\t\t<\/div>\n\t\t<div class=\"elementor-element elementor-element-266073f e-con-full e-flex e-con e-child\" data-id=\"266073f\" data-element_type=\"container\" data-e-type=\"container\">\n\t\t\t\t<div class=\"elementor-element elementor-element-ac68058 elementor-widget elementor-widget-heading\" data-id=\"ac68058\" data-element_type=\"widget\" data-e-type=\"widget\" data-widget_type=\"heading.default\">\n\t\t\t\t<div class=\"elementor-widget-container\">\n\t\t\t\t\t<h2 class=\"elementor-heading-title elementor-size-default\">Privacy Statement<\/h2>\t\t\t\t<\/div>\n\t\t\t\t<\/div>\n\t\t\t\t<\/div>\n\t\t<div class=\"elementor-element elementor-element-3f29fd6 e-con-full elementor-hidden-mobile e-flex e-con e-child\" data-id=\"3f29fd6\" data-element_type=\"container\" data-e-type=\"container\">\n\t\t\t\t<\/div>\n\t\t\t\t\t<\/div>\n\t\t\t\t<\/div>\n\t\t<div class=\"elementor-element elementor-element-887e115 e-flex e-con-boxed e-con e-parent\" data-id=\"887e115\" data-element_type=\"container\" data-e-type=\"container\">\n\t\t\t\t\t<div class=\"e-con-inner\">\n\t\t\t\t<div class=\"elementor-element elementor-element-de36288 elementor-widget elementor-widget-text-editor\" data-id=\"de36288\" data-element_type=\"widget\" data-e-type=\"widget\" data-widget_type=\"text-editor.default\">\n\t\t\t\t<div class=\"elementor-widget-container\">\n\t\t\t\t\t\t\t\t\t<p>\n<!-- Legal document generated by Complianz | GDPR\/CCPA Cookie Consent https:\/\/wordpress.org\/plugins\/complianz-gdpr -->\n<div id=\"cmplz-document\" class=\"cmplz-document privacy-statement cmplz-document-eu\"><p><i>Aquesta declaraci\u00f3 de privadesa es va actualitzar per \u00faltima vegada el abril 1, 2026 i s&#8217;aplica als ciutadans i residents permanents legals de l&#8217;Espai Econ\u00f2mic Europeu i Su\u00efssa.<\/i><br \/><br \/><\/p><p><p>En aquesta declaraci\u00f3 de privadesa, expliquem qu\u00e8 fem amb les dades que obtenim sobre vost\u00e8 a trav\u00e9s de <a href=\"https:\/\/texsilk.eu\/ca\">https:\/\/texsilk.eu\/ca<\/a>. Us recomanem que llegiu atentament aquesta declaraci\u00f3. En el nostre tractament complim amb els requisits de la legislaci\u00f3 de privadesa. Aix\u00f2 vol dir, entre altres coses, que:   <\/p><ul>\n                <li>indiquem clarament les finalitats per a les quals tractem les dades personals. Ho fem mitjan\u00e7ant aquesta declaraci\u00f3 de privadesa; <\/li>\n                <li>pretenem limitar la nostra recollida de dades personals nom\u00e9s a les dades personals necess\u00e0ries per a finalitats leg\u00edtimes;<\/li>\n                <li>primer demanem el vostre consentiment expl\u00edcit per tractar les vostres dades personals en els casos que requereixin el vostre consentiment;<\/li>\n                <li>prenem les mesures de seguretat adequades per protegir les vostres dades personals i tamb\u00e9 ho exigim a les parts que tracten dades personals en nom nostre;<\/li>\n                <li>respectem el teu dret a accedir a les teves dades personals o a fer-les corregir o suprimir, a petici\u00f3 teva.<\/li>\n            <\/ul><p>Si teniu cap pregunta o voleu saber exactament quines dades conservem de vosaltres, poseu-vos en contacte amb nosaltres.<\/p><\/p><h2>1. Galetes<\/h2><p>El nostre lloc web utilitza cookies. Per obtenir m\u00e9s informaci\u00f3 sobre les galetes, consulteu la nostra <a href=\"https:\/\/texsilk.eu\/ca\/cookie-policy-eu\/\">Pol\u00edtica de galetes<\/a>. &nbsp;<\/p><h2>2. Pr\u00e0ctiques de divulgaci\u00f3<\/h2><p><p>Revelem informaci\u00f3 personal si la llei o una ordre judicial ens ho exigeixen, en resposta a una ag\u00e8ncia d&#8217;aplicaci\u00f3 de la llei, en la mesura que ho permeten altres disposicions de la llei, per proporcionar informaci\u00f3 o per a una investigaci\u00f3 sobre una q\u00fcesti\u00f3 relacionada amb la seguretat p\u00fablica.<\/p><p>Si el nostre lloc web o organitzaci\u00f3 s&#8217;adquireix, ven o participa en una fusi\u00f3 o adquisici\u00f3, les vostres dades es poden revelar als nostres assessors i a qualsevol comprador potencial i es transmetran als nous propietaris.<\/p><\/p><h2>3. Seguretat<\/h2><p>Estem compromesos amb la seguretat de les dades personals. Prenem les mesures de seguretat adequades per limitar l&#8217;ab\u00fas i l&#8217;acc\u00e9s no autoritzat a les dades personals. Aix\u00f2 garanteix que nom\u00e9s les persones necess\u00e0ries tinguin acc\u00e9s a les vostres dades, que l&#8217;acc\u00e9s a les dades estigui protegit i que les nostres mesures de seguretat es revisen peri\u00f2dicament.  <\/p><h2>4. Llocs web de tercers<\/h2><p>Aquesta declaraci\u00f3 de privadesa no s&#8217;aplica als llocs web de tercers connectats mitjan\u00e7ant enlla\u00e7os al nostre lloc web. No podem garantir que aquests tercers gestionen les vostres dades personals d&#8217;una manera fiable o segura. Us recomanem que llegiu les declaracions de privadesa d&#8217;aquests llocs web abans de fer \u00fas d&#8217;aquests llocs web.  <\/p><h2>5. Esmenes a aquesta declaraci\u00f3 de privadesa<\/h2><p>Ens reservem el dret de fer esmenes a aquesta declaraci\u00f3 de privadesa. Es recomana que consulteu aquesta declaraci\u00f3 de privadesa peri\u00f2dicament per tal d&#8217;estar al corrent de qualsevol canvi. A m\u00e9s, us informarem activament sempre que sigui possible.  <\/p><h2>6. Acc\u00e9s i modificaci\u00f3 de les teves dades<\/h2><p>Si teniu cap pregunta o voleu saber quines dades personals tenim sobre vosaltres, poseu-vos en contacte amb nosaltres. Pots contactar amb nosaltres utilitzant la informaci\u00f3 seg\u00fcent. Teniu els seg\u00fcents drets:  <\/p><ul>\n                <li>Teniu dret a saber per qu\u00e8 es necessiten les vostres dades personals, qu\u00e8 hi passar\u00e0 i quant de temps es conservaran.<\/li>\n                <li>Dret d&#8217;acc\u00e9s: tens dret a accedir a les teves dades personals que coneixem.<\/li>\n                <li>Dret de rectificaci\u00f3: t\u00e9 dret a complementar, corregir, suprimir o bloquejar les seves dades personals sempre que ho desitgi.<\/li>\n                <li>Si ens doneu el vostre consentiment per tractar les vostres dades, teniu dret a revocar aquest consentiment i a que se suprimeixin les vostres dades personals.<\/li>\n                <li>Dret a cedir les seves dades: t\u00e9 dret a sol\u00b7licitar totes les seves dades personals al responsable del tractament i transferir-les \u00edntegrament a un altre responsable.<\/li>\n                <li>Dret d&#8217;oposici\u00f3: podeu oposar-vos al tractament de les vostres dades. Complim amb aix\u00f2, llevat que hi hagi motius justificats per al tractament. <\/li>\n            <\/ul><p>Si us plau, assegureu-vos d&#8217;indicar sempre clarament qui sou, de manera que puguem estar segurs que no modifiquem ni eliminem cap dada de la persona equivocada.<\/p><h2>7. Presentaci\u00f3 d&#039;una queixa<\/h2><p>Si no est\u00e0 satisfet amb la forma en qu\u00e8 tractem (una queixa sobre) el tractament de les seves dades personals, t\u00e9 dret a presentar una reclamaci\u00f3 davant l&#8217;Autoritat de Protecci\u00f3 de Dades.<\/p><h2>8. Dades de contacte<\/h2><p>ETISILK S.A<br \/>\n        Cam\u00ed de Salelles, s\/n \u2013 Pol. Industrial Salelles<br \/>\n08253 Sant Salvador de Guardiola<br \/>\nBarcelona, Spain<br \/>\n        Espanya<br \/>\n        Lloc web: <a href=\"https:\/\/texsilk.eu\/ca\">https:\/\/texsilk.eu\/ca<\/a> <br \/>\n        Correu electr\u00f2nic: <span class=\"cmplz-obfuscate\">tex&#115;&#105;&#108;k@<span class=\"cmplz-fmail-domain\">ex&#046;co&#109;<\/span>&#116;ex&#115;&#105;lk.&#101;&#117;<\/span> <br \/>\n        <\/p><\/div><\/p>\t\t\t\t\t\t\t\t<\/div>\n\t\t\t\t<\/div>\n\t\t\t\t\t<\/div>\n\t\t\t\t<\/div>\n\t\t\t\t<\/div>","protected":false},"excerpt":{"rendered":"<p>Privacy Statement<\/p>","protected":false},"author":1,"featured_media":0,"parent":0,"menu_order":0,"comment_status":"closed","ping_status":"closed","template":"","meta":{"footnotes":""},"class_list":["post-4066","page","type-page","status-publish","hentry"],"_links":{"self":[{"href":"https:\/\/texsilk.eu\/ca\/wp-json\/wp\/v2\/pages\/4066","targetHints":{"allow":["GET"]}}],"collection":[{"href":"https:\/\/texsilk.eu\/ca\/wp-json\/wp\/v2\/pages"}],"about":[{"href":"https:\/\/texsilk.eu\/ca\/wp-json\/wp\/v2\/types\/page"}],"author":[{"embeddable":true,"href":"https:\/\/texsilk.eu\/ca\/wp-json\/wp\/v2\/users\/1"}],"replies":[{"embeddable":true,"href":"https:\/\/texsilk.eu\/ca\/wp-json\/wp\/v2\/comments?post=4066"}],"version-history":[{"count":9,"href":"https:\/\/texsilk.eu\/ca\/wp-json\/wp\/v2\/pages\/4066\/revisions"}],"predecessor-version":[{"id":4084,"href":"https:\/\/texsilk.eu\/ca\/wp-json\/wp\/v2\/pages\/4066\/revisions\/4084"}],"wp:attachment":[{"href":"https:\/\/texsilk.eu\/ca\/wp-json\/wp\/v2\/media?parent=4066"}],"curies":[{"name":"wp","href":"https:\/\/api.w.org\/{rel}","templated":true}]}}