{"id":3517,"date":"2025-02-10T13:35:06","date_gmt":"2025-02-10T12:35:06","guid":{"rendered":"https:\/\/texsilk.eu\/?page_id=3517"},"modified":"2025-03-03T12:00:30","modified_gmt":"2025-03-03T11:00:30","slug":"blankets","status":"publish","type":"page","link":"https:\/\/texsilk.eu\/ca\/blankets\/","title":{"rendered":"Mantes"},"content":{"rendered":"<div data-elementor-type=\"wp-page\" data-elementor-id=\"3517\" class=\"elementor elementor-3517\" data-elementor-post-type=\"page\">\n\t\t\t\t<div class=\"elementor-element elementor-element-b190b78 e-flex e-con-boxed e-con e-parent\" data-id=\"b190b78\" data-element_type=\"container\" data-e-type=\"container\" data-settings=\"{&quot;background_background&quot;:&quot;classic&quot;}\">\n\t\t\t\t\t<div class=\"e-con-inner\">\n\t\t\t\t<div class=\"elementor-element elementor-element-b6c49da elementor-widget elementor-widget-heading\" data-id=\"b6c49da\" data-element_type=\"widget\" data-e-type=\"widget\" data-widget_type=\"heading.default\">\n\t\t\t\t<div class=\"elementor-widget-container\">\n\t\t\t\t\t<h2 class=\"elementor-heading-title elementor-size-default\">Mantes per a exteriors<\/h2>\t\t\t\t<\/div>\n\t\t\t\t<\/div>\n\t\t\t\t\t<\/div>\n\t\t\t\t<\/div>\n\t\t<div class=\"elementor-element elementor-element-ddece65 e-flex e-con-boxed e-con e-parent\" data-id=\"ddece65\" data-element_type=\"container\" data-e-type=\"container\" data-settings=\"{&quot;background_background&quot;:&quot;classic&quot;}\">\n\t\t\t\t\t<div class=\"e-con-inner\">\n\t\t<div class=\"elementor-element elementor-element-6d6c41a e-flex e-con-boxed e-con e-child\" data-id=\"6d6c41a\" data-element_type=\"container\" data-e-type=\"container\">\n\t\t\t\t\t<div class=\"e-con-inner\">\n\t\t\t\t<div class=\"elementor-element elementor-element-abb9f43 elementor-widget__width-inherit elementor-widget-mobile__width-inherit elementor-widget elementor-widget-text-editor\" data-id=\"abb9f43\" data-element_type=\"widget\" data-e-type=\"widget\" data-widget_type=\"text-editor.default\">\n\t\t\t\t<div class=\"elementor-widget-container\">\n\t\t\t\t\t\t\t\t\t<div class=\"page\" title=\"Page 8\"><div class=\"section\"><div class=\"layoutArea\"><div class=\"column\"><p class=\"p1\"><strong>Texsilk presenta la primera manta dissenyada <br \/>especialment per a exteriors. Aquesta manta de <br \/>punt est\u00e0 fabricada amb els mateixos fils d\u2019alta qualitat per a exteriors que produ\u00efm a la nostra planta de Barcelona i que ja s\u2019utilitzen en els teixits Texsilk.<\/strong><\/p><p class=\"p1\"><strong>\u00c9s suau, c\u00e0lida i no es veu afectada per les condicions exteriors com la pluja o la humitat alta.<\/strong><\/p><\/div><\/div><\/div><\/div>\t\t\t\t\t\t\t\t<\/div>\n\t\t\t\t<\/div>\n\t\t\t\t<div class=\"elementor-element elementor-element-bb6b86f elementor-widget elementor-widget-image\" data-id=\"bb6b86f\" data-element_type=\"widget\" data-e-type=\"widget\" data-widget_type=\"image.default\">\n\t\t\t\t<div class=\"elementor-widget-container\">\n\t\t\t\t\t\t\t\t\t\t\t\t\t\t\t<img fetchpriority=\"high\" decoding=\"async\" width=\"511\" height=\"389\" src=\"https:\/\/texsilk.eu\/wp-content\/uploads\/2025\/02\/blanket1-511x389.jpg\" class=\"attachment-large size-large wp-image-3521\" alt=\"\" srcset=\"https:\/\/texsilk.eu\/wp-content\/uploads\/2025\/02\/blanket1-511x389.jpg 511w, https:\/\/texsilk.eu\/wp-content\/uploads\/2025\/02\/blanket1-358x272.jpg 358w, https:\/\/texsilk.eu\/wp-content\/uploads\/2025\/02\/blanket1-16x12.jpg 16w, https:\/\/texsilk.eu\/wp-content\/uploads\/2025\/02\/blanket1.jpg 740w\" sizes=\"(max-width: 511px) 100vw, 511px\" \/>\t\t\t\t\t\t\t\t\t\t\t\t\t\t\t<\/div>\n\t\t\t\t<\/div>\n\t\t\t\t\t<\/div>\n\t\t\t\t<\/div>\n\t\t<div class=\"elementor-element elementor-element-a2e538d e-flex e-con-boxed e-con e-child\" data-id=\"a2e538d\" data-element_type=\"container\" data-e-type=\"container\">\n\t\t\t\t\t<div class=\"e-con-inner\">\n\t\t\t\t<div class=\"elementor-element elementor-element-6a71c6a elementor-widget__width-inherit elementor-widget elementor-widget-heading\" data-id=\"6a71c6a\" data-element_type=\"widget\" data-e-type=\"widget\" data-widget_type=\"heading.default\">\n\t\t\t\t<div class=\"elementor-widget-container\">\n\t\t\t\t\t<h2 class=\"elementor-heading-title elementor-size-default\">Beneficis clau<\/h2>\t\t\t\t<\/div>\n\t\t\t\t<\/div>\n\t\t\t\t<div class=\"elementor-element elementor-element-cdf4140 elementor-widget__width-inherit elementor-widget-mobile__width-inherit elementor-widget elementor-widget-text-editor\" data-id=\"cdf4140\" data-element_type=\"widget\" data-e-type=\"widget\" data-widget_type=\"text-editor.default\">\n\t\t\t\t<div class=\"elementor-widget-container\">\n\t\t\t\t\t\t\t\t\t<div class=\"page\" title=\"Page 8\"><div class=\"section\"><div class=\"layoutArea\"><div class=\"column\"><div class=\"page\" title=\"Page 8\"><div class=\"section\"><div class=\"layoutArea\"><div class=\"column\"><p class=\"p1\"><b>Aquesta manta \u00e9s ideal per a espais exteriors gr\u00e0cies a la seva gran resist\u00e8ncia a la intemp\u00e8rie i la seva durabilitat. Ofereix una experi\u00e8ncia c\u00f2moda i c\u00e0lida, ja que l\u2019Olefina, material amb el qual est\u00e0 fabricada, t\u00e9 la menor conductivitat t\u00e8rmica de totes les fibres sint\u00e8tiques, proporcionant aix\u00ed una gran retenci\u00f3 de la calor.<\/b><\/p><\/div><\/div><\/div><\/div><\/div><\/div><\/div><\/div>\t\t\t\t\t\t\t\t<\/div>\n\t\t\t\t<\/div>\n\t\t\t\t<div class=\"elementor-element elementor-element-b670e63 elementor-widget__width-inherit elementor-widget elementor-widget-heading\" data-id=\"b670e63\" data-element_type=\"widget\" data-e-type=\"widget\" data-widget_type=\"heading.default\">\n\t\t\t\t<div class=\"elementor-widget-container\">\n\t\t\t\t\t<h2 class=\"elementor-heading-title elementor-size-default\">Propietats<\/h2>\t\t\t\t<\/div>\n\t\t\t\t<\/div>\n\t\t\t\t<div class=\"elementor-element elementor-element-6e5d609 elementor-widget__width-inherit elementor-widget-mobile__width-inherit elementor-widget elementor-widget-text-editor\" data-id=\"6e5d609\" data-element_type=\"widget\" data-e-type=\"widget\" data-widget_type=\"text-editor.default\">\n\t\t\t\t<div class=\"elementor-widget-container\">\n\t\t\t\t\t\t\t\t\t<div class=\"page\" title=\"Page 8\"><div class=\"section\"><div class=\"layoutArea\"><div class=\"column\"><div class=\"page\" title=\"Page 8\"><div class=\"section\"><div class=\"layoutArea\"><div class=\"column\"><p class=\"p1\">\u2022 Resist\u00e8ncia a la intemp\u00e8rie: Fil hidrof\u00f2bic (no es fa malb\u00e9 amb l\u2019aigua o la humitat alta). Fabricat amb el mateix fil que els teixits TEXSILK<br \/>\u2022 Alta solidesa del color davant del sol i la llum UV<br \/>\u2022 Resist\u00e8ncia qu\u00edmica alta: es pot desinfectar f\u00e0cilment amb qualsevol producte qu\u00edmic, incl\u00f2s el lleixiu<br \/>\u2022 Resist\u00e8ncia natural a les taques i f\u00e0cil de cuidar<br \/>\u2022 Baix consum d\u2019aigua en el rentat (material hidrof\u00f2bic que no absorbeix aigua)<br \/>\u2022 Assecat r\u00e0pid<br \/>\u2022 Sense \"pilling\" (fabricat amb filaments continus)<br \/>\u2022 Certificaci\u00f3 Oeko-Tex Classe 1<br \/>\u2022 Lliure de PFAS i 100% reciclable<\/p><\/div><\/div><\/div><\/div><\/div><\/div><\/div><\/div>\t\t\t\t\t\t\t\t<\/div>\n\t\t\t\t<\/div>\n\t\t\t\t\t<\/div>\n\t\t\t\t<\/div>\n\t\t\t\t\t<\/div>\n\t\t\t\t<\/div>\n\t\t<div class=\"elementor-element elementor-element-0b63e85 e-flex e-con-boxed e-con e-parent\" data-id=\"0b63e85\" data-element_type=\"container\" data-e-type=\"container\" data-settings=\"{&quot;background_background&quot;:&quot;classic&quot;}\">\n\t\t\t\t\t<div class=\"e-con-inner\">\n\t\t<div class=\"elementor-element elementor-element-6222641 e-flex e-con-boxed e-con e-child\" data-id=\"6222641\" data-element_type=\"container\" data-e-type=\"container\">\n\t\t\t\t\t<div class=\"e-con-inner\">\n\t\t\t\t<div class=\"elementor-element elementor-element-6a48d40 elementor-widget__width-inherit elementor-widget elementor-widget-heading\" data-id=\"6a48d40\" data-element_type=\"widget\" data-e-type=\"widget\" data-widget_type=\"heading.default\">\n\t\t\t\t<div class=\"elementor-widget-container\">\n\t\t\t\t\t<h2 class=\"elementor-heading-title elementor-size-default\">Dissenyada per al sector de l'hostaleria i espais a l\u2019aire lliure<\/h2>\t\t\t\t<\/div>\n\t\t\t\t<\/div>\n\t\t\t\t<div class=\"elementor-element elementor-element-4236c09 elementor-widget__width-inherit elementor-widget-mobile__width-inherit elementor-widget elementor-widget-text-editor\" data-id=\"4236c09\" data-element_type=\"widget\" data-e-type=\"widget\" data-widget_type=\"text-editor.default\">\n\t\t\t\t<div class=\"elementor-widget-container\">\n\t\t\t\t\t\t\t\t\t<div class=\"page\" title=\"Page 8\"><div class=\"section\"><div class=\"layoutArea\"><div class=\"column\"><p class=\"p1\">Aquesta manta ha estat creada especialment per a establiments d\u2019hostaleria com ara hotels, restaurants i caf\u00e8s que volen oferir el m\u00e0xim confort als seus clients a les terrasses i zones exteriors. Gr\u00e0cies a la seva gran resist\u00e8ncia a la intemp\u00e8rie, al sol i a la humitat, \u00e9s una opci\u00f3 perfecta per a \u00fas professional, mantenint-se en perfectes condicions malgrat l\u2019\u00fas freq\u00fcent.<\/p><p class=\"p1\">A m\u00e9s, la seva personalitzaci\u00f3 amb el nom o el logotip de l\u2019establiment permet refor\u00e7ar la imatge de marca i oferir una experi\u00e8ncia acollidora i exclusiva. La seva f\u00e0cil neteja i manteniment fan que sigui una soluci\u00f3 pr\u00e0ctica i eficient per a negocis d\u2019hostaleria que busquen qualitat, durabilitat i estil en els seus espais a l\u2019aire lliure.<\/p><\/div><\/div><\/div><\/div>\t\t\t\t\t\t\t\t<\/div>\n\t\t\t\t<\/div>\n\t\t\t\t\t<\/div>\n\t\t\t\t<\/div>\n\t\t<div class=\"elementor-element elementor-element-f1f52fb e-flex e-con-boxed e-con e-child\" data-id=\"f1f52fb\" data-element_type=\"container\" data-e-type=\"container\">\n\t\t\t\t\t<div class=\"e-con-inner\">\n\t\t\t\t<div class=\"elementor-element elementor-element-a64f463 elementor-widget elementor-widget-image\" data-id=\"a64f463\" data-element_type=\"widget\" data-e-type=\"widget\" data-widget_type=\"image.default\">\n\t\t\t\t<div class=\"elementor-widget-container\">\n\t\t\t\t\t\t\t\t\t\t\t\t\t\t\t<img decoding=\"async\" width=\"404\" height=\"389\" src=\"https:\/\/texsilk.eu\/wp-content\/uploads\/2025\/02\/blanket3-404x389.jpg\" class=\"attachment-large size-large wp-image-3982\" alt=\"\" srcset=\"https:\/\/texsilk.eu\/wp-content\/uploads\/2025\/02\/blanket3-404x389.jpg 404w, https:\/\/texsilk.eu\/wp-content\/uploads\/2025\/02\/blanket3-283x272.jpg 283w, https:\/\/texsilk.eu\/wp-content\/uploads\/2025\/02\/blanket3-12x12.jpg 12w, https:\/\/texsilk.eu\/wp-content\/uploads\/2025\/02\/blanket3.jpg 740w\" sizes=\"(max-width: 404px) 100vw, 404px\" \/>\t\t\t\t\t\t\t\t\t\t\t\t\t\t\t<\/div>\n\t\t\t\t<\/div>\n\t\t\t\t\t<\/div>\n\t\t\t\t<\/div>\n\t\t\t\t\t<\/div>\n\t\t\t\t<\/div>\n\t\t<div class=\"elementor-element elementor-element-f8ff363 e-flex e-con-boxed e-con e-parent\" data-id=\"f8ff363\" data-element_type=\"container\" data-e-type=\"container\" data-settings=\"{&quot;background_background&quot;:&quot;classic&quot;}\">\n\t\t\t\t\t<div class=\"e-con-inner\">\n\t\t\t\t<div class=\"elementor-element elementor-element-7a9b281 elementor-widget elementor-widget-image\" data-id=\"7a9b281\" data-element_type=\"widget\" data-e-type=\"widget\" data-widget_type=\"image.default\">\n\t\t\t\t<div class=\"elementor-widget-container\">\n\t\t\t\t\t\t\t\t\t\t\t\t\t\t\t<img decoding=\"async\" src=\"https:\/\/texsilk.eu\/wp-content\/uploads\/elementor\/thumbs\/Blanket_collection-r1aub7aj5z5ui1bzmn1eahehrt3uz7olyhnq2extki.jpg\" title=\"Blanket_collection\" alt=\"Blanket_collection\" loading=\"lazy\" \/>\t\t\t\t\t\t\t\t\t\t\t\t\t\t\t<\/div>\n\t\t\t\t<\/div>\n\t\t\t\t<div class=\"elementor-element elementor-element-a675e53 elementor-widget__width-inherit elementor-widget elementor-widget-heading\" data-id=\"a675e53\" data-element_type=\"widget\" data-e-type=\"widget\" data-widget_type=\"heading.default\">\n\t\t\t\t<div class=\"elementor-widget-container\">\n\t\t\t\t\t<h2 class=\"elementor-heading-title elementor-size-default\">Col\u00b7leccions mantes<\/h2>\t\t\t\t<\/div>\n\t\t\t\t<\/div>\n\t\t\t\t\t<\/div>\n\t\t\t\t<\/div>\n\t\t<div class=\"elementor-element elementor-element-20a6fb9 e-flex e-con-boxed e-con e-parent\" data-id=\"20a6fb9\" data-element_type=\"container\" data-e-type=\"container\" data-settings=\"{&quot;background_background&quot;:&quot;classic&quot;}\">\n\t\t\t\t\t<div class=\"e-con-inner\">\n\t\t<div class=\"elementor-element elementor-element-e8625f1 e-flex e-con-boxed e-con e-child\" data-id=\"e8625f1\" data-element_type=\"container\" data-e-type=\"container\">\n\t\t\t\t\t<div class=\"e-con-inner\">\n\t\t\t\t<div class=\"elementor-element elementor-element-7ea7744 elementor-widget__width-initial elementor-widget-mobile__width-inherit elementor-widget elementor-widget-heading\" data-id=\"7ea7744\" data-element_type=\"widget\" data-e-type=\"widget\" data-widget_type=\"heading.default\">\n\t\t\t\t<div class=\"elementor-widget-container\">\n\t\t\t\t\t<h2 class=\"elementor-heading-title elementor-size-default\">Especificacions t\u00e8cniques<\/h2>\t\t\t\t<\/div>\n\t\t\t\t<\/div>\n\t\t\t\t<div class=\"elementor-element elementor-element-f234cd5 elementor-widget__width-initial elementor-widget-mobile__width-inherit elementor-widget elementor-widget-text-editor\" data-id=\"f234cd5\" data-element_type=\"widget\" data-e-type=\"widget\" data-widget_type=\"text-editor.default\">\n\t\t\t\t<div class=\"elementor-widget-container\">\n\t\t\t\t\t\t\t\t\t<div class=\"page\" title=\"Page 8\"><div class=\"section\"><div class=\"layoutArea\"><div class=\"column\"><ul><li>Composici\u00f3: Olefina tenyida en soluci\u00f3<\/li><li><p class=\"p1\">Tipus de teixit: Punt<\/p><\/li><li><p class=\"p1\">Pes: 850 g\/unitat<\/p><\/li><li><p class=\"p1\">Mida de la manta: 1,10 x 1,70 m<\/p><\/li><li><p class=\"p1\">Rentable amb lleixiu: S\u00ed<\/p><\/li><li><p class=\"p1\">Temperatura de rentat: M\u00e0xim 40 graus<\/p><\/li><\/ul><\/div><\/div><\/div><\/div>\t\t\t\t\t\t\t\t<\/div>\n\t\t\t\t<\/div>\n\t\t\t\t\t<\/div>\n\t\t\t\t<\/div>\n\t\t<div class=\"elementor-element elementor-element-86a05e6 e-flex e-con-boxed e-con e-child\" data-id=\"86a05e6\" data-element_type=\"container\" data-e-type=\"container\">\n\t\t\t\t\t<div class=\"e-con-inner\">\n\t\t\t\t<div class=\"elementor-element elementor-element-20d72ae elementor-widget__width-initial elementor-widget-mobile__width-inherit elementor-widget elementor-widget-heading\" data-id=\"20d72ae\" data-element_type=\"widget\" data-e-type=\"widget\" data-widget_type=\"heading.default\">\n\t\t\t\t<div class=\"elementor-widget-container\">\n\t\t\t\t\t<h2 class=\"elementor-heading-title elementor-size-default\">Instruccions de cura i recomanacions de Texsilk<\/h2>\t\t\t\t<\/div>\n\t\t\t\t<\/div>\n\t\t\t\t<div class=\"elementor-element elementor-element-94c5148 elementor-widget__width-initial elementor-widget-mobile__width-inherit elementor-widget elementor-widget-text-editor\" data-id=\"94c5148\" data-element_type=\"widget\" data-e-type=\"widget\" data-widget_type=\"text-editor.default\">\n\t\t\t\t<div class=\"elementor-widget-container\">\n\t\t\t\t\t\t\t\t\t<div class=\"page\" title=\"Page 8\"><div class=\"section\"><div class=\"layoutArea\"><div class=\"column\"><p class=\"p1\"><b>\u2022 Deixar assecar completament<br \/><\/b><b>\u2022 Guardar-ho protegit de les inclem\u00e8ncies del temps<br \/><\/b><b>\u2022 No s\u2019hauria de col\u00b7locar a prop de superf\u00edcies reflectants o elements de calefacci\u00f3<\/b><\/p><\/div><\/div><\/div><\/div>\t\t\t\t\t\t\t\t<\/div>\n\t\t\t\t<\/div>\n\t\t\t\t<div class=\"elementor-element elementor-element-aaa375c elementor-widget elementor-widget-image\" data-id=\"aaa375c\" data-element_type=\"widget\" data-e-type=\"widget\" data-widget_type=\"image.default\">\n\t\t\t\t<div class=\"elementor-widget-container\">\n\t\t\t\t\t\t\t\t\t\t\t\t\t\t\t<img decoding=\"async\" width=\"261\" height=\"34\" src=\"https:\/\/texsilk.eu\/wp-content\/uploads\/2025\/02\/Blankets_simbols.png\" class=\"attachment-large size-large wp-image-3526\" alt=\"\" srcset=\"https:\/\/texsilk.eu\/wp-content\/uploads\/2025\/02\/Blankets_simbols.png 261w, https:\/\/texsilk.eu\/wp-content\/uploads\/2025\/02\/Blankets_simbols-18x2.png 18w\" sizes=\"(max-width: 261px) 100vw, 261px\" \/>\t\t\t\t\t\t\t\t\t\t\t\t\t\t\t<\/div>\n\t\t\t\t<\/div>\n\t\t\t\t\t<\/div>\n\t\t\t\t<\/div>\n\t\t\t\t\t<\/div>\n\t\t\t\t<\/div>\n\t\t<div class=\"elementor-element elementor-element-6349645 e-flex e-con-boxed e-con e-parent\" data-id=\"6349645\" data-element_type=\"container\" data-e-type=\"container\">\n\t\t\t\t\t<div class=\"e-con-inner\">\n\t\t\t\t<div class=\"elementor-element elementor-element-35d6f1b elementor-widget__width-initial elementor-widget-mobile__width-initial elementor-widget elementor-widget-image\" data-id=\"35d6f1b\" data-element_type=\"widget\" data-e-type=\"widget\" data-widget_type=\"image.default\">\n\t\t\t\t<div class=\"elementor-widget-container\">\n\t\t\t\t\t\t\t\t\t\t\t\t\t\t\t<img loading=\"lazy\" decoding=\"async\" width=\"194\" height=\"113\" src=\"https:\/\/texsilk.eu\/wp-content\/uploads\/2025\/02\/Logo_blankets.jpg\" class=\"attachment-full size-full wp-image-3527\" alt=\"\" srcset=\"https:\/\/texsilk.eu\/wp-content\/uploads\/2025\/02\/Logo_blankets.jpg 194w, https:\/\/texsilk.eu\/wp-content\/uploads\/2025\/02\/Logo_blankets-18x10.jpg 18w\" sizes=\"(max-width: 194px) 100vw, 194px\" \/>\t\t\t\t\t\t\t\t\t\t\t\t\t\t\t<\/div>\n\t\t\t\t<\/div>\n\t\t\t\t<div class=\"elementor-element elementor-element-e468137 elementor-widget__width-initial elementor-widget-mobile__width-inherit elementor-widget elementor-widget-image\" data-id=\"e468137\" data-element_type=\"widget\" data-e-type=\"widget\" data-widget_type=\"image.default\">\n\t\t\t\t<div class=\"elementor-widget-container\">\n\t\t\t\t\t\t\t\t\t\t\t\t\t\t\t<img loading=\"lazy\" decoding=\"async\" width=\"868\" height=\"92\" src=\"https:\/\/texsilk.eu\/wp-content\/uploads\/2025\/02\/logos_blankets.jpg\" class=\"attachment-full size-full wp-image-3528\" alt=\"\" srcset=\"https:\/\/texsilk.eu\/wp-content\/uploads\/2025\/02\/logos_blankets.jpg 868w, https:\/\/texsilk.eu\/wp-content\/uploads\/2025\/02\/logos_blankets-433x46.jpg 433w, https:\/\/texsilk.eu\/wp-content\/uploads\/2025\/02\/logos_blankets-600x64.jpg 600w, https:\/\/texsilk.eu\/wp-content\/uploads\/2025\/02\/logos_blankets-768x81.jpg 768w, https:\/\/texsilk.eu\/wp-content\/uploads\/2025\/02\/logos_blankets-18x2.jpg 18w\" sizes=\"(max-width: 868px) 100vw, 868px\" \/>\t\t\t\t\t\t\t\t\t\t\t\t\t\t\t<\/div>\n\t\t\t\t<\/div>\n\t\t\t\t\t<\/div>\n\t\t\t\t<\/div>\n\t\t\t\t<\/div>","protected":false},"excerpt":{"rendered":"<p>Outdoor blankets Texsilk presents the first blanket made specially for outdoors. This knitted blanket is made from the same exceptional outdoor yarns produced in our plant in Barcelona already used in our Texsilk woven fabrics. It is soft, warm and not damaged by the outdoor environment like rain or high humidity. Key benefits This blanket [&hellip;]<\/p>\n","protected":false},"author":3,"featured_media":0,"parent":0,"menu_order":0,"comment_status":"closed","ping_status":"closed","template":"","meta":{"footnotes":""},"class_list":["post-3517","page","type-page","status-publish","hentry"],"_links":{"self":[{"href":"https:\/\/texsilk.eu\/ca\/wp-json\/wp\/v2\/pages\/3517","targetHints":{"allow":["GET"]}}],"collection":[{"href":"https:\/\/texsilk.eu\/ca\/wp-json\/wp\/v2\/pages"}],"about":[{"href":"https:\/\/texsilk.eu\/ca\/wp-json\/wp\/v2\/types\/page"}],"author":[{"embeddable":true,"href":"https:\/\/texsilk.eu\/ca\/wp-json\/wp\/v2\/users\/3"}],"replies":[{"embeddable":true,"href":"https:\/\/texsilk.eu\/ca\/wp-json\/wp\/v2\/comments?post=3517"}],"version-history":[{"count":85,"href":"https:\/\/texsilk.eu\/ca\/wp-json\/wp\/v2\/pages\/3517\/revisions"}],"predecessor-version":[{"id":4021,"href":"https:\/\/texsilk.eu\/ca\/wp-json\/wp\/v2\/pages\/3517\/revisions\/4021"}],"wp:attachment":[{"href":"https:\/\/texsilk.eu\/ca\/wp-json\/wp\/v2\/media?parent=3517"}],"curies":[{"name":"wp","href":"https:\/\/api.w.org\/{rel}","templated":true}]}}