{"id":3,"date":"2022-10-03T09:38:53","date_gmt":"2022-10-03T09:38:53","guid":{"rendered":"https:\/\/texsilk.eu\/?page_id=3"},"modified":"2023-12-28T19:06:56","modified_gmt":"2023-12-28T18:06:56","slug":"privacy-policy","status":"publish","type":"page","link":"https:\/\/texsilk.eu\/ca\/privacy-policy\/","title":{"rendered":"Pol\u00edtica de privacitat"},"content":{"rendered":"<div data-elementor-type=\"wp-page\" data-elementor-id=\"3\" class=\"elementor elementor-3\" data-elementor-post-type=\"page\">\n\t\t\t\t<div class=\"elementor-element elementor-element-22cc834 e-flex e-con-boxed e-con e-parent\" data-id=\"22cc834\" data-element_type=\"container\" data-e-type=\"container\">\n\t\t\t\t\t<div class=\"e-con-inner\">\n\t\t<div class=\"elementor-element elementor-element-dda1294 e-con-full e-flex e-con e-child\" data-id=\"dda1294\" data-element_type=\"container\" data-e-type=\"container\">\n\t\t\t\t<\/div>\n\t\t<div class=\"elementor-element elementor-element-7735948 e-con-full e-flex e-con e-child\" data-id=\"7735948\" data-element_type=\"container\" data-e-type=\"container\">\n\t\t\t\t<div class=\"elementor-element elementor-element-db3b508 elementor-widget elementor-widget-heading\" data-id=\"db3b508\" data-element_type=\"widget\" data-e-type=\"widget\" data-widget_type=\"heading.default\">\n\t\t\t\t<div class=\"elementor-widget-container\">\n\t\t\t\t\t<h2 class=\"elementor-heading-title elementor-size-default\">Pol\u00edtica de privacitat<\/h2>\t\t\t\t<\/div>\n\t\t\t\t<\/div>\n\t\t\t\t<\/div>\n\t\t<div class=\"elementor-element elementor-element-78571ba e-con-full elementor-hidden-mobile e-flex e-con e-child\" data-id=\"78571ba\" data-element_type=\"container\" data-e-type=\"container\">\n\t\t\t\t<\/div>\n\t\t\t\t\t<\/div>\n\t\t\t\t<\/div>\n\t\t<div class=\"elementor-element elementor-element-c4942e8 e-flex e-con-boxed e-con e-parent\" data-id=\"c4942e8\" data-element_type=\"container\" data-e-type=\"container\">\n\t\t\t\t\t<div class=\"e-con-inner\">\n\t\t\t\t<div class=\"elementor-element elementor-element-185cfc1 elementor-widget elementor-widget-text-editor\" data-id=\"185cfc1\" data-element_type=\"widget\" data-e-type=\"widget\" data-widget_type=\"text-editor.default\">\n\t\t\t\t<div class=\"elementor-widget-container\">\n\t\t\t\t\t\t\t\t\tA TEXSILK, accessible des de https:\/\/TEXSILK.eu\/, una de les nostres principals prioritats \u00e9s la privadesa dels nostres visitants. Aquest document de pol\u00edtica de privadesa cont\u00e9 els tipus d'informaci\u00f3 que es recopila, es registra i s\u2019utilitza per TEXSILK. Si tens preguntes addicionals o necessites m\u00e9s informaci\u00f3 sobre la nostra Pol\u00edtica de privadesa, no dubtis en contactar-nos.\n<h2>Fitxers de registre<\/h2>\nTEXSILK segueix un procediment est\u00e0ndard d'\u00fas de fitxers de registre. Aquests fitxers registren els visitants quan visiten llocs web. Totes les empreses d'allotjament fan aix\u00f2 com a part de l'anal\u00edtica dels serveis d'allotjament. La informaci\u00f3 recopilada pels fitxers de registre inclou adreces de protocol d'internet (IP), tipus de navegador, Prove\u00efdor de Serveis d'Internet (ISP), data i hora, p\u00e0gines de refer\u00e8ncia\/sortida i possiblement el nombre de clics. Aquesta informaci\u00f3 no est\u00e0 vinculada a dades personals identificables. L'objectiu de la informaci\u00f3 \u00e9s analitzar tend\u00e8ncies, administrar el lloc, rastrejar el moviment dels usuaris al lloc web i recopilar informaci\u00f3 demogr\u00e0fica. La nostra Pol\u00edtica de privadesa va ser creada amb l'ajuda d'un <a href=\"https:\/\/www.privacypolicygenerator.org\" target=\"_blank\" rel=\"noopener\">generador de pol\u00edtiques de privacitat<\/a>.\n<h2>'Cookies' i balises web<\/h2>\nCom qualsevol altre lloc web, TEXSILK utilitza 'cookies'. Aquestes 'cookies' s'utilitzen per emmagatzemar informaci\u00f3, incloent les prefer\u00e8ncies dels visitants i les p\u00e0gines del lloc web que el visitant ha accedit o visitat. La informaci\u00f3 s'utilitza per optimitzar l'experi\u00e8ncia dels usuaris personalitzant el contingut de la nostra p\u00e0gina web en funci\u00f3 del tipus de navegador dels visitants i\/o d'altra informaci\u00f3.\n<h2>Pol\u00edtiques de privacitat<\/h2>\nPots consultar aquesta llista per trobar la pol\u00edtica de privadesa de cadascun dels socis publicitaris de TEXSILK. Els servidors d'anuncis de tercers o les xarxes d'anuncis utilitzen tecnologies com 'cookies', JavaScript o balises web que s'utilitzen en els seus respectius anuncis i enlla\u00e7os que apareixen a TEXSILK, que s'envien directament al navegador dels usuaris. Autom\u00e0ticament reben la teva adre\u00e7a IP quan aix\u00f2 passa. Aquestes tecnologies s'utilitzen per mesurar l'efectivitat de les seves campanyes publicit\u00e0ries i\/o per personalitzar el contingut publicitari que veus als llocs web que visites. Tingues en compte que TEXSILK no t\u00e9 acc\u00e9s ni control sobre aquestes 'cookies' que utilitzen els anunciants de tercers.\n<h2>Pol\u00edtiques de privacitat de tercers<\/h2>\nLa pol\u00edtica de privadesa de TEXSILK no s'aplica a altres anunciants o llocs web. Per tant, et recomanem consultar les respectives pol\u00edtiques de privadesa d'aquests servidors d'anuncis de tercers per obtenir informaci\u00f3 m\u00e9s detallada. Pots incloure les teves pr\u00e0ctiques i instruccions sobre com optar per no participar en certes opcions. Pots escollir deshabilitar les 'cookies' a trav\u00e9s de les opcions del teu navegador individual. Per con\u00e8ixer informaci\u00f3 m\u00e9s detallada sobre la gesti\u00f3 de 'cookies' amb navegadors espec\u00edfics, ho pots trobar als respectius llocs web dels navegadors.\n<h2>Informaci\u00f3 dels menors<\/h2>\nUna altra de les nostres prioritats \u00e9s afegir protecci\u00f3 per als infants mentre utilitzen internet. Animem pares, mares i tutors a observar, participar i\/o monitorar i guiar la seva activitat en l\u00ednia. TEXSILK no recopila intencionadament cap informaci\u00f3 personal identificable d\u2019infants menors de 13 anys. Si creus que el teu fill\/a ha proporcionat aquest tipus d'informaci\u00f3 al nostre lloc web, et recomanem que et posis en contacte amb nosaltres immediatament i farem el possible per eliminar aquesta informaci\u00f3 dels nostres registres.\n<h2>Pol\u00edtica de privadesa nom\u00e9s en l\u00ednia<\/h2>\nAquesta pol\u00edtica de privacitat s'aplica nom\u00e9s a les nostres activitats en l\u00ednia i \u00e9s v\u00e0lida per als visitants del nostre lloc web pel que fa a la informaci\u00f3 que han compartit i\/o recopilat a TEXSILK. Aquesta pol\u00edtica no \u00e9s aplicable a cap informaci\u00f3 recopilada fora de l\u00ednia o a trav\u00e9s de canals diferents d'aquest lloc web.\n<h2>Consentiment<\/h2>\nEn utilitzar el nostre lloc web, acceptes la nostra pol\u00edtica de privacitat i est\u00e0s d'acord amb els seus termes i Condicions.\t\t\t\t\t\t\t\t<\/div>\n\t\t\t\t<\/div>\n\t\t\t\t\t<\/div>\n\t\t\t\t<\/div>\n\t\t\t\t<\/div>","protected":false},"excerpt":{"rendered":"<p>Home Privacy policy At TexSilk, accessible from https:\/\/texsilk.eu\/, one of our main priorities is the privacy of our visitors. This Privacy Policy document contains types of information that is collected and recorded by TexSilk and how we use it. If you have additional questions or require more information about our Privacy Policy, do not hesitate [&hellip;]<\/p>\n","protected":false},"author":1,"featured_media":0,"parent":0,"menu_order":0,"comment_status":"closed","ping_status":"open","template":"","meta":{"footnotes":""},"class_list":["post-3","page","type-page","status-publish","hentry"],"_links":{"self":[{"href":"https:\/\/texsilk.eu\/ca\/wp-json\/wp\/v2\/pages\/3","targetHints":{"allow":["GET"]}}],"collection":[{"href":"https:\/\/texsilk.eu\/ca\/wp-json\/wp\/v2\/pages"}],"about":[{"href":"https:\/\/texsilk.eu\/ca\/wp-json\/wp\/v2\/types\/page"}],"author":[{"embeddable":true,"href":"https:\/\/texsilk.eu\/ca\/wp-json\/wp\/v2\/users\/1"}],"replies":[{"embeddable":true,"href":"https:\/\/texsilk.eu\/ca\/wp-json\/wp\/v2\/comments?post=3"}],"version-history":[{"count":0,"href":"https:\/\/texsilk.eu\/ca\/wp-json\/wp\/v2\/pages\/3\/revisions"}],"wp:attachment":[{"href":"https:\/\/texsilk.eu\/ca\/wp-json\/wp\/v2\/media?parent=3"}],"curies":[{"name":"wp","href":"https:\/\/api.w.org\/{rel}","templated":true}]}}