{"id":2012,"date":"2023-10-13T13:46:51","date_gmt":"2023-10-13T11:46:51","guid":{"rendered":"https:\/\/texsilk.eu\/?page_id=2012"},"modified":"2025-02-19T16:45:11","modified_gmt":"2025-02-19T15:45:11","slug":"rugs","status":"publish","type":"page","link":"https:\/\/texsilk.eu\/ca\/rugs\/","title":{"rendered":"Catifes"},"content":{"rendered":"<div data-elementor-type=\"wp-page\" data-elementor-id=\"2012\" class=\"elementor elementor-2012\" data-elementor-post-type=\"page\">\n\t\t\t\t<div class=\"elementor-element elementor-element-b190b78 e-flex e-con-boxed e-con e-parent\" data-id=\"b190b78\" data-element_type=\"container\" data-e-type=\"container\" data-settings=\"{&quot;background_background&quot;:&quot;classic&quot;}\">\n\t\t\t\t\t<div class=\"e-con-inner\">\n\t\t\t\t<div class=\"elementor-element elementor-element-142f330 elementor-widget elementor-widget-heading\" data-id=\"142f330\" data-element_type=\"widget\" data-e-type=\"widget\" data-widget_type=\"heading.default\">\n\t\t\t\t<div class=\"elementor-widget-container\">\n\t\t\t\t\t<h2 class=\"elementor-heading-title elementor-size-default\">Catifes per a exteriors i interiors<\/h2>\t\t\t\t<\/div>\n\t\t\t\t<\/div>\n\t\t\t\t\t<\/div>\n\t\t\t\t<\/div>\n\t\t<div class=\"elementor-element elementor-element-dfb42ac e-flex e-con-boxed e-con e-parent\" data-id=\"dfb42ac\" data-element_type=\"container\" data-e-type=\"container\" data-settings=\"{&quot;background_background&quot;:&quot;classic&quot;}\">\n\t\t\t\t\t<div class=\"e-con-inner\">\n\t\t<div class=\"elementor-element elementor-element-ae88d0f e-flex e-con-boxed e-con e-child\" data-id=\"ae88d0f\" data-element_type=\"container\" data-e-type=\"container\">\n\t\t\t\t\t<div class=\"e-con-inner\">\n\t\t\t\t<div class=\"elementor-element elementor-element-0b80fb8 elementor-widget__width-inherit elementor-widget-mobile__width-inherit elementor-widget elementor-widget-text-editor\" data-id=\"0b80fb8\" data-element_type=\"widget\" data-e-type=\"widget\" data-widget_type=\"text-editor.default\">\n\t\t\t\t<div class=\"elementor-widget-container\">\n\t\t\t\t\t\t\t\t\t<div class=\"page\" title=\"Page 8\">\n<div class=\"section\">\n<div class=\"layoutArea\">\n<div class=\"column\">\n<p>Les catifes TEXSILK estan dissenyades meticulosament per a espais exteriors i interiors. S\u00f3n c\u00f2modes, molt suaus i combinen un rendiment resistent per a \u00e0rees d'alt tr\u00e0nsit i condicions exteriors tant per a exteriors com per a interiors.<\/p>\n<p>Beneficis clau<br>\u2022 Resistents al sol, a la pluja, al clor i a l'\u00fas intensiu<br><span style=\"color: var( --e-global-color-secondary ); text-align: var(--text-align);\">\u2022 Resistents a les taques i es netegen f\u00e0cilment<br><\/span><span style=\"color: var( --e-global-color-secondary ); text-align: var(--text-align);\">\u2022 100% reciclables<br><\/span><span style=\"color: var( --e-global-color-secondary ); text-align: var(--text-align);\">\u2022 Provades rigorosament per garantir-ne la seguretat i la qualitat<br><\/span><span style=\"color: var( --e-global-color-secondary ); text-align: var(--text-align);\">\u2022 Colors i mides personalitzables<\/span><\/p>\n<\/div>\n<\/div>\n<\/div>\n<\/div>\t\t\t\t\t\t\t\t<\/div>\n\t\t\t\t<\/div>\n\t\t\t\t\t<\/div>\n\t\t\t\t<\/div>\n\t\t<div class=\"elementor-element elementor-element-60a660f e-flex e-con-boxed e-con e-child\" data-id=\"60a660f\" data-element_type=\"container\" data-e-type=\"container\">\n\t\t\t\t\t<div class=\"e-con-inner\">\n\t\t<div class=\"elementor-element elementor-element-2b66a57 e-flex e-con-boxed e-con e-child\" data-id=\"2b66a57\" data-element_type=\"container\" data-e-type=\"container\">\n\t\t\t\t\t<div class=\"e-con-inner\">\n\t\t<div class=\"elementor-element elementor-element-18ea011 e-con-full e-flex e-con e-child\" data-id=\"18ea011\" data-element_type=\"container\" data-e-type=\"container\">\n\t\t\t\t<div class=\"elementor-element elementor-element-7990dd6 elementor-widget__width-inherit elementor-widget elementor-widget-image\" data-id=\"7990dd6\" data-element_type=\"widget\" data-e-type=\"widget\" data-widget_type=\"image.default\">\n\t\t\t\t<div class=\"elementor-widget-container\">\n\t\t\t\t\t\t\t\t\t\t\t\t\t\t\t<img fetchpriority=\"high\" decoding=\"async\" width=\"286\" height=\"313\" src=\"https:\/\/texsilk.eu\/wp-content\/uploads\/2023\/10\/Rugs_catalogue.jpg\" class=\"attachment-full size-full wp-image-2335\" alt=\"\" srcset=\"https:\/\/texsilk.eu\/wp-content\/uploads\/2023\/10\/Rugs_catalogue.jpg 286w, https:\/\/texsilk.eu\/wp-content\/uploads\/2023\/10\/Rugs_catalogue-249x272.jpg 249w\" sizes=\"(max-width: 286px) 100vw, 286px\" \/>\t\t\t\t\t\t\t\t\t\t\t\t\t\t\t<\/div>\n\t\t\t\t<\/div>\n\t\t<a class=\"elementor-element elementor-element-c75d2b6 e-flex e-con-boxed e-con e-child\" data-id=\"c75d2b6\" data-element_type=\"container\" data-e-type=\"container\" data-settings=\"{&quot;background_background&quot;:&quot;classic&quot;}\" href=\"https:\/\/texsilk.eu\/wp-content\/uploads\/2023\/11\/Rugs-Catalog-Texsilk.pdf\" target=\"_blank\">\n\t\t\t\t\t<div class=\"e-con-inner\">\n\t\t\t\t<div class=\"elementor-element elementor-element-148bd9b elementor-widget elementor-widget-heading\" data-id=\"148bd9b\" data-element_type=\"widget\" data-e-type=\"widget\" data-widget_type=\"heading.default\">\n\t\t\t\t<div class=\"elementor-widget-container\">\n\t\t\t\t\t<span class=\"elementor-heading-title elementor-size-default\">Descarregar el cat\u00e0leg<\/span>\t\t\t\t<\/div>\n\t\t\t\t<\/div>\n\t\t\t\t<div class=\"elementor-element elementor-element-504ff50 elementor-widget elementor-widget-image\" data-id=\"504ff50\" data-element_type=\"widget\" data-e-type=\"widget\" data-widget_type=\"image.default\">\n\t\t\t\t<div class=\"elementor-widget-container\">\n\t\t\t\t\t\t\t\t\t\t\t\t\t\t\t<img decoding=\"async\" width=\"23\" height=\"23\" src=\"https:\/\/texsilk.eu\/wp-content\/uploads\/2023\/11\/fletxa-avall-blanca.png\" class=\"attachment-large size-large wp-image-2946\" alt=\"\" \/>\t\t\t\t\t\t\t\t\t\t\t\t\t\t\t<\/div>\n\t\t\t\t<\/div>\n\t\t\t\t\t<\/div>\n\t\t\t\t<\/a>\n\t\t\t\t<\/div>\n\t\t\t\t\t<\/div>\n\t\t\t\t<\/div>\n\t\t\t\t\t<\/div>\n\t\t\t\t<\/div>\n\t\t\t\t\t<\/div>\n\t\t\t\t<\/div>\n\t\t<div class=\"elementor-element elementor-element-ddece65 e-flex e-con-boxed e-con e-parent\" data-id=\"ddece65\" data-element_type=\"container\" data-e-type=\"container\" data-settings=\"{&quot;background_background&quot;:&quot;classic&quot;}\">\n\t\t\t\t\t<div class=\"e-con-inner\">\n\t\t<div class=\"elementor-element elementor-element-6d6c41a e-flex e-con-boxed e-con e-child\" data-id=\"6d6c41a\" data-element_type=\"container\" data-e-type=\"container\">\n\t\t\t\t\t<div class=\"e-con-inner\">\n\t\t\t\t<div class=\"elementor-element elementor-element-717b09b elementor-widget__width-inherit elementor-widget elementor-widget-heading\" data-id=\"717b09b\" data-element_type=\"widget\" data-e-type=\"widget\" data-widget_type=\"heading.default\">\n\t\t\t\t<div class=\"elementor-widget-container\">\n\t\t\t\t\t<h2 class=\"elementor-heading-title elementor-size-default\">Catifes que resisteixen als elements<\/h2>\t\t\t\t<\/div>\n\t\t\t\t<\/div>\n\t\t\t\t<div class=\"elementor-element elementor-element-abb9f43 elementor-widget__width-inherit elementor-widget-mobile__width-inherit elementor-widget elementor-widget-text-editor\" data-id=\"abb9f43\" data-element_type=\"widget\" data-e-type=\"widget\" data-widget_type=\"text-editor.default\">\n\t\t\t\t<div class=\"elementor-widget-container\">\n\t\t\t\t\t\t\t\t\t<div class=\"page\" title=\"Page 8\"><div class=\"section\"><div class=\"layoutArea\"><div class=\"column\"><p>Les nostres catifes resisteixen les inclem\u00e8ncies del temps, el clor i els raigs UV, mantenint la seva bellesa i suavitat durant anys, per a gaudir-les en patis, terrasses, cobertes, porxos, jardins, \u00e0rees de barbacoa i entorns interiors d'alt tr\u00e0nsit.<\/p><p>Elaborades amb fils de polipropil\u00e8 tenyits en soluci\u00f3, les catifes TEXSILK s\u00f3n resistents al clor, cosa que els permet estar en ambients de piscina i patis que no suportarien catifes de menys qualitat. Els colors atrevits romanen intensos malgrat l'exposici\u00f3 constant al sol. Els nostres teixits s\u00f3n resistents a la pluja, la neu i la humitat.<\/p><p>Estan sotmeses a rigoroses proves de solidesa del color i durabilitat, passant per estrictes controls de qualitat per garantir que resisteixin la decoloraci\u00f3 i els danys causats per factors ambientals. La seva creaci\u00f3 i els pigments estables resistents als raigs UV preserven el seu aspecte i eleg\u00e0ncia.<\/p><p>Les catifes TEXSILK desafien la poca durabilitat de les estores est\u00e0ndard. La seva inigualable resist\u00e8ncia als elements els permet mantenir la seva sofisticaci\u00f3 a qualsevol lloc on s'utilitzin, tant en interiors com a exteriors. Inverteix en qualitat en la que puguis confiar.<\/p><\/div><\/div><\/div><\/div>\t\t\t\t\t\t\t\t<\/div>\n\t\t\t\t<\/div>\n\t\t\t\t\t<\/div>\n\t\t\t\t<\/div>\n\t\t<div class=\"elementor-element elementor-element-a2e538d e-flex e-con-boxed e-con e-child\" data-id=\"a2e538d\" data-element_type=\"container\" data-e-type=\"container\">\n\t\t\t\t\t<div class=\"e-con-inner\">\n\t\t\t\t<div class=\"elementor-element elementor-element-6a71c6a elementor-widget__width-inherit elementor-widget elementor-widget-heading\" data-id=\"6a71c6a\" data-element_type=\"widget\" data-e-type=\"widget\" data-widget_type=\"heading.default\">\n\t\t\t\t<div class=\"elementor-widget-container\">\n\t\t\t\t\t<h2 class=\"elementor-heading-title elementor-size-default\">Catifes eco-conscients respectuoses amb el medi ambient<\/h2>\t\t\t\t<\/div>\n\t\t\t\t<\/div>\n\t\t\t\t<div class=\"elementor-element elementor-element-cdf4140 elementor-widget__width-inherit elementor-widget-mobile__width-inherit elementor-widget elementor-widget-text-editor\" data-id=\"cdf4140\" data-element_type=\"widget\" data-e-type=\"widget\" data-widget_type=\"text-editor.default\">\n\t\t\t\t<div class=\"elementor-widget-container\">\n\t\t\t\t\t\t\t\t\t<div class=\"page\" title=\"Page 8\"><div class=\"section\"><div class=\"layoutArea\"><div class=\"column\"><div class=\"page\" title=\"Page 8\"><div class=\"section\"><div class=\"layoutArea\"><div class=\"column\"><p>Les nostres catifes estan dissenyades especialment per a la sostenibilitat des de que es comen\u00e7a el proc\u00e9s fins que s\u2019acaba. La nostra fabricaci\u00f3 integral i vertical a prop de Barcelona supervisa cada pas de producci\u00f3 per a un control d'alta qualitat.<\/p><p>Elaborades amb polipropil\u00e8 100% reciclable, les catifes TEXSILK tenen la petjada de carboni m\u00e9s baixa en la seva categoria. La nostra fabricaci\u00f3 ecol\u00f2gica genera molt menys CO2 que les catifes est\u00e0ndard.<\/p><p>En les nostres instal\u00b7lacions utilitzem energia renovable i ens hem comprom\u00e8s a reduir les emissions anualment. No s'utilitzen productes qu\u00edmics nocius com els PFAs, la qual cosa fa que les nostres catifes siguin segures, certificades per OEKO-TEX\u00ae Classe 1.<\/p><p>Escollir TEXSILK significa triar les catifes m\u00e9s ecol\u00f2giques, amb unes rigoroses proves i una producci\u00f3 responsable, les nostres catifes s\u00f3n respectuoses amb les persones i el planeta.<\/p><\/div><\/div><\/div><\/div><\/div><\/div><\/div><\/div>\t\t\t\t\t\t\t\t<\/div>\n\t\t\t\t<\/div>\n\t\t\t\t\t<\/div>\n\t\t\t\t<\/div>\n\t\t\t\t\t<\/div>\n\t\t\t\t<\/div>\n\t\t<div class=\"elementor-element elementor-element-62e6737 e-con-full e-flex e-con e-parent\" data-id=\"62e6737\" data-element_type=\"container\" data-e-type=\"container\" data-settings=\"{&quot;background_background&quot;:&quot;classic&quot;}\">\n\t\t\t\t<div class=\"elementor-element elementor-element-4566e45 elementor-widget__width-initial elementor-widget-mobile__width-inherit elementor-widget elementor-widget-image\" data-id=\"4566e45\" data-element_type=\"widget\" data-e-type=\"widget\" data-widget_type=\"image.default\">\n\t\t\t\t<div class=\"elementor-widget-container\">\n\t\t\t\t\t\t\t\t\t\t\t\t\t\t\t<img decoding=\"async\" width=\"1305\" height=\"685\" src=\"https:\/\/texsilk.eu\/wp-content\/uploads\/2023\/10\/rugs_foto1.jpg\" class=\"attachment-full size-full wp-image-2297\" alt=\"\" srcset=\"https:\/\/texsilk.eu\/wp-content\/uploads\/2023\/10\/rugs_foto1.jpg 1305w, https:\/\/texsilk.eu\/wp-content\/uploads\/2023\/10\/rugs_foto1-433x227.jpg 433w, https:\/\/texsilk.eu\/wp-content\/uploads\/2023\/10\/rugs_foto1-600x315.jpg 600w, https:\/\/texsilk.eu\/wp-content\/uploads\/2023\/10\/rugs_foto1-768x403.jpg 768w\" sizes=\"(max-width: 1305px) 100vw, 1305px\" \/>\t\t\t\t\t\t\t\t\t\t\t\t\t\t\t<\/div>\n\t\t\t\t<\/div>\n\t\t\t\t<div class=\"elementor-element elementor-element-beda380 elementor-widget__width-initial elementor-widget-mobile__width-inherit elementor-widget elementor-widget-image\" data-id=\"beda380\" data-element_type=\"widget\" data-e-type=\"widget\" data-widget_type=\"image.default\">\n\t\t\t\t<div class=\"elementor-widget-container\">\n\t\t\t\t\t\t\t\t\t\t\t\t\t\t\t<img loading=\"lazy\" decoding=\"async\" width=\"618\" height=\"850\" src=\"https:\/\/texsilk.eu\/wp-content\/uploads\/2023\/10\/rugs_foto2.jpg\" class=\"attachment-full size-full wp-image-2298\" alt=\"\" srcset=\"https:\/\/texsilk.eu\/wp-content\/uploads\/2023\/10\/rugs_foto2.jpg 618w, https:\/\/texsilk.eu\/wp-content\/uploads\/2023\/10\/rugs_foto2-198x272.jpg 198w, https:\/\/texsilk.eu\/wp-content\/uploads\/2023\/10\/rugs_foto2-283x389.jpg 283w\" sizes=\"(max-width: 618px) 100vw, 618px\" \/>\t\t\t\t\t\t\t\t\t\t\t\t\t\t\t<\/div>\n\t\t\t\t<\/div>\n\t\t<div class=\"elementor-element elementor-element-aab427a e-flex e-con-boxed e-con e-child\" data-id=\"aab427a\" data-element_type=\"container\" data-e-type=\"container\">\n\t\t\t\t\t<div class=\"e-con-inner\">\n\t\t\t\t<div class=\"elementor-element elementor-element-02d614d elementor-widget__width-initial elementor-widget elementor-widget-heading\" data-id=\"02d614d\" data-element_type=\"widget\" data-e-type=\"widget\" data-widget_type=\"heading.default\">\n\t\t\t\t<div class=\"elementor-widget-container\">\n\t\t\t\t\t<h2 class=\"elementor-heading-title elementor-size-default\">Els colors de les catifes s\u2019inspiren en la Natura<\/h2>\t\t\t\t<\/div>\n\t\t\t\t<\/div>\n\t\t\t\t<div class=\"elementor-element elementor-element-c303db4 elementor-widget__width-initial elementor-widget-mobile__width-inherit elementor-widget-tablet__width-inherit elementor-widget elementor-widget-text-editor\" data-id=\"c303db4\" data-element_type=\"widget\" data-e-type=\"widget\" data-widget_type=\"text-editor.default\">\n\t\t\t\t<div class=\"elementor-widget-container\">\n\t\t\t\t\t\t\t\t\t<div class=\"page\" title=\"Page 8\"><div class=\"section\"><div class=\"layoutArea\"><div class=\"column\"><p>Les catifes TEXSILK s'inspiren en els colors de la bellesa natural de l'exterior. Pots triar entre 5 tons est\u00e0ndard que recorden a la terra i al mar. El color ametlla recorda la sorra i la pedra natural, mentre que la verda molsa recorda els boscos frondosos. El blau cel evoca la mar i els cels clars. El terracota reflecteix la rica argila i el negre proporciona un to cl\u00e0ssic i vers\u00e0til.<\/p><p>Amb teixits de qualitat tenyits en soluci\u00f3, la teva catifa TEXSILK es mantindr\u00e0 brillant durant anys mentre mant\u00e9 la seva durabilitat.<\/p><p>Busques un color o mida \u00fanica? Podem crear catifes personalitzades per a ajustar-se a les teves necessitats de cada espai, ja sigui a la cuina, menjador, pati, jard\u00ed, terrassa, hivernacle o balc\u00f3.<\/p><p>Si desitges m\u00e9s informaci\u00f3, preus per a productes personalitzats o ajuda per a imaginar possibilitats adaptades al teu espai i decoraci\u00f3, el nostre equip est\u00e0 aqu\u00ed per a ajudar-te. Contacta'ns per a la transformaci\u00f3 del teu espai amb les catifes duraderes i personalitzables de TEXSILK.<\/p><\/div><\/div><\/div><\/div>\t\t\t\t\t\t\t\t<\/div>\n\t\t\t\t<\/div>\n\t\t\t\t\t<\/div>\n\t\t\t\t<\/div>\n\t\t\t\t<\/div>\n\t\t<div class=\"elementor-element elementor-element-f8ff363 e-flex e-con-boxed e-con e-parent\" data-id=\"f8ff363\" data-element_type=\"container\" data-e-type=\"container\">\n\t\t\t\t\t<div class=\"e-con-inner\">\n\t\t\t\t<div class=\"elementor-element elementor-element-b6aac3c elementor-widget elementor-widget-image\" data-id=\"b6aac3c\" data-element_type=\"widget\" data-e-type=\"widget\" data-widget_type=\"image.default\">\n\t\t\t\t<div class=\"elementor-widget-container\">\n\t\t\t\t\t\t\t\t\t\t\t\t\t\t\t<img loading=\"lazy\" decoding=\"async\" width=\"1788\" height=\"981\" src=\"https:\/\/texsilk.eu\/wp-content\/uploads\/2023\/10\/rugs_foto3.jpg\" class=\"attachment-full size-full wp-image-2309\" alt=\"\" srcset=\"https:\/\/texsilk.eu\/wp-content\/uploads\/2023\/10\/rugs_foto3.jpg 1788w, https:\/\/texsilk.eu\/wp-content\/uploads\/2023\/10\/rugs_foto3-433x238.jpg 433w, https:\/\/texsilk.eu\/wp-content\/uploads\/2023\/10\/rugs_foto3-600x329.jpg 600w, https:\/\/texsilk.eu\/wp-content\/uploads\/2023\/10\/rugs_foto3-768x421.jpg 768w, https:\/\/texsilk.eu\/wp-content\/uploads\/2023\/10\/rugs_foto3-1536x843.jpg 1536w\" sizes=\"(max-width: 1788px) 100vw, 1788px\" \/>\t\t\t\t\t\t\t\t\t\t\t\t\t\t\t<\/div>\n\t\t\t\t<\/div>\n\t\t\t\t<div class=\"elementor-element elementor-element-b84e39f elementor-widget elementor-widget-image\" data-id=\"b84e39f\" data-element_type=\"widget\" data-e-type=\"widget\" data-widget_type=\"image.default\">\n\t\t\t\t<div class=\"elementor-widget-container\">\n\t\t\t\t\t\t\t\t\t\t\t\t\t\t\t<img loading=\"lazy\" decoding=\"async\" width=\"1625\" height=\"691\" src=\"https:\/\/texsilk.eu\/wp-content\/uploads\/2023\/10\/rugs_foto4.jpg\" class=\"attachment-full size-full wp-image-2313\" alt=\"\" srcset=\"https:\/\/texsilk.eu\/wp-content\/uploads\/2023\/10\/rugs_foto4.jpg 1625w, https:\/\/texsilk.eu\/wp-content\/uploads\/2023\/10\/rugs_foto4-433x184.jpg 433w, https:\/\/texsilk.eu\/wp-content\/uploads\/2023\/10\/rugs_foto4-600x255.jpg 600w, https:\/\/texsilk.eu\/wp-content\/uploads\/2023\/10\/rugs_foto4-768x327.jpg 768w, https:\/\/texsilk.eu\/wp-content\/uploads\/2023\/10\/rugs_foto4-1536x653.jpg 1536w\" sizes=\"(max-width: 1625px) 100vw, 1625px\" \/>\t\t\t\t\t\t\t\t\t\t\t\t\t\t\t<\/div>\n\t\t\t\t<\/div>\n\t\t\t\t\t<\/div>\n\t\t\t\t<\/div>\n\t\t<div class=\"elementor-element elementor-element-20a6fb9 e-flex e-con-boxed e-con e-parent\" data-id=\"20a6fb9\" data-element_type=\"container\" data-e-type=\"container\" data-settings=\"{&quot;background_background&quot;:&quot;classic&quot;}\">\n\t\t\t\t\t<div class=\"e-con-inner\">\n\t\t<div class=\"elementor-element elementor-element-e8625f1 e-flex e-con-boxed e-con e-child\" data-id=\"e8625f1\" data-element_type=\"container\" data-e-type=\"container\">\n\t\t\t\t\t<div class=\"e-con-inner\">\n\t\t\t\t<div class=\"elementor-element elementor-element-7ea7744 elementor-widget__width-initial elementor-widget-mobile__width-inherit elementor-widget elementor-widget-heading\" data-id=\"7ea7744\" data-element_type=\"widget\" data-e-type=\"widget\" data-widget_type=\"heading.default\">\n\t\t\t\t<div class=\"elementor-widget-container\">\n\t\t\t\t\t<h2 class=\"elementor-heading-title elementor-size-default\">Especificacions t\u00e8cniques<\/h2>\t\t\t\t<\/div>\n\t\t\t\t<\/div>\n\t\t\t\t<div class=\"elementor-element elementor-element-f234cd5 elementor-widget__width-initial elementor-widget-mobile__width-inherit elementor-widget elementor-widget-text-editor\" data-id=\"f234cd5\" data-element_type=\"widget\" data-e-type=\"widget\" data-widget_type=\"text-editor.default\">\n\t\t\t\t<div class=\"elementor-widget-container\">\n\t\t\t\t\t\t\t\t\t<div class=\"page\" title=\"Page 8\"><div class=\"section\"><div class=\"layoutArea\"><div class=\"column\"><ul><li>Composici\u00f3: 100% Polipropil\u00e8 tenyit en soluci\u00f3.\nPes: 840 g\/m\u00b2<\/li><li>Mides est\u00e0ndard: 160 x 230 cm, 200 x 290 cm i mides personalitzades*<\/li><li>Colors: Ametlla, negre, terracota, verd molsa, blau cel i colors personalitzats*<\/li><li>Neteja amb confian\u00e7a: Les catifes TEXSILK s\u00f3n f\u00e0cils de mantenir sense detergents.<\/li><\/ul><div class=\"page\" title=\"Page 8\"><div class=\"section\"><div class=\"layoutArea\"><div class=\"column\"><p>*Necessites una mida o color \u00fanic? Pregunta al nostre equip de vendes sobre les catifes completament personalitzables perfectes<br \/>per al teu espai.<\/p><\/div><\/div><\/div><\/div><\/div><\/div><\/div><\/div>\t\t\t\t\t\t\t\t<\/div>\n\t\t\t\t<\/div>\n\t\t\t\t\t<\/div>\n\t\t\t\t<\/div>\n\t\t<div class=\"elementor-element elementor-element-86a05e6 e-flex e-con-boxed e-con e-child\" data-id=\"86a05e6\" data-element_type=\"container\" data-e-type=\"container\">\n\t\t\t\t\t<div class=\"e-con-inner\">\n\t\t\t\t<div class=\"elementor-element elementor-element-20d72ae elementor-widget__width-initial elementor-widget-mobile__width-inherit elementor-widget elementor-widget-heading\" data-id=\"20d72ae\" data-element_type=\"widget\" data-e-type=\"widget\" data-widget_type=\"heading.default\">\n\t\t\t\t<div class=\"elementor-widget-container\">\n\t\t\t\t\t<h2 class=\"elementor-heading-title elementor-size-default\">Catifes de f\u00e0cil i poc manteniment<\/h2>\t\t\t\t<\/div>\n\t\t\t\t<\/div>\n\t\t\t\t<div class=\"elementor-element elementor-element-94c5148 elementor-widget__width-initial elementor-widget-mobile__width-inherit elementor-widget elementor-widget-text-editor\" data-id=\"94c5148\" data-element_type=\"widget\" data-e-type=\"widget\" data-widget_type=\"text-editor.default\">\n\t\t\t\t<div class=\"elementor-widget-container\">\n\t\t\t\t\t\t\t\t\t<div class=\"page\" title=\"Page 8\"><div class=\"section\"><div class=\"layoutArea\"><div class=\"column\"><p>Les catifes TEXSILK estan dissenyades per a una neteja f\u00e0cil, la qual cosa et permet no dedicar-hi massa temps. Les seves fibres i construcci\u00f3 resistents a les taques permeten que les taques s'eliminin amb facilitat.<\/p><p>Una simple esbandida peri\u00f2dica o una m\u00e0nega d\u2019aigua mantenen les nostres catifes com noves. Qualsevol neteja m\u00e9s profunda es frega suaument amb aigua i sab\u00f3. Per a taques dif\u00edcils, es pot utilizar lleixiu de forma segura sense fer malb\u00e9 les fibres duradores o causar descoloraci\u00f3.<\/p><p>Amb poc manteniment, les catifes TEXSILK guarden el seu aspecte, una sensaci\u00f3 suau i elegant al llarg de tots els anys d\u2019\u00fas. El seu rendiment durador significa menys temps de neteja i m\u00e9s temps per gaudir del teu espai.<\/p><p>Si us plau, fes clic a l'enlla\u00e7 de continuaci\u00f3 per a veure un v\u00eddeo demostratiu complet de neteja que inclou l'\u00fas de lleixiu i altres productes.<\/p><\/div><\/div><\/div><\/div>\t\t\t\t\t\t\t\t<\/div>\n\t\t\t\t<\/div>\n\t\t\t\t<div class=\"elementor-element elementor-element-1781ffa elementor-widget elementor-widget-button\" data-id=\"1781ffa\" data-element_type=\"widget\" data-e-type=\"widget\" data-widget_type=\"button.default\">\n\t\t\t\t<div class=\"elementor-widget-container\">\n\t\t\t\t\t\t\t\t\t<div class=\"elementor-button-wrapper\">\n\t\t\t\t\t<a class=\"elementor-button elementor-button-link elementor-size-sm\" href=\"https:\/\/texsilk.eu\/ca\/rugs_video\/\">\n\t\t\t\t\t\t<span class=\"elementor-button-content-wrapper\">\n\t\t\t\t\t\t\t\t\t<span class=\"elementor-button-text\">Reproduir el v\u00eddeo<\/span>\n\t\t\t\t\t<\/span>\n\t\t\t\t\t<\/a>\n\t\t\t\t<\/div>\n\t\t\t\t\t\t\t\t<\/div>\n\t\t\t\t<\/div>\n\t\t\t\t\t<\/div>\n\t\t\t\t<\/div>\n\t\t\t\t\t<\/div>\n\t\t\t\t<\/div>\n\t\t<div class=\"elementor-element elementor-element-6349645 e-flex e-con-boxed e-con e-parent\" data-id=\"6349645\" data-element_type=\"container\" data-e-type=\"container\">\n\t\t\t\t\t<div class=\"e-con-inner\">\n\t\t\t\t<div class=\"elementor-element elementor-element-35d6f1b elementor-widget__width-initial elementor-widget-mobile__width-initial elementor-widget elementor-widget-image\" data-id=\"35d6f1b\" data-element_type=\"widget\" data-e-type=\"widget\" data-widget_type=\"image.default\">\n\t\t\t\t<div class=\"elementor-widget-container\">\n\t\t\t\t\t\t\t\t\t\t\t\t\t\t\t<img loading=\"lazy\" decoding=\"async\" width=\"280\" height=\"162\" src=\"https:\/\/texsilk.eu\/wp-content\/uploads\/2023\/11\/Logo_Texsilk_Rugs.png\" class=\"attachment-full size-full wp-image-2785\" alt=\"\" \/>\t\t\t\t\t\t\t\t\t\t\t\t\t\t\t<\/div>\n\t\t\t\t<\/div>\n\t\t\t\t<div class=\"elementor-element elementor-element-e468137 elementor-widget__width-initial elementor-widget-mobile__width-inherit elementor-widget elementor-widget-image\" data-id=\"e468137\" data-element_type=\"widget\" data-e-type=\"widget\" data-widget_type=\"image.default\">\n\t\t\t\t<div class=\"elementor-widget-container\">\n\t\t\t\t\t\t\t\t\t\t\t\t\t\t\t<img loading=\"lazy\" decoding=\"async\" width=\"818\" height=\"92\" src=\"https:\/\/texsilk.eu\/wp-content\/uploads\/2023\/10\/rugs_logos.jpg\" class=\"attachment-full size-full wp-image-2325\" alt=\"\" srcset=\"https:\/\/texsilk.eu\/wp-content\/uploads\/2023\/10\/rugs_logos.jpg 818w, https:\/\/texsilk.eu\/wp-content\/uploads\/2023\/10\/rugs_logos-433x49.jpg 433w, https:\/\/texsilk.eu\/wp-content\/uploads\/2023\/10\/rugs_logos-600x67.jpg 600w, https:\/\/texsilk.eu\/wp-content\/uploads\/2023\/10\/rugs_logos-768x86.jpg 768w\" sizes=\"(max-width: 818px) 100vw, 818px\" \/>\t\t\t\t\t\t\t\t\t\t\t\t\t\t\t<\/div>\n\t\t\t\t<\/div>\n\t\t\t\t\t<\/div>\n\t\t\t\t<\/div>\n\t\t\t\t<\/div>","protected":false},"excerpt":{"rendered":"<p>Outdoor and Indoor Rugs Texsilk rugs are meticulously engineered for both indoor and outdoor spaces. With plush softness for comfort underfoot paired with durability to withstand high traffic and outdoor conditions, our mats provide sophisticated style with performance. Key Benefits\u2022 Withstand sun, rain, chlorine, and heavy use\u2022 Resist stains and clean up easily\u2022 100% recyclable\u2022 [&hellip;]<\/p>\n","protected":false},"author":6,"featured_media":0,"parent":0,"menu_order":0,"comment_status":"closed","ping_status":"closed","template":"","meta":{"footnotes":""},"class_list":["post-2012","page","type-page","status-publish","hentry"],"_links":{"self":[{"href":"https:\/\/texsilk.eu\/ca\/wp-json\/wp\/v2\/pages\/2012","targetHints":{"allow":["GET"]}}],"collection":[{"href":"https:\/\/texsilk.eu\/ca\/wp-json\/wp\/v2\/pages"}],"about":[{"href":"https:\/\/texsilk.eu\/ca\/wp-json\/wp\/v2\/types\/page"}],"author":[{"embeddable":true,"href":"https:\/\/texsilk.eu\/ca\/wp-json\/wp\/v2\/users\/6"}],"replies":[{"embeddable":true,"href":"https:\/\/texsilk.eu\/ca\/wp-json\/wp\/v2\/comments?post=2012"}],"version-history":[{"count":18,"href":"https:\/\/texsilk.eu\/ca\/wp-json\/wp\/v2\/pages\/2012\/revisions"}],"predecessor-version":[{"id":3901,"href":"https:\/\/texsilk.eu\/ca\/wp-json\/wp\/v2\/pages\/2012\/revisions\/3901"}],"wp:attachment":[{"href":"https:\/\/texsilk.eu\/ca\/wp-json\/wp\/v2\/media?parent=2012"}],"curies":[{"name":"wp","href":"https:\/\/api.w.org\/{rel}","templated":true}]}}