{"id":1710,"date":"2023-02-01T11:45:07","date_gmt":"2023-02-01T10:45:07","guid":{"rendered":"https:\/\/texsilk.eu\/?page_id=1710"},"modified":"2023-11-09T16:20:17","modified_gmt":"2023-11-09T15:20:17","slug":"ribbons","status":"publish","type":"page","link":"https:\/\/texsilk.eu\/ca\/ribbons\/","title":{"rendered":"Cintes"},"content":{"rendered":"<div data-elementor-type=\"wp-page\" data-elementor-id=\"1710\" class=\"elementor elementor-1710\" data-elementor-post-type=\"page\">\n\t\t\t\t<div class=\"elementor-element elementor-element-7dc41ec e-flex e-con-boxed e-con e-parent\" data-id=\"7dc41ec\" data-element_type=\"container\" data-e-type=\"container\">\n\t\t\t\t\t<div class=\"e-con-inner\">\n\t\t<div class=\"elementor-element elementor-element-01d74c1 e-con-full e-flex e-con e-child\" data-id=\"01d74c1\" data-element_type=\"container\" data-e-type=\"container\" data-settings=\"{&quot;background_background&quot;:&quot;classic&quot;}\">\n\t\t\t\t<div class=\"elementor-element elementor-element-2dadf74 elementor-widget elementor-widget-heading\" data-id=\"2dadf74\" data-element_type=\"widget\" data-e-type=\"widget\" data-widget_type=\"heading.default\">\n\t\t\t\t<div class=\"elementor-widget-container\">\n\t\t\t\t\t<h2 class=\"elementor-heading-title elementor-size-default\">Cintes d'uni\u00f3 resistents<br>\ni duradores per millorar<br>\nels teus sistemes<br>\nd'ombreig a l'aire lliure<\/h2>\t\t\t\t<\/div>\n\t\t\t\t<\/div>\n\t\t\t\t<\/div>\n\t\t<div class=\"elementor-element elementor-element-94e8a82 e-con-full e-flex e-con e-child\" data-id=\"94e8a82\" data-element_type=\"container\" data-e-type=\"container\">\n\t\t<div class=\"elementor-element elementor-element-0b3e2c3 e-con-full e-flex e-con e-child\" data-id=\"0b3e2c3\" data-element_type=\"container\" data-e-type=\"container\" data-settings=\"{&quot;background_background&quot;:&quot;classic&quot;}\">\n\t\t\t\t<div class=\"elementor-element elementor-element-65f92e8 sense-marge elementor-widget elementor-widget-text-editor\" data-id=\"65f92e8\" data-element_type=\"widget\" data-e-type=\"widget\" data-widget_type=\"text-editor.default\">\n\t\t\t\t<div class=\"elementor-widget-container\">\n\t\t\t\t\t\t\t\t\t<p>Especificacions t\u00e8cniques<\/p>\t\t\t\t\t\t\t\t<\/div>\n\t\t\t\t<\/div>\n\t\t\t\t<div class=\"elementor-element elementor-element-f09795b sense-marge elementor-widget elementor-widget-text-editor\" data-id=\"f09795b\" data-element_type=\"widget\" data-e-type=\"widget\" data-widget_type=\"text-editor.default\">\n\t\t\t\t<div class=\"elementor-widget-container\">\n\t\t\t\t\t\t\t\t\t<div class=\"page\" title=\"Page 1\"><div class=\"section\"><div class=\"layoutArea\"><div class=\"column\"><p>Composici\u00f3 | Olefina tenyida en soluci\u00f3<\/p><\/div><\/div><\/div><\/div>\t\t\t\t\t\t\t\t<\/div>\n\t\t\t\t<\/div>\n\t\t\t\t<div class=\"elementor-element elementor-element-7296bf5 sense-marge elementor-widget elementor-widget-text-editor\" data-id=\"7296bf5\" data-element_type=\"widget\" data-e-type=\"widget\" data-widget_type=\"text-editor.default\">\n\t\t\t\t<div class=\"elementor-widget-container\">\n\t\t\t\t\t\t\t\t\t<div class=\"page\" title=\"Page 1\"><div class=\"section\"><div class=\"layoutArea\"><div class=\"column\"><p>Amplada cinta | 25 mm<\/p><\/div><\/div><\/div><\/div>\t\t\t\t\t\t\t\t<\/div>\n\t\t\t\t<\/div>\n\t\t\t\t<div class=\"elementor-element elementor-element-776e76c sense-marge elementor-widget elementor-widget-text-editor\" data-id=\"776e76c\" data-element_type=\"widget\" data-e-type=\"widget\" data-widget_type=\"text-editor.default\">\n\t\t\t\t<div class=\"elementor-widget-container\">\n\t\t\t\t\t\t\t\t\t<div class=\"page\" title=\"Page 1\"><div class=\"section\"><div class=\"layoutArea\"><div class=\"column\"><p>Empaquetat | 100 m (bobina)<\/p><\/div><\/div><\/div><\/div>\t\t\t\t\t\t\t\t<\/div>\n\t\t\t\t<\/div>\n\t\t\t\t<div class=\"elementor-element elementor-element-e7f7e1c sense-marge elementor-widget elementor-widget-text-editor\" data-id=\"e7f7e1c\" data-element_type=\"widget\" data-e-type=\"widget\" data-widget_type=\"text-editor.default\">\n\t\t\t\t<div class=\"elementor-widget-container\">\n\t\t\t\t\t\t\t\t\t<div class=\"page\" title=\"Page 1\">\n<div class=\"section\">\n<div class=\"layoutArea\">\n<div class=\"column\">\n<div class=\"page\" title=\"Page 1\">\n<div class=\"section\">\n<div class=\"layoutArea\">\n<div class=\"column\">\n<p>Solidesa del color | 7-8 (max 8)<\/p><\/div><\/div><\/div><\/div>\n<\/div>\n<\/div>\n<\/div>\n<\/div>\t\t\t\t\t\t\t\t<\/div>\n\t\t\t\t<\/div>\n\t\t\t\t<\/div>\n\t\t<div class=\"elementor-element elementor-element-40351c7 e-con-full e-flex e-con e-child\" data-id=\"40351c7\" data-element_type=\"container\" data-e-type=\"container\" data-settings=\"{&quot;background_background&quot;:&quot;classic&quot;}\">\n\t\t\t\t<div class=\"elementor-element elementor-element-829482c sense-marge elementor-widget elementor-widget-text-editor\" data-id=\"829482c\" data-element_type=\"widget\" data-e-type=\"widget\" data-widget_type=\"text-editor.default\">\n\t\t\t\t<div class=\"elementor-widget-container\">\n\t\t\t\t\t\t\t\t\t<p>Colors<\/p>\t\t\t\t\t\t\t\t<\/div>\n\t\t\t\t<\/div>\n\t\t\t\t<div class=\"elementor-element elementor-element-a131f38 sense-marge elementor-widget elementor-widget-text-editor\" data-id=\"a131f38\" data-element_type=\"widget\" data-e-type=\"widget\" data-widget_type=\"text-editor.default\">\n\t\t\t\t<div class=\"elementor-widget-container\">\n\t\t\t\t\t\t\t\t\t<div class=\"page\" title=\"Page 1\"><div class=\"section\"><div class=\"layoutArea\"><div class=\"column\"><div class=\"page\" title=\"Page 1\"><div class=\"section\"><div class=\"layoutArea\"><div class=\"column\"><p>2105<br \/>2131<br \/>2207<br \/>2230<br \/>2313<br \/>2414<br \/>2417<br \/>2426<br \/>2493<br \/>2501<br \/>2602<br \/>2619<br \/>2620<br \/>2631<br \/>2657<br \/>2709<br \/>2710<br \/>2730<br \/>2733<br \/>2734<br \/>2735<br \/>2737<br \/>2739<br \/>2751<br \/>2821<br \/>2875<br \/>2933<br \/>2960<\/p><\/div><\/div><\/div><\/div><\/div><\/div><\/div><\/div>\t\t\t\t\t\t\t\t<\/div>\n\t\t\t\t<\/div>\n\t\t\t\t<\/div>\n\t\t<a class=\"elementor-element elementor-element-173341c e-con-full e-flex e-con e-child\" data-id=\"173341c\" data-element_type=\"container\" data-e-type=\"container\" data-settings=\"{&quot;background_background&quot;:&quot;classic&quot;}\" href=\"https:\/\/texsilk.eu\/wp-content\/uploads\/2023\/02\/Ribbons_2023.pdf\" target=\"_blank\">\n\t\t\t\t<div class=\"elementor-element elementor-element-9da70f3 elementor-widget elementor-widget-heading\" data-id=\"9da70f3\" data-element_type=\"widget\" data-e-type=\"widget\" data-widget_type=\"heading.default\">\n\t\t\t\t<div class=\"elementor-widget-container\">\n\t\t\t\t\t<h2 class=\"elementor-heading-title elementor-size-default\">Descarregar el cat\u00e0leg<\/h2>\t\t\t\t<\/div>\n\t\t\t\t<\/div>\n\t\t\t\t<div class=\"elementor-element elementor-element-c1b01a9 elementor-widget elementor-widget-image\" data-id=\"c1b01a9\" data-element_type=\"widget\" data-e-type=\"widget\" data-widget_type=\"image.default\">\n\t\t\t\t<div class=\"elementor-widget-container\">\n\t\t\t\t\t\t\t\t\t\t\t\t\t\t\t<img decoding=\"async\" width=\"23\" height=\"23\" src=\"https:\/\/texsilk.eu\/wp-content\/uploads\/2022\/11\/fletxa-avall.png\" class=\"attachment-large size-large wp-image-168\" alt=\"\" \/>\t\t\t\t\t\t\t\t\t\t\t\t\t\t\t<\/div>\n\t\t\t\t<\/div>\n\t\t\t\t<\/a>\n\t\t\t\t<\/div>\n\t\t\t\t\t<\/div>\n\t\t\t\t<\/div>\n\t\t<div class=\"elementor-element elementor-element-34cb71c e-flex e-con-boxed e-con e-parent\" data-id=\"34cb71c\" data-element_type=\"container\" data-e-type=\"container\">\n\t\t\t\t\t<div class=\"e-con-inner\">\n\t\t\t\t<div class=\"elementor-element elementor-element-5b988f8 elementor-widget__width-initial elementor-widget-mobile__width-inherit elementor-widget elementor-widget-text-editor\" data-id=\"5b988f8\" data-element_type=\"widget\" data-e-type=\"widget\" data-widget_type=\"text-editor.default\">\n\t\t\t\t<div class=\"elementor-widget-container\">\n\t\t\t\t\t\t\t\t\t<p class=\"p1\">Porta els teus paraig\u00fces, veles d'ombra i tendals al seg\u00fcent nivell amb les cintes d\u2019exterior d'alt rendiment de TEXSILK. Les nostres cintes d'olefina de coloraci\u00f3 en soluci\u00f3 estan especialment dissenyades per suportar el sol, el vent, la pluja i les fluctuacions de temperatura, alhora que proporcionen colors intensos i resistents a la decoloraci\u00f3 que milloren la bellesa i la funcionalitat de qualsevol espai exterior.<\/p><p class=\"p1\">S\u00f3n adequades per a diverses aplicacions a l'aire lliure, com ara cintes de fixaci\u00f3 per a para-sols, tendals i p\u00e8rgoles.<\/p><p class=\"p1\">Adapta cada ambient exterior amb una \u00e0mplia varietat de colors de cintes: vermell, blau, verd, blanc, groc, bordeus\u2026<\/p>\t\t\t\t\t\t\t\t<\/div>\n\t\t\t\t<\/div>\n\t\t\t\t<div class=\"elementor-element elementor-element-55c2576 elementor-widget__width-initial elementor-widget-mobile__width-inherit elementor-widget elementor-widget-text-editor\" data-id=\"55c2576\" data-element_type=\"widget\" data-e-type=\"widget\" data-widget_type=\"text-editor.default\">\n\t\t\t\t<div class=\"elementor-widget-container\">\n\t\t\t\t\t\t\t\t\t<p class=\"p1\">Caracter\u00edstiques\/beneficis clau:<\/p>\n<p class=\"p1\"><span class=\"s1\">&#8211; <\/span><span style=\"color: #00ae46;\">Colors amb resist\u00e8ncia a la decoloraci\u00f3<\/span> <span class=\"s1\">\u2013 Els nostres <\/span>tints exclusius mantenen els tons durant anys. No haur\u00e0s de preocupar-te per la decoloraci\u00f3 o trencament de les cintes abans que els teixits.<\/p>\n<p class=\"p1\">&#8211; <span class=\"s1\" style=\"color: #00ae46;\">Millor est\u00e8tica <\/span>\u2013 Els colors brillants complementen qualsevol est\u00e8tica exterior. Selecciona tons atrevits o cintes de color per potenciar els teus dissenys.<\/p>\n<p class=\"p1\">&#8211; <span class=\"s1\" style=\"color: #00ae46;\">Manteniment f\u00e0cil <\/span>\u2013 Resistents a les taques i f\u00e0cils de netejar.<\/p>\n<p class=\"p1\">&#8211; <span class=\"s1\" style=\"color: #00ae46;\">Resist\u00e8ncia al clor <\/span>\u2013 Les nostres cintes s\u00f3n aptes per entorns de piscina i permeten l'\u00fas de clor per eliminar taques dif\u00edcils.<\/p>\n<p class=\"p2\"><span class=\"s2\">&#8211; <\/span><span style=\"color: #00ae46;\">Resist\u00e8ncia als raigs UV i a les inclem\u00e8ncies del temps<\/span> <span class=\"s2\">\u2013 Les cintes TEXSILK estan <\/span>dissenyades per a un \u00fas exterior de llarga durada. La construcci\u00f3 duradora evita esquerdes, pelades i fragilitat.<\/p>\n<p class=\"p1\">Usos exteriors:<br>\u2022 Para-sols<br>\u2022 P\u00e8rgoles<br>\u2022 Tendals<\/p>\t\t\t\t\t\t\t\t<\/div>\n\t\t\t\t<\/div>\n\t\t\t\t\t<\/div>\n\t\t\t\t<\/div>\n\t\t\t\t<\/div>","protected":false},"excerpt":{"rendered":"<p>Vibrant, Durable Binding Ribbons to Enhance Your Outdoor Shading Systems Technical specifications Composition | Solution dyed Olefin Ribbon width | 25 mm Packaging | 100 m (spool) Color fastness | 7-8 (max 8) Colors 2105213122072230231324142417242624932501260226192620263126572709271027302733273427352737273927512821287529332960 Download catalogue Take your umbrellas, shade sails and awnings to the next level with TexSilk\u2019s high-performance outdoor ribbons. Our solution [&hellip;]<\/p>\n","protected":false},"author":1,"featured_media":0,"parent":0,"menu_order":0,"comment_status":"closed","ping_status":"closed","template":"","meta":{"footnotes":""},"class_list":["post-1710","page","type-page","status-publish","hentry"],"_links":{"self":[{"href":"https:\/\/texsilk.eu\/ca\/wp-json\/wp\/v2\/pages\/1710","targetHints":{"allow":["GET"]}}],"collection":[{"href":"https:\/\/texsilk.eu\/ca\/wp-json\/wp\/v2\/pages"}],"about":[{"href":"https:\/\/texsilk.eu\/ca\/wp-json\/wp\/v2\/types\/page"}],"author":[{"embeddable":true,"href":"https:\/\/texsilk.eu\/ca\/wp-json\/wp\/v2\/users\/1"}],"replies":[{"embeddable":true,"href":"https:\/\/texsilk.eu\/ca\/wp-json\/wp\/v2\/comments?post=1710"}],"version-history":[{"count":0,"href":"https:\/\/texsilk.eu\/ca\/wp-json\/wp\/v2\/pages\/1710\/revisions"}],"wp:attachment":[{"href":"https:\/\/texsilk.eu\/ca\/wp-json\/wp\/v2\/media?parent=1710"}],"curies":[{"name":"wp","href":"https:\/\/api.w.org\/{rel}","templated":true}]}}