{"id":1083,"date":"2022-12-15T12:49:42","date_gmt":"2022-12-15T11:49:42","guid":{"rendered":"https:\/\/texsilk.eu\/?page_id=1083"},"modified":"2025-02-26T23:14:35","modified_gmt":"2025-02-26T22:14:35","slug":"empresa","status":"publish","type":"page","link":"https:\/\/texsilk.eu\/ca\/about-us\/","title":{"rendered":"Sobre nosaltres"},"content":{"rendered":"<div data-elementor-type=\"wp-page\" data-elementor-id=\"1083\" class=\"elementor elementor-1083\" data-elementor-post-type=\"page\">\n\t\t\t\t<div class=\"elementor-element elementor-element-92f500a e-flex e-con-boxed e-con e-parent\" data-id=\"92f500a\" data-element_type=\"container\" data-e-type=\"container\">\n\t\t\t\t\t<div class=\"e-con-inner\">\n\t\t\t\t<div class=\"elementor-element elementor-element-3a0cc5b elementor-widget elementor-widget-video\" data-id=\"3a0cc5b\" data-element_type=\"widget\" data-e-type=\"widget\" data-settings=\"{&quot;youtube_url&quot;:&quot;https:\\\/\\\/www.youtube.com\\\/watch?v=0QLwlDNRxHI&quot;,&quot;lazy_load&quot;:&quot;yes&quot;,&quot;video_type&quot;:&quot;youtube&quot;,&quot;controls&quot;:&quot;yes&quot;}\" data-widget_type=\"video.default\">\n\t\t\t\t<div class=\"elementor-widget-container\">\n\t\t\t\t\t\t\t<div class=\"elementor-wrapper elementor-open-inline\">\n\t\t\t<div class=\"elementor-video\"><\/div>\t\t<\/div>\n\t\t\t\t\t\t<\/div>\n\t\t\t\t<\/div>\n\t\t\t\t\t<\/div>\n\t\t\t\t<\/div>\n\t\t<div class=\"elementor-element elementor-element-556246b e-flex e-con-boxed e-con e-parent\" data-id=\"556246b\" data-element_type=\"container\" data-e-type=\"container\">\n\t\t\t\t\t<div class=\"e-con-inner\">\n\t\t\t\t<div class=\"elementor-element elementor-element-072ffcd elementor-widget__width-initial elementor-widget-mobile__width-inherit elementor-widget elementor-widget-text-editor\" data-id=\"072ffcd\" data-element_type=\"widget\" data-e-type=\"widget\" data-widget_type=\"text-editor.default\">\n\t\t\t\t<div class=\"elementor-widget-container\">\n\t\t\t\t\t\t\t\t\t<p class=\"p1\">Durant m\u00e9s de dos segles, TEXSILK ha elaborat teixits de primera qualitat des de casa nostra, als peus de Montserrat, a 60 km de Barcelona. La nostra rica her\u00e8ncia es remunta al 1820, quan vam comen\u00e7ar a teixir teles estretes, i continua avui dia, sota la direcci\u00f3 de Marc Ponsa Prat, la setena generaci\u00f3 de propietaris familiars.<\/p><p class=\"p1\">Al llarg de dos segles de canvis, mantenim el nostre comprom\u00eds de prioritzar la qualitat i un servei excepcional. Encara que les tecnologies<\/p>\t\t\t\t\t\t\t\t<\/div>\n\t\t\t\t<\/div>\n\t\t\t\t<div class=\"elementor-element elementor-element-f9769d5 elementor-widget__width-initial elementor-widget-mobile__width-inherit elementor-widget elementor-widget-text-editor\" data-id=\"f9769d5\" data-element_type=\"widget\" data-e-type=\"widget\" data-widget_type=\"text-editor.default\">\n\t\t\t\t<div class=\"elementor-widget-container\">\n\t\t\t\t\t\t\t\t\t<p class=\"p1\">s'han transformat al llarg dels anys, el tracte hum\u00e0 continua sent essencial. El nostre equip unit encarna generacions de passi\u00f3 i dedicaci\u00f3 pel seu ofici. Aquests valors estan entrella\u00e7ats a l'ess\u00e8ncia de TEXSILK.<\/p><p class=\"p1\">Descobreix per qu\u00e8 TEXSILK continua prosperant despr\u00e9s de m\u00e9s de dos segles. Creiem fermament que els nostres millors dies estan per venir. Deixeu-nos dissenyar teles sostenibles a mida per satisfer la vostra visi\u00f3. El futur estar\u00e0 determinat per all\u00f2 que avui creem junts.<\/p>\t\t\t\t\t\t\t\t<\/div>\n\t\t\t\t<\/div>\n\t\t\t\t\t<\/div>\n\t\t\t\t<\/div>\n\t\t<div class=\"elementor-element elementor-element-98c139b e-flex e-con-boxed e-con e-parent\" data-id=\"98c139b\" data-element_type=\"container\" data-e-type=\"container\">\n\t\t\t\t\t<div class=\"e-con-inner\">\n\t\t<div class=\"elementor-element elementor-element-bbc5ace e-con-full e-flex e-con e-child\" data-id=\"bbc5ace\" data-element_type=\"container\" data-e-type=\"container\">\n\t\t\t\t<div class=\"elementor-element elementor-element-f9153d0 elementor-widget elementor-widget-image\" data-id=\"f9153d0\" data-element_type=\"widget\" data-e-type=\"widget\" data-widget_type=\"image.default\">\n\t\t\t\t<div class=\"elementor-widget-container\">\n\t\t\t\t\t\t\t\t\t\t\t\t\t\t\t<img fetchpriority=\"high\" decoding=\"async\" width=\"600\" height=\"338\" src=\"https:\/\/texsilk.eu\/wp-content\/uploads\/2022\/12\/foto1-600x338.jpg\" class=\"attachment-large size-large wp-image-1160\" alt=\"\" srcset=\"https:\/\/texsilk.eu\/wp-content\/uploads\/2022\/12\/foto1-600x338.jpg 600w, https:\/\/texsilk.eu\/wp-content\/uploads\/2022\/12\/foto1-433x244.jpg 433w, https:\/\/texsilk.eu\/wp-content\/uploads\/2022\/12\/foto1-768x433.jpg 768w, https:\/\/texsilk.eu\/wp-content\/uploads\/2022\/12\/foto1.jpg 1298w\" sizes=\"(max-width: 600px) 100vw, 600px\" \/>\t\t\t\t\t\t\t\t\t\t\t\t\t\t\t<\/div>\n\t\t\t\t<\/div>\n\t\t\t\t<\/div>\n\t\t<div class=\"elementor-element elementor-element-1db7805 e-con-full e-flex e-con e-child\" data-id=\"1db7805\" data-element_type=\"container\" data-e-type=\"container\">\n\t\t\t\t<div class=\"elementor-element elementor-element-1183f07 elementor-widget elementor-widget-image\" data-id=\"1183f07\" data-element_type=\"widget\" data-e-type=\"widget\" data-widget_type=\"image.default\">\n\t\t\t\t<div class=\"elementor-widget-container\">\n\t\t\t\t\t\t\t\t\t\t\t\t\t\t\t<img decoding=\"async\" width=\"600\" height=\"338\" src=\"https:\/\/texsilk.eu\/wp-content\/uploads\/2022\/12\/foto2-600x338.jpg\" class=\"attachment-large size-large wp-image-1161\" alt=\"\" srcset=\"https:\/\/texsilk.eu\/wp-content\/uploads\/2022\/12\/foto2-600x338.jpg 600w, https:\/\/texsilk.eu\/wp-content\/uploads\/2022\/12\/foto2-433x244.jpg 433w, https:\/\/texsilk.eu\/wp-content\/uploads\/2022\/12\/foto2-768x433.jpg 768w, https:\/\/texsilk.eu\/wp-content\/uploads\/2022\/12\/foto2.jpg 1298w\" sizes=\"(max-width: 600px) 100vw, 600px\" \/>\t\t\t\t\t\t\t\t\t\t\t\t\t\t\t<\/div>\n\t\t\t\t<\/div>\n\t\t\t\t<\/div>\n\t\t\t\t\t<\/div>\n\t\t\t\t<\/div>\n\t\t<div class=\"elementor-element elementor-element-d8b3993 e-flex e-con-boxed e-con e-parent\" data-id=\"d8b3993\" data-element_type=\"container\" data-e-type=\"container\">\n\t\t\t\t\t<div class=\"e-con-inner\">\n\t\t\t\t<div class=\"elementor-element elementor-element-f1c7075 elementor-widget__width-initial elementor-widget-mobile__width-inherit elementor-widget elementor-widget-heading\" data-id=\"f1c7075\" data-element_type=\"widget\" data-e-type=\"widget\" data-widget_type=\"heading.default\">\n\t\t\t\t<div class=\"elementor-widget-container\">\n\t\t\t\t\t<h2 class=\"elementor-heading-title elementor-size-default\">El nostre llegat perdurable<br>\nd'excel\u00b7l\u00e8ncia t\u00e8xtil<\/h2>\t\t\t\t<\/div>\n\t\t\t\t<\/div>\n\t\t\t\t<div class=\"elementor-element elementor-element-440f99f elementor-widget__width-initial elementor-widget-mobile__width-inherit elementor-widget elementor-widget-heading\" data-id=\"440f99f\" data-element_type=\"widget\" data-e-type=\"widget\" data-widget_type=\"heading.default\">\n\t\t\t\t<div class=\"elementor-widget-container\">\n\t\t\t\t\t<h2 class=\"elementor-heading-title elementor-size-default\">El nostre comprom\u00eds<br>\namb la integraci\u00f3 100% vertical<\/h2>\t\t\t\t<\/div>\n\t\t\t\t<\/div>\n\t\t\t\t<div class=\"elementor-element elementor-element-5f9034e elementor-widget__width-initial elementor-widget-mobile__width-inherit elementor-widget elementor-widget-text-editor\" data-id=\"5f9034e\" data-element_type=\"widget\" data-e-type=\"widget\" data-widget_type=\"text-editor.default\">\n\t\t\t\t<div class=\"elementor-widget-container\">\n\t\t\t\t\t\t\t\t\t<p class=\"p1\">Som una empresa familiar amb una llarga tradici\u00f3 t\u00e8xtil que es remunta al 1820, quan els fundadors Francesc Ponsa i Teresa Casajuana van iniciar un taller de teixit de teles a Manresa. Durant m\u00e9s de dos segles, el seu esperit emprenedor i la fabricaci\u00f3 t\u00e8xtil s'han transm\u00e8s a trav\u00e9s de 7 generacions de la fam\u00edlia Ponsa.<\/p><p class=\"p1\">Entre totes elles, volem fer un homenatge especial a les dones que van treballar dur per mantenir la manufactura t\u00e8xtil entre guerres, recessions i temps dif\u00edcils, i mantenir viva la flama. Algunes d'elles s\u00f3n Esperan\u00e7a Llaurado, Teresa Casajuana, Maria Muntane i Teresa Prat. La seva incansable feina i dedicaci\u00f3 van permetre que TEXSILK no nom\u00e9s sobrevisqu\u00e9s, sin\u00f3 que prosper\u00e9s.<\/p><p class=\"p1\">Cada fil que es teixeix avui es connecta amb el primer. I avui, l'empresa de fabricaci\u00f3 de teixits est\u00e0 dirigida per Marc Ponsa Prat, la setena generaci\u00f3 d'aquesta fam\u00edlia.<\/p><p class=\"p1\">Per\u00f2 el nostre llegat m\u00e9s valu\u00f3s s\u00f3n les aliances a llarg termini que hem fomentat amb clients, empleats i socis durant m\u00e9s de 200 anys. Esperem teixir el pr\u00f2xim cap\u00edtol junts.<\/p>\t\t\t\t\t\t\t\t<\/div>\n\t\t\t\t<\/div>\n\t\t\t\t<div class=\"elementor-element elementor-element-0bb1054 elementor-widget__width-initial elementor-widget-mobile__width-inherit elementor-widget elementor-widget-text-editor\" data-id=\"0bb1054\" data-element_type=\"widget\" data-e-type=\"widget\" data-widget_type=\"text-editor.default\">\n\t\t\t\t<div class=\"elementor-widget-container\">\n\t\t\t\t\t\t\t\t\t<p class=\"p1\">Com a fabricant t\u00e8xtil totalment integrat verticalment, TEXSILK controla cada pas de la producci\u00f3 a les nostres instal\u00b7lacions, des de les mat\u00e8ries primeres fins als teixits acabats.<\/p><p class=\"p1\">Aix\u00f2 inclou:<\/p><p class=\"p1\">\u2013 Fabricaci\u00f3 dels nostres propis pigments per a fils<br \/>\u2013 Extrusi\u00f3 de fils de rendiment alt<br \/>\u2013 Urdiment meticul\u00f3s dels fils<br \/>\u2013 Teixit de teles de dissenys intricats<br \/>\u2013 Desenvolupament de f\u00f3rmules d'acabats patentades<br \/>\u2013 Realitzaci\u00f3 de rigoroses proves de control de qualitat<br \/>\u2013 Embalatge dels nostres teixits i emmagatzematge al magatzem<\/p><p class=\"p1\">En supervisar cada pas del proc\u00e9s de fabricaci\u00f3, podem garantir una qualitat i consist\u00e8ncia inigualables, implementar innovacions r\u00e0pidament i assegurar una efici\u00e8ncia de producci\u00f3 optimitzada.<\/p><p class=\"p1\">La nostra cultura de l'artesania garanteix que no es passi per alt cap detall. Descobreix la difer\u00e8ncia que marca la veritable integraci\u00f3 vertical.<\/p>\t\t\t\t\t\t\t\t<\/div>\n\t\t\t\t<\/div>\n\t\t\t\t\t<\/div>\n\t\t\t\t<\/div>\n\t\t<div class=\"elementor-element elementor-element-0497a53 e-flex e-con-boxed e-con e-parent\" data-id=\"0497a53\" data-element_type=\"container\" data-e-type=\"container\">\n\t\t\t\t\t<div class=\"e-con-inner\">\n\t\t\t\t<div class=\"elementor-element elementor-element-aca3f67 elementor-widget__width-inherit elementor-widget elementor-widget-heading\" data-id=\"aca3f67\" data-element_type=\"widget\" data-e-type=\"widget\" data-widget_type=\"heading.default\">\n\t\t\t\t<div class=\"elementor-widget-container\">\n\t\t\t\t\t<h2 class=\"elementor-heading-title elementor-size-default\">Teixint un futur sostenible<\/h2>\t\t\t\t<\/div>\n\t\t\t\t<\/div>\n\t\t\t\t<div class=\"elementor-element elementor-element-0bc9a73 elementor-widget__width-initial elementor-widget-mobile__width-inherit elementor-widget-tablet__width-inherit elementor-widget elementor-widget-text-editor\" data-id=\"0bc9a73\" data-element_type=\"widget\" data-e-type=\"widget\" data-widget_type=\"text-editor.default\">\n\t\t\t\t<div class=\"elementor-widget-container\">\n\t\t\t\t\t\t\t\t\t<p class=\"p1\">La sostenibilitat est\u00e0 entrella\u00e7ada a l'ADN de TEXSILK. Durant segles, com a fabricant t\u00e8xtil, hem innovat per minimitzar els residus i els impactes. Creiem que la salut del planeta i la salut de les empreses van de la m\u00e0.<\/p><p class=\"p1\">La nostra fabricaci\u00f3 funciona amb electricitat 100% renovable, incloent l'energia solar que subministra m\u00e9s del 30% de les nostres necessitats. Reciclem o reutilitzem totes les restes de teixit com a mat\u00e8ria primera per a nous t\u00e8xtils. Els productes al final de la seva vida \u00fatil es reciclen per convertir-se en nous actius.<\/p><p class=\"p1\">Busquem constantment formes per millorar l'efici\u00e8ncia en les nostres operacions. Les inversions en noves tecnologies ens ajuden a reduir el consum d'energia, l'\u00fas d'aigua i els residus.<\/p><p class=\"p1\">Per\u00f2 la sostenibilitat va m\u00e9s enll\u00e0 de les iniciatives: \u00e9s una mentalitat inculcada en el nostre equip. Avaluem constantment com millorar els processos, els materials i les relacions per al benefici de tots.<\/p><p class=\"p1\">Al combinar t\u00e8cniques tradicionals amb una visi\u00f3 de futur, TEXSILK t\u00e9 com a objectiu pujar el nivell de tota la ind\u00fastria t\u00e8xtil. Els teixits que imaginem avui donaran forma a un futur m\u00e9s brillant.<\/p>\t\t\t\t\t\t\t\t<\/div>\n\t\t\t\t<\/div>\n\t\t\t\t<div class=\"elementor-element elementor-element-e31c733 elementor-widget__width-initial elementor-widget-mobile__width-inherit elementor-widget-tablet__width-inherit elementor-widget elementor-widget-image\" data-id=\"e31c733\" data-element_type=\"widget\" data-e-type=\"widget\" data-widget_type=\"image.default\">\n\t\t\t\t<div class=\"elementor-widget-container\">\n\t\t\t\t\t\t\t\t\t\t\t\t\t\t\t<img decoding=\"async\" width=\"544\" height=\"389\" src=\"https:\/\/texsilk.eu\/wp-content\/uploads\/2023\/10\/About_us_foto-544x389.jpg\" class=\"attachment-large size-large wp-image-2260\" alt=\"\" srcset=\"https:\/\/texsilk.eu\/wp-content\/uploads\/2023\/10\/About_us_foto-544x389.jpg 544w, https:\/\/texsilk.eu\/wp-content\/uploads\/2023\/10\/About_us_foto-380x272.jpg 380w, https:\/\/texsilk.eu\/wp-content\/uploads\/2023\/10\/About_us_foto.jpg 763w\" sizes=\"(max-width: 544px) 100vw, 544px\" \/>\t\t\t\t\t\t\t\t\t\t\t\t\t\t\t<\/div>\n\t\t\t\t<\/div>\n\t\t\t\t\t<\/div>\n\t\t\t\t<\/div>\n\t\t\t\t<\/div>","protected":false},"excerpt":{"rendered":"<p>For over two centuries, Texsilk has crafted premier woven fabrics from our home in the foothills of Montserrat, 60 kilometers outside Barcelona. Our rich heritage dates back to 1820 when we first woven narrow fabrics, and continues today under the guidance of Marc Ponsa Prat, the 7th generation of family ownership. Throughout two centuries of [&hellip;]<\/p>\n","protected":false},"author":1,"featured_media":0,"parent":0,"menu_order":0,"comment_status":"closed","ping_status":"closed","template":"","meta":{"footnotes":""},"class_list":["post-1083","page","type-page","status-publish","hentry"],"_links":{"self":[{"href":"https:\/\/texsilk.eu\/ca\/wp-json\/wp\/v2\/pages\/1083","targetHints":{"allow":["GET"]}}],"collection":[{"href":"https:\/\/texsilk.eu\/ca\/wp-json\/wp\/v2\/pages"}],"about":[{"href":"https:\/\/texsilk.eu\/ca\/wp-json\/wp\/v2\/types\/page"}],"author":[{"embeddable":true,"href":"https:\/\/texsilk.eu\/ca\/wp-json\/wp\/v2\/users\/1"}],"replies":[{"embeddable":true,"href":"https:\/\/texsilk.eu\/ca\/wp-json\/wp\/v2\/comments?post=1083"}],"version-history":[{"count":3,"href":"https:\/\/texsilk.eu\/ca\/wp-json\/wp\/v2\/pages\/1083\/revisions"}],"predecessor-version":[{"id":4195,"href":"https:\/\/texsilk.eu\/ca\/wp-json\/wp\/v2\/pages\/1083\/revisions\/4195"}],"wp:attachment":[{"href":"https:\/\/texsilk.eu\/ca\/wp-json\/wp\/v2\/media?parent=1083"}],"curies":[{"name":"wp","href":"https:\/\/api.w.org\/{rel}","templated":true}]}}