{"id":1049,"date":"2022-12-15T11:50:50","date_gmt":"2022-12-15T10:50:50","guid":{"rendered":"https:\/\/texsilk.eu\/?page_id=1049"},"modified":"2023-11-09T12:58:37","modified_gmt":"2023-11-09T11:58:37","slug":"contact","status":"publish","type":"page","link":"https:\/\/texsilk.eu\/ca\/contact\/","title":{"rendered":"Contacte"},"content":{"rendered":"<div data-elementor-type=\"wp-page\" data-elementor-id=\"1049\" class=\"elementor elementor-1049\" data-elementor-post-type=\"page\">\n\t\t\t\t<div class=\"elementor-element elementor-element-5e68d25 e-flex e-con-boxed e-con e-parent\" data-id=\"5e68d25\" data-element_type=\"container\" data-e-type=\"container\">\n\t\t\t\t\t<div class=\"e-con-inner\">\n\t\t\t\t<div class=\"elementor-element elementor-element-f9d3eaf elementor-widget__width-inherit elementor-widget elementor-widget-heading\" data-id=\"f9d3eaf\" data-element_type=\"widget\" data-e-type=\"widget\" data-widget_type=\"heading.default\">\n\t\t\t\t<div class=\"elementor-widget-container\">\n\t\t\t\t\t<h2 class=\"elementor-heading-title elementor-size-default\">Connecta amb les teves solucions de teixit<\/h2>\t\t\t\t<\/div>\n\t\t\t\t<\/div>\n\t\t\t\t<div class=\"elementor-element elementor-element-e5f10c8 elementor-widget__width-initial elementor-widget-mobile__width-inherit elementor-widget elementor-widget-text-editor\" data-id=\"e5f10c8\" data-element_type=\"widget\" data-e-type=\"widget\" data-widget_type=\"text-editor.default\">\n\t\t\t\t<div class=\"elementor-widget-container\">\n\t\t\t\t\t\t\t\t\t<p class=\"p1\">A TEXSILK, ens especialitzem en teixits d'alt rendiment per a fabricants de productes i mobles d\u2019exterior. Els nostres materials estan optimitzats per servir a marques que produeixen:<\/p><p class=\"p1\">\u2013 Para-sols<br \/>\u2013 Coixins<br \/>\u2013 Paraig\u00fces<br \/>P\u00e8rgoles<br \/>\u2013 Mobles entapissats<br \/>\u2013 Coixins i fundes n\u00e0utiques<br \/>\u2013 Gandules\/sof\u00e0s<br \/>\u2013 Coixins<br \/>\u2013 Puffs<br \/>\u2013 Chaise longs<br \/>\u2013 Cadires de despatx<br \/>\u2013 Tendals<\/p>\t\t\t\t\t\t\t\t<\/div>\n\t\t\t\t<\/div>\n\t\t\t\t<div class=\"elementor-element elementor-element-f48679d elementor-widget__width-initial elementor-widget-mobile__width-inherit elementor-widget elementor-widget-text-editor\" data-id=\"f48679d\" data-element_type=\"widget\" data-e-type=\"widget\" data-widget_type=\"text-editor.default\">\n\t\t\t\t<div class=\"elementor-widget-container\">\n\t\t\t\t\t\t\t\t\t<p class=\"p1\">Si fabriqueu algun d'aquests articles, no dubteu a posar-vos en contacte amb nosaltres.\nVolem con\u00e8ixer els vostres reptes i requisits de fabricaci\u00f3. El nostre equip est\u00e0 preparat per escoltar-vos, comprendre les vostres necessitats i proporcionar-vos solucions \u00fatils.<\/p><p class=\"p1\">Ens enorgulleix ser accessibles. Sense pressi\u00f3 de vendes ni obligacions. El nostre objectiu \u00e9s simplement determinar com els teixits de TEXSILK poden aportar valor als seus productes.<\/p><p class=\"p1\">Poseu-vos en contacte amb nosaltres: envieu-nos un missatge explicant les vostres necessitats o truqueu-nos. Rebreu una resposta honesta i considerada del nostre equip, que realment es preocupa per formar relacions duradores, per les dues bandes. El nostre objectiu \u00e9s col\u00b7laborar i plegats construir un futur millor. Poseu-vos en contacte amb nosaltres; ens alegrar\u00e0 iniciar una conversa.<\/p>\t\t\t\t\t\t\t\t<\/div>\n\t\t\t\t<\/div>\n\t\t\t\t<div class=\"elementor-element elementor-element-76fa083 elementor-widget elementor-widget-google_maps\" data-id=\"76fa083\" data-element_type=\"widget\" data-e-type=\"widget\" data-widget_type=\"google_maps.default\">\n\t\t\t\t<div class=\"elementor-widget-container\">\n\t\t\t\t\t\t\t<div class=\"elementor-custom-embed\">\n\t\t\t<iframe loading=\"lazy\"\n\t\t\t\t\tsrc=\"https:\/\/maps.google.com\/maps?q=Etisilk%2C%20S.A.&#038;t=m&#038;z=14&#038;output=embed&#038;iwloc=near\"\n\t\t\t\t\ttitle=\"Etisilk, S.A.\"\n\t\t\t\t\taria-label=\"Etisilk, S.A.\"\n\t\t\t><\/iframe>\n\t\t<\/div>\n\t\t\t\t\t\t<\/div>\n\t\t\t\t<\/div>\n\t\t<div class=\"elementor-element elementor-element-f64263d e-con-full e-flex e-con e-child\" data-id=\"f64263d\" data-element_type=\"container\" data-e-type=\"container\" data-settings=\"{&quot;background_background&quot;:&quot;classic&quot;}\">\n\t\t\t\t<div class=\"elementor-element elementor-element-0cc8006 elementor-widget__width-initial elementor-widget-mobile__width-inherit elementor-widget-tablet__width-initial elementor-widget elementor-widget-heading\" data-id=\"0cc8006\" data-element_type=\"widget\" data-e-type=\"widget\" data-widget_type=\"heading.default\">\n\t\t\t\t<div class=\"elementor-widget-container\">\n\t\t\t\t\t<h2 class=\"elementor-heading-title elementor-size-default\">Etisilk, S.A.<\/h2>\t\t\t\t<\/div>\n\t\t\t\t<\/div>\n\t\t\t\t<div class=\"elementor-element elementor-element-1657ab2 elementor-widget__width-initial elementor-widget-mobile__width-inherit elementor-widget-tablet__width-initial elementor-widget elementor-widget-heading\" data-id=\"1657ab2\" data-element_type=\"widget\" data-e-type=\"widget\" data-widget_type=\"heading.default\">\n\t\t\t\t<div class=\"elementor-widget-container\">\n\t\t\t\t\t<h2 class=\"elementor-heading-title elementor-size-default\">Ctra. Manresa Igualada km 3\n08253 Sant Salvador de Guardiola\nBarcelona, Spain<\/h2>\t\t\t\t<\/div>\n\t\t\t\t<\/div>\n\t\t\t\t<div class=\"elementor-element elementor-element-ec3a221 elementor-widget__width-initial elementor-widget-mobile__width-inherit elementor-widget-tablet__width-initial elementor-widget elementor-widget-heading\" data-id=\"ec3a221\" data-element_type=\"widget\" data-e-type=\"widget\" data-widget_type=\"heading.default\">\n\t\t\t\t<div class=\"elementor-widget-container\">\n\t\t\t\t\t<h2 class=\"elementor-heading-title elementor-size-default\"><a href=\"tel:+34938358037\">T. (+34) 938 358 037<\/a><\/h2>\t\t\t\t<\/div>\n\t\t\t\t<\/div>\n\t\t\t\t<div class=\"elementor-element elementor-element-00b07a8 elementor-widget__width-initial elementor-widget-mobile__width-inherit elementor-widget-tablet__width-initial elementor-widget elementor-widget-heading\" data-id=\"00b07a8\" data-element_type=\"widget\" data-e-type=\"widget\" data-widget_type=\"heading.default\">\n\t\t\t\t<div class=\"elementor-widget-container\">\n\t\t\t\t\t<h2 class=\"elementor-heading-title elementor-size-default\"><a href=\"mailto:texsilk@texsilk.eu\">texsilk@texsilk.eu<\/a><\/h2>\t\t\t\t<\/div>\n\t\t\t\t<\/div>\n\t\t\t\t<\/div>\n\t\t\t\t\t<\/div>\n\t\t\t\t<\/div>\n\t\t\t\t<\/div>","protected":false},"excerpt":{"rendered":"<p>Connecting with your fabric solutions At Texsilk, we specialize in performance fabrics for manufacturers of outdoor products and furnishings. Our materials are optimized to serve brands producing: &#8211; Sunshades&#8211; Pillows&#8211; Parasols&#8211; Shade Sails&#8211; Upholstered furniture&#8211; Marine cushions and covers&#8211; Sun Beds\/Day Beds&#8211; Cushions&#8211; Bean Bags&#8211; Chaise Longs&#8211; Director chairs&#8211; Pergolas &amp; Canopies&#8230; If you manufacture [&hellip;]<\/p>\n","protected":false},"author":1,"featured_media":0,"parent":0,"menu_order":0,"comment_status":"closed","ping_status":"closed","template":"","meta":{"footnotes":""},"class_list":["post-1049","page","type-page","status-publish","hentry"],"_links":{"self":[{"href":"https:\/\/texsilk.eu\/ca\/wp-json\/wp\/v2\/pages\/1049","targetHints":{"allow":["GET"]}}],"collection":[{"href":"https:\/\/texsilk.eu\/ca\/wp-json\/wp\/v2\/pages"}],"about":[{"href":"https:\/\/texsilk.eu\/ca\/wp-json\/wp\/v2\/types\/page"}],"author":[{"embeddable":true,"href":"https:\/\/texsilk.eu\/ca\/wp-json\/wp\/v2\/users\/1"}],"replies":[{"embeddable":true,"href":"https:\/\/texsilk.eu\/ca\/wp-json\/wp\/v2\/comments?post=1049"}],"version-history":[{"count":0,"href":"https:\/\/texsilk.eu\/ca\/wp-json\/wp\/v2\/pages\/1049\/revisions"}],"wp:attachment":[{"href":"https:\/\/texsilk.eu\/ca\/wp-json\/wp\/v2\/media?parent=1049"}],"curies":[{"name":"wp","href":"https:\/\/api.w.org\/{rel}","templated":true}]}}